{"id":9,"date":"2022-08-16T14:00:22","date_gmt":"2022-08-16T14:00:22","guid":{"rendered":"https:\/\/billed-bibel-samtale.dk\/?page_id=9"},"modified":"2023-02-20T09:29:07","modified_gmt":"2023-02-20T08:29:07","slug":"paaske","status":"publish","type":"page","link":"https:\/\/billed-bibel-samtale.dk\/?page_id=9","title":{"rendered":"P\u00e5ske"},"content":{"rendered":"\n<figure class=\"wp-block-image size-large\"><img loading=\"lazy\" decoding=\"async\" width=\"451\" height=\"1024\" src=\"https:\/\/billed-bibel-samtale.dk\/wp-content\/uploads\/2022\/08\/Paaske_ROLLUPP_2048-451x1024.jpg\" alt=\"P\u00e5skebanner\" class=\"wp-image-13\" srcset=\"https:\/\/billed-bibel-samtale.dk\/wp-content\/uploads\/2022\/08\/Paaske_ROLLUPP_2048-451x1024.jpg 451w, https:\/\/billed-bibel-samtale.dk\/wp-content\/uploads\/2022\/08\/Paaske_ROLLUPP_2048-132x300.jpg 132w, https:\/\/billed-bibel-samtale.dk\/wp-content\/uploads\/2022\/08\/Paaske_ROLLUPP_2048-768x1746.jpg 768w, https:\/\/billed-bibel-samtale.dk\/wp-content\/uploads\/2022\/08\/Paaske_ROLLUPP_2048-676x1536.jpg 676w, https:\/\/billed-bibel-samtale.dk\/wp-content\/uploads\/2022\/08\/Paaske_ROLLUPP_2048.jpg 901w\" sizes=\"auto, (max-width: 451px) 100vw, 451px\" \/><\/figure>\n\n\n\n<p style=\"font-size:24px\"><strong>Forslag til anvendelse af p\u00e5skebanneret:<\/strong><\/p>\n\n\n\n<p>Forslagene til anvendelse tager udgangspunkt i f\u00f8lgende kategorier: Fort\u00e6llingen, g\u00e5 p\u00e5 opdagelse, viden, symboler, fortolkning og undren. Anvendelsen afh\u00e6nger selvf\u00f8lgelig af b\u00f8rnenes alder. Se eventuelt ogs\u00e5 metoden vedr\u00f8rende \u201cDet undrende f\u00e6llesskab\u201d i B\u00f8rnetjenestens materiale side 24-36.<\/p>\n\n\n\n<p><strong>B\u00f8rn:<\/strong><\/p>\n\n\n\n<ul class=\"wp-block-list\">\n<li>Som baggrund, n\u00e5r p\u00e5skeberetningen fort\u00e6lles.<\/li>\n\n\n\n<li>Fors\u00f8g at pege p\u00e5 billederne, mens beretningen l\u00e6ses op.<\/li>\n\n\n\n<li>Hvem er personerne p\u00e5 billederne?<\/li>\n\n\n\n<li>Hvad ved I om personerne?<\/li>\n\n\n\n<li>Fort\u00e6l alt I ved om et af billederne.<\/li>\n\n\n\n<li>Fors\u00f8g at fort\u00e6lle hele historien.<\/li>\n\n\n\n<li>Hvordan fort\u00e6ller de forskellige b\u00f8rnebibler historien?<\/li>\n\n\n\n<li>G\u00e5 p\u00e5 opdagelse i p\u00e5skebanneret.<\/li>\n\n\n\n<li>Kan I finde en engel, et lam, en hane, et br\u00f8d, noget vin, en tornekrone, &#8230;?<\/li>\n\n\n\n<li>Hvorfor er der p\u00e5skeliljer p\u00e5 banneret?<\/li>\n\n\n\n<li>Hvem er personerne?<\/li>\n\n\n\n<li>Hvad ved I om Barabbas?<\/li>\n\n\n\n<li>Hvad er et symbol?<\/li>\n\n\n\n<li>Hvilke symboler er der p\u00e5 banneret og hvad betyder de?<\/li>\n<\/ul>\n\n\n\n<p><strong>Konfirmander og unge:<\/strong><\/p>\n\n\n\n<ul class=\"wp-block-list\">\n<li>Som baggrund, n\u00e5r p\u00e5skeberetningen fort\u00e6lles.<\/li>\n\n\n\n<li>Fort\u00e6l p\u00e5skeberetningen med jeres egne ord. Anvend billederne i fort\u00e6llingen. Fik I det hele med, eller mangler der noget?<\/li>\n\n\n\n<li>V\u00e6lg p\u00e5 skift et billede og fort\u00e6l alt, I ved om billedet.<\/li>\n\n\n\n<li>Hvad er et symbol? Hvilke symboler, kan I finde og hvad betyder de?<\/li>\n\n\n\n<li>Hvilke salmer kender I, som knytter sig til p\u00e5skeliljen, lammet, tornekronen osv.?<\/li>\n\n\n\n<li>Kan man synge hele p\u00e5skeberetningen?<\/li>\n\n\n\n<li>Hvilken betydning har p\u00e5skeberetningen?<\/li>\n\n\n\n<li>Er det sket i virkeligheden eller\u2026?<\/li>\n\n\n\n<li>Er der noget, I synes er m\u00e6rkeligt, eller som I undrer jer over?<\/li>\n\n\n\n<li>Hvordan vil I selv illustrere og fortolke historien?<\/li>\n\n\n\n<li>Kan I finde kunstbilleder, der illustrerer p\u00e5skeberetningen, og hvilken forskel g\u00f8r det? <a href=\"https:\/\/billed-bibel-samtale.dk\/?page_id=807\" data-type=\"page\" data-id=\"807\">Se siden med Nyttige Links<\/a><\/li>\n<\/ul>\n\n\n\n<p><strong>Voksne:<\/strong><\/p>\n\n\n\n<ul class=\"wp-block-list\">\n<li>Som udsmykning eller baggrund ved andagter og gudstjenester p\u00e5 plejehjem og sygehuse.<\/li>\n\n\n\n<li>Som udsmykning i sogneg\u00e5rde, v\u00e5benhuse og kirker til p\u00e5ske.<\/li>\n\n\n\n<li>I m\u00f8det mellem b\u00f8rn og voksne i p\u00e5sken, hvor der er mulighed for samtale.<\/li>\n\n\n\n<li>I kirken i forbindelse med pr\u00e6dikenen.<\/li>\n<\/ul>\n\n\n\n<p>En historie kan fort\u00e6lles p\u00e5 mange m\u00e5der. B\u00e5de af b\u00f8rnene selv og gennem forskellige bibelovers\u00e6ttelser og salmer. B\u00f8rnene kan m\u00f8de bannerne\/billedfort\u00e6llingerne igen ved andre begivenheder i kirken.<\/p>\n\n\n\n<hr class=\"wp-block-separator has-alpha-channel-opacity\"\/>\n\n\n\n<p style=\"font-size:24px\"><strong>Forslag til salmer og bibeltekster.<\/strong><\/p>\n\n\n\n<p>Vi har lavet nogle forslag til salmer og bibeltekster i relation til p\u00e5skebanneret. Det er kun forslag, andre muligheder findes, men det giver forh\u00e5bentlig et overblik. Forslag til salmer kan downloades fra denne side: <a href=\"https:\/\/billed-bibel-samtale.dk\/?page_id=408\" data-type=\"page\" data-id=\"408\">Se siden med salmer og sange<\/a><br>Tekstforslag kan downloades fra denne side: <a href=\"https:\/\/billed-bibel-samtale.dk\/?page_id=489\" data-type=\"page\" data-id=\"489\">Se siden med tekstforslag<\/a><\/p>\n\n\n\n<figure class=\"wp-block-image size-large\"><img loading=\"lazy\" decoding=\"async\" width=\"1024\" height=\"181\" src=\"https:\/\/billed-bibel-samtale.dk\/wp-content\/uploads\/2022\/08\/Paaske_Salmer-1024x181.jpg\" alt=\"Eksempel p\u00e5 forslag til salmer og tekster vedr\u00f8rende p\u00e5ske\" class=\"wp-image-99\" srcset=\"https:\/\/billed-bibel-samtale.dk\/wp-content\/uploads\/2022\/08\/Paaske_Salmer-1024x181.jpg 1024w, https:\/\/billed-bibel-samtale.dk\/wp-content\/uploads\/2022\/08\/Paaske_Salmer-300x53.jpg 300w, https:\/\/billed-bibel-samtale.dk\/wp-content\/uploads\/2022\/08\/Paaske_Salmer-768x136.jpg 768w, https:\/\/billed-bibel-samtale.dk\/wp-content\/uploads\/2022\/08\/Paaske_Salmer.jpg 1252w\" sizes=\"auto, (max-width: 1024px) 100vw, 1024px\" \/><figcaption class=\"wp-element-caption\"><em>Eksempel p\u00e5 forslag.<\/em><\/figcaption><\/figure>\n\n\n\n<hr class=\"wp-block-separator has-alpha-channel-opacity\"\/>\n\n\n\n<p style=\"font-size:24px\"><strong>Tegninger til farvel\u00e6gning og opgaver til b\u00f8rnene<\/strong>.<\/p>\n\n\n\n<p>Til hvert banner leverer vi tegninger til farvel\u00e6gning fra motiverne p\u00e5 banneret. Der kommer ogs\u00e5 en h\u00e5ndfuld opgaver vedr\u00f8rende temaet. Tegningerne kan anvendes som b\u00f8rneaktivitet under gudstjenester, ved b\u00f8rnehj\u00f8rner og til b\u00f8rnekonfirmander med mere.  <a href=\"https:\/\/billed-bibel-samtale.dk\/?page_id=657\" data-type=\"page\" data-id=\"657\">Se siden med tegninger<\/a><br>Tegninger leveres p\u00e5 USB-stik sammen med banneret. Nedenfor vises nogle f\u00e5 eksempler.<\/p>\n\n\n\n<figure class=\"wp-block-image size-full\"><img loading=\"lazy\" decoding=\"async\" width=\"1024\" height=\"208\" src=\"https:\/\/billed-bibel-samtale.dk\/wp-content\/uploads\/2022\/08\/Overview_paaske_small.jpg\" alt=\"Eksempler p\u00e5 tegninger til farvel\u00e6gning vedr\u00f8rende p\u00e5ske.\" class=\"wp-image-19\" srcset=\"https:\/\/billed-bibel-samtale.dk\/wp-content\/uploads\/2022\/08\/Overview_paaske_small.jpg 1024w, https:\/\/billed-bibel-samtale.dk\/wp-content\/uploads\/2022\/08\/Overview_paaske_small-300x61.jpg 300w, https:\/\/billed-bibel-samtale.dk\/wp-content\/uploads\/2022\/08\/Overview_paaske_small-768x156.jpg 768w\" sizes=\"auto, (max-width: 1024px) 100vw, 1024px\" \/><figcaption class=\"wp-element-caption\"><em>Eksempler p\u00e5 tegninger til p\u00e5ske.<\/em><\/figcaption><\/figure>\n\n\n\n<hr class=\"wp-block-separator has-alpha-channel-opacity\"\/>\n\n\n\n<p style=\"font-size:24px\"><strong>Fotos til brug for B\u00f8rnetjenesten til p\u00e5ske.<\/strong><\/p>\n\n\n\n<p>Til anvendelse ved hver af de tre h\u00f8jtider stiller vi nogle fotos til r\u00e5dighed. Det er et supplement til B\u00f8rnetjenestens billeder. Billederne kan frit og gratis anvendes indenfor kirkelige aktiviteter \u2026\u2026.<br>Du kan f\u00e5 et overblik over alle fotos p\u00e5 denne side: <a href=\"https:\/\/billed-bibel-samtale.dk\/?page_id=320\" data-type=\"page\" data-id=\"320\">Se siden med fotos<\/a><\/p>\n\n\n\n<figure class=\"wp-block-image size-full\"><img loading=\"lazy\" decoding=\"async\" width=\"1024\" height=\"175\" src=\"https:\/\/billed-bibel-samtale.dk\/wp-content\/uploads\/2022\/08\/Paaske_Overview_Small.jpg\" alt=\"Eksempler p\u00e5 fotos til B\u00f8rnetjenesten vedr\u00f8rende p\u00e5ske.\" class=\"wp-image-25\" srcset=\"https:\/\/billed-bibel-samtale.dk\/wp-content\/uploads\/2022\/08\/Paaske_Overview_Small.jpg 1024w, https:\/\/billed-bibel-samtale.dk\/wp-content\/uploads\/2022\/08\/Paaske_Overview_Small-300x51.jpg 300w, https:\/\/billed-bibel-samtale.dk\/wp-content\/uploads\/2022\/08\/Paaske_Overview_Small-768x131.jpg 768w\" sizes=\"auto, (max-width: 1024px) 100vw, 1024px\" \/><figcaption class=\"wp-element-caption\"><em>Eksempler p\u00e5 fotos til p\u00e5ske<\/em>.<\/figcaption><\/figure>\n\n\n\n<hr class=\"wp-block-separator has-alpha-channel-opacity is-style-wide\"\/>\n\n\n\n<div class=\"wp-block-media-text alignwide\" style=\"grid-template-columns:15% auto\"><figure class=\"wp-block-media-text__media\"><img loading=\"lazy\" decoding=\"async\" width=\"250\" height=\"107\" src=\"https:\/\/billed-bibel-samtale.dk\/wp-content\/uploads\/2023\/01\/logo-250.jpg\" alt=\"\" class=\"wp-image-915 size-full\"\/><\/figure><div class=\"wp-block-media-text__content\">\n<p>Links til forskellige sider:<br><a href=\"https:\/\/billed-bibel-samtale.dk\/\">Forside<\/a> \/ <a href=\"https:\/\/billed-bibel-samtale.dk\/?page_id=62\">Jul<\/a> &#8211; <a href=\"https:\/\/billed-bibel-samtale.dk\/?page_id=9\">P\u00e5ske<\/a> &#8211; <a href=\"https:\/\/billed-bibel-samtale.dk\/?page_id=30\">Pinse<\/a> &#8211; <a href=\"https:\/\/billed-bibel-samtale.dk\/?page_id=119\">D\u00e5b<\/a> &#8211; <a href=\"https:\/\/billed-bibel-samtale.dk\/?page_id=856\">Fadervor<\/a> \/ <a href=\"https:\/\/billed-bibel-samtale.dk\/?page_id=408\">Salmer og sange<\/a> &#8211; <a href=\"https:\/\/billed-bibel-samtale.dk\/?page_id=529\">Noder<\/a> &#8211; <a href=\"https:\/\/billed-bibel-samtale.dk\/?page_id=489\">Tekster<\/a> &#8211; <a href=\"https:\/\/billed-bibel-samtale.dk\/?page_id=657\">Tegninger<\/a> &#8211; <a href=\"https:\/\/billed-bibel-samtale.dk\/?page_id=320\">Fotos<\/a> \/ <a href=\"https:\/\/billed-bibel-samtale.dk\/?page_id=807\">Nyttige Links<\/a> &#8211; <a href=\"https:\/\/billed-bibel-samtale.dk\/?page_id=153\">Erfaringer<\/a> &#8211; <a href=\"https:\/\/billed-bibel-samtale.dk\/?page_id=128\">Om billed-bibel-samtale\u2026<\/a> &#8211; <a href=\"https:\/\/billed-bibel-samtale.dk\/?page_id=56\">Kontakt os<\/a><\/p>\n<\/div><\/div>\n","protected":false},"excerpt":{"rendered":"<p>Forslag til anvendelse af p\u00e5skebanneret: Forslagene til anvendelse tager udgangspunkt i f\u00f8lgende kategorier: Fort\u00e6llingen, g\u00e5 p\u00e5 opdagelse, viden, symboler, fortolkning<\/p>\n<p><a href=\"https:\/\/billed-bibel-samtale.dk\/?page_id=9\" class=\"more-link\">Continue reading<span class=\"screen-reader-text\">P\u00e5ske<\/span><\/a><\/p>\n","protected":false},"author":1,"featured_media":0,"parent":0,"menu_order":2,"comment_status":"closed","ping_status":"closed","template":"templates\/full-width-page.php","meta":{"footnotes":""},"class_list":["post-9","page","type-page","status-publish","hentry"],"_links":{"self":[{"href":"https:\/\/billed-bibel-samtale.dk\/index.php?rest_route=\/wp\/v2\/pages\/9","targetHints":{"allow":["GET"]}}],"collection":[{"href":"https:\/\/billed-bibel-samtale.dk\/index.php?rest_route=\/wp\/v2\/pages"}],"about":[{"href":"https:\/\/billed-bibel-samtale.dk\/index.php?rest_route=\/wp\/v2\/types\/page"}],"author":[{"embeddable":true,"href":"https:\/\/billed-bibel-samtale.dk\/index.php?rest_route=\/wp\/v2\/users\/1"}],"replies":[{"embeddable":true,"href":"https:\/\/billed-bibel-samtale.dk\/index.php?rest_route=%2Fwp%2Fv2%2Fcomments&post=9"}],"version-history":[{"count":33,"href":"https:\/\/billed-bibel-samtale.dk\/index.php?rest_route=\/wp\/v2\/pages\/9\/revisions"}],"predecessor-version":[{"id":1079,"href":"https:\/\/billed-bibel-samtale.dk\/index.php?rest_route=\/wp\/v2\/pages\/9\/revisions\/1079"}],"wp:attachment":[{"href":"https:\/\/billed-bibel-samtale.dk\/index.php?rest_route=%2Fwp%2Fv2%2Fmedia&parent=9"}],"curies":[{"name":"wp","href":"https:\/\/api.w.org\/{rel}","templated":true}]}}