{"id":807,"date":"2023-01-09T10:43:31","date_gmt":"2023-01-09T09:43:31","guid":{"rendered":"https:\/\/billed-bibel-samtale.dk\/?page_id=807"},"modified":"2026-04-15T15:57:06","modified_gmt":"2026-04-15T13:57:06","slug":"nyttige-links","status":"publish","type":"page","link":"https:\/\/billed-bibel-samtale.dk\/?page_id=807","title":{"rendered":"Nyttige Links"},"content":{"rendered":"\n<p>Her er en oversigt over nyttige links, hvis du gerne vil finde yderligere ressourcer, materialer og lignende til brug i arbejdet. <\/p>\n\n\n\n<p style=\"font-size:24px\"><strong>Generelt<\/strong><\/p>\n\n\n\n<ul class=\"wp-block-list\">\n<li><a rel=\"noreferrer noopener\" href=\"https:\/\/www.konfirmandcenter.dk\/\" target=\"_blank\">konfirmandcenter.dk<\/a> &#8211; Her kan du finde b\u00e5de inspiration, flere materialer og gode id\u00e9er. [Folkekirkens Uddannelses- og Videncenter]<\/li>\n\n\n\n<li><a rel=\"noreferrer noopener\" href=\"https:\/\/soendagsskoler.dk\/formidling\" target=\"_blank\">soendagsskoler.dk<\/a> &#8211; Har mange id\u00e9er, inspiration og materialer til flere aldre. [Danmarks Folkekirkelige S\u00f8ndagsskoler]<\/li>\n\n\n\n<li>P\u00e5 <a rel=\"noreferrer noopener\" href=\"https:\/\/bornikirken.dk\/\" target=\"_blank\">bornikirken.dk<\/a> kan du finde b\u00f8nner, sange og salmer med fagter og bev\u00e6gelse, bibelhistorier og masser af billeder og illustrationer, som du frit kan hente. Der er ligeledes en blog med viden, nyheder og konkrete erfaringer fra arbejdet med b\u00f8rn i folkekirken. [K\u00f8benhavns Stift og Frederiksberg Provsti]<\/li>\n\n\n\n<li>P\u00e5 <a rel=\"noreferrer noopener\" href=\"https:\/\/www.bornogtro.dk\/\" target=\"_blank\">bornogtro.dk<\/a> findes b\u00e5de inspiration, kurser og gratis materialer. [B\u00f8rn og Tro er en tv\u00e6rkirkelig organisation]<\/li>\n\n\n\n<li><a rel=\"noreferrer noopener\" href=\"https:\/\/legekasse.dk\/index.php?id=1\" target=\"_blank\">legekasse.dk<\/a> har hundredevis af gratis lege, l\u00f8b og kreative aktitviteter. [Danmarks Folkekirkelige S\u00f8ndagsskoler]<\/li>\n\n\n\n<li><a rel=\"noreferrer noopener\" href=\"https:\/\/www.kirken-underviser.dk\/\" target=\"_blank\">kirken-underviser.dk<\/a> er et gratis netmagasin, der behandler emner inden for den kirkelige undervisning.  [Folkekirkens Uddannelses- og Videncenter]<\/li>\n\n\n\n<li>I vort naboland Norge er de ogs\u00e5 kommet langt med forskellige muligheder og ressourcer &#8211; du kan f\u00e5 lidt inspiration ved at se p\u00e5 f\u00f8lgende: <a rel=\"noreferrer noopener\" href=\"http:\/\/ressursbanken.kirken.no\" target=\"_blank\">ressursbanken.kirken.<\/a> [Den norske kirke]<\/li>\n<\/ul>\n\n\n\n<hr class=\"wp-block-separator has-alpha-channel-opacity\"\/>\n\n\n\n<p style=\"font-size:24px\"><strong>Skole-Kirke Tjenester<\/strong><\/p>\n\n\n\n<ul class=\"wp-block-list\">\n<li><a href=\"https:\/\/www.folkekirkensskoletjeneste.dk\/find-din-skoletjeneste\" target=\"_blank\" rel=\"noreferrer noopener\">folkekirkensskoletjeneste.dk<\/a> &#8211; Oversigt med links til Folkekirkens Skoletjenester.<\/li>\n\n\n\n<li><a href=\"https:\/\/skoletjenesten.dk\/skole-kirke-tjenesten\" target=\"_blank\" rel=\"noreferrer noopener\">skoletjenesten.dk<\/a> &#8211; Skole-Kirke Tjenesten p\u00e5 Skoletjenesten, videncenter for eksterne l\u00e6ringsmilj\u00f8er.<\/li>\n\n\n\n<li><a href=\"http:\/\/paakant.dk\" target=\"_blank\" rel=\"noreferrer noopener\">paakant.dk<\/a> &#8211; Projektet &#8220;P\u00e5 kant med Kierkegaard&#8221; er udviklet af Landsnetv\u00e6rket af Folkekirkelige Skoletjenester i anledning af 200-\u00e5ret for Kierkegaards f\u00f8dsel i 2013.<\/li>\n\n\n\n<li><a href=\"https:\/\/re-formation.dk\/\" target=\"_blank\" rel=\"noreferrer noopener\">re-formation.dk<\/a> &#8211; Projektet &#8220;Re:formation &#8211; teser, tro og tvivl&#8221; er udviklet af Landsnetv\u00e6rket af Folkekirkelige Skoletjenester i anledning af 500-\u00e5ret for Luther&#8217;s 95 teser.<\/li>\n\n\n\n<li><a href=\"https:\/\/kk44silkeborg.wixsite.com\/grevensfejde\" target=\"_blank\" rel=\"noreferrer noopener\">grevensfejde<\/a> &#8211; Rollespil om reformationen udviklet af KK44 Skoletjenesten i Silkeborg.<\/li>\n<\/ul>\n\n\n\n<hr class=\"wp-block-separator has-alpha-channel-opacity\"\/>\n\n\n\n<p style=\"font-size:24px\"><strong>Kunstsamlinger<\/strong><\/p>\n\n\n\n<ul class=\"wp-block-list\">\n<li><a rel=\"noreferrer noopener\" href=\"https:\/\/open.smk.dk\/\" target=\"_blank\">open.smk.dk<\/a> &#8211; Det er muligt at finde malerier og andre v\u00e6rker til fri brug hos Statens Museum for Kunst.<\/li>\n\n\n\n<li> <a rel=\"noreferrer noopener\" href=\"https:\/\/useum.org\/download-artworks\" target=\"_blank\">useum.org<\/a> er et godt startpunkt, hvor der er links og s\u00f8gemuligheder til flere udenlandske museer, der tilbyder en r\u00e6kke v\u00e6rker til fri anvendelse.<\/li>\n\n\n\n<li>Du kan ogs\u00e5 g\u00e5 direkte til <a rel=\"noreferrer noopener\" href=\"https:\/\/www.metmuseum.org\/art\/collection\/search?showOnly=openAccess&amp;sortBy=AccessionNumberDesc\" target=\"_blank\">Metropolitan Museum of Art<\/a> , <a rel=\"noreferrer noopener\" href=\"https:\/\/www.getty.edu\/art\/collection\/search?open_content=true\" target=\"_blank\">J. Paul Getty Museum<\/a> eller <a rel=\"noreferrer noopener\" href=\"https:\/\/collections.lacma.org\/\" target=\"_blank\">Los Angeles County Museum of Art<\/a>.<\/li>\n<\/ul>\n\n\n\n<hr class=\"wp-block-separator has-alpha-channel-opacity\"\/>\n\n\n\n<p style=\"font-size:24px\"><strong>Salmer, melodier og tekster<\/strong><\/p>\n\n\n\n<ul class=\"wp-block-list\">\n<li>P\u00e5 <a rel=\"noreferrer noopener\" href=\"http:\/\/salmer.dk\" target=\"_blank\">salmer.dk<\/a> finder du over 2100 nye og gamle salmer (og melodier) samt meget ekstra information.<\/li>\n\n\n\n<li>Vedr\u00f8rende &#8220;100 Salmer&#8221; findes der en kommentarudgivelse fra forlaget &#8220;Syng Nyt&#8221; &#8211; den er gratis og kan downloades herfra: <a rel=\"noreferrer noopener\" href=\"https:\/\/www.salmer.dk\/artikelbase\/100-kommentarer-til-salmebogstillaegget-100-salmer-\/1101\" target=\"_blank\">100 kommentarer til 100 Salmer<\/a><\/li>\n\n\n\n<li>P\u00e5 <a rel=\"noreferrer noopener\" href=\"https:\/\/www.dendanskesalmebogonline.dk\/\" target=\"_blank\">dendanskesalmebogonline.dk<\/a> findes gratis tekster og melodier fra salmebogen [Kirkeministeriet]<\/li>\n\n\n\n<li>P\u00e5 <a rel=\"noreferrer noopener\" href=\"https:\/\/www.bibelselskabet.dk\/bibelen-online\" target=\"_blank\">bibelselskabet.dk<\/a> kan du kvit og frit finde bibeltekster online. [Det Danske Bibelselskab]<\/li>\n\n\n\n<li>P\u00e5 <a href=\"http:\/\/nogetmedsalmer.dk\/\" target=\"_blank\" rel=\"noreferrer noopener\">nogetmedsalmer.dk<\/a> er der id\u00e9er og inspiration til babysalmesang.<\/li>\n<\/ul>\n\n\n\n<hr class=\"wp-block-separator has-alpha-channel-opacity\"\/>\n\n\n\n<p style=\"font-size:24px\"><strong>Fotos og tegninger<\/strong><\/p>\n\n\n\n<p>Her er en stribe fotodatabaser, som du kan anvende (hvis ikke det er kommercielt) &#8211; pr\u00f8v at se f\u00f8lgende steder:<\/p>\n\n\n\n<ul class=\"wp-block-list\">\n<li><a rel=\"noreferrer noopener\" href=\"http:\/\/www.freeimages.com\/\" target=\"_blank\">Freeimages.com<\/a> er et sted, hvor der er mange brugbare billeder.<\/li>\n\n\n\n<li><a rel=\"noreferrer noopener\" href=\"https:\/\/pixabay.com\/da\/\" target=\"_blank\">Pixabay.com<\/a> indeholder rigtig mange billeder, dog skal man registrere sig, men efterf\u00f8lgende er der mange muligheder.<\/li>\n\n\n\n<li><a rel=\"noreferrer noopener\" href=\"http:\/\/www.everystockphoto.com\/\" target=\"_blank\">Everystockphoto.com<\/a> En omfattende billeddatabase med mange gratis billeder.<\/li>\n\n\n\n<li><a rel=\"noreferrer noopener\" href=\"http:\/\/www.morguefile.com\/\" target=\"_blank\">Morguefile.com<\/a> P\u00e5 Morguefile er billederne uden rettighedskrav.<\/li>\n\n\n\n<li><a href=\"https:\/\/folkekirkensintranet.dk\/Materialebank\" target=\"_blank\" rel=\"noreferrer noopener\">Folkekirkens Materialebank<\/a> indeholder gratis fotos til anvendelse i folkekirken [Folkekirken]<br><\/li>\n<\/ul>\n\n\n\n<p>Det er ogs\u00e5 muligt at finde rigtig mange billeder p\u00e5 <a rel=\"noreferrer noopener\" href=\"https:\/\/www.istockphoto.com\/dk\" target=\"_blank\">istockphoto.com<\/a>, hvor du bliver n\u00f8dt til at k\u00f8be rettighederne til at bruge billederne (med mulighed for fulde rettigheder).<\/p>\n\n\n\n<p class=\"has-white-color has-text-color has-background\" style=\"background-color:#4b5bdb\">Bem\u00e6rk venligst at denne side stadig er under udvikling. Forslag til links modtages gerne.<\/p>\n\n\n\n<hr class=\"wp-block-separator has-alpha-channel-opacity is-style-wide\"\/>\n\n\n\n<div class=\"wp-block-media-text alignwide\" style=\"grid-template-columns:15% auto\"><figure class=\"wp-block-media-text__media\"><img loading=\"lazy\" decoding=\"async\" width=\"250\" height=\"107\" src=\"https:\/\/billed-bibel-samtale.dk\/wp-content\/uploads\/2023\/01\/logo-250.jpg\" alt=\"\" class=\"wp-image-915 size-full\"\/><\/figure><div class=\"wp-block-media-text__content\">\n<p>Links til forskellige sider:<br><a href=\"https:\/\/billed-bibel-samtale.dk\/\">Forside<\/a> \/ <a href=\"https:\/\/billed-bibel-samtale.dk\/?page_id=62\">Jul<\/a> &#8211; <a href=\"https:\/\/billed-bibel-samtale.dk\/?page_id=9\">P\u00e5ske<\/a> &#8211; <a href=\"https:\/\/billed-bibel-samtale.dk\/?page_id=30\">Pinse<\/a> &#8211; <a href=\"https:\/\/billed-bibel-samtale.dk\/?page_id=119\">D\u00e5b<\/a> &#8211; <a href=\"https:\/\/billed-bibel-samtale.dk\/?page_id=856\">Fadervor<\/a> \/ <a href=\"https:\/\/billed-bibel-samtale.dk\/?page_id=408\">Salmer og sange<\/a> &#8211; <a href=\"https:\/\/billed-bibel-samtale.dk\/?page_id=529\">Noder<\/a> &#8211; <a href=\"https:\/\/billed-bibel-samtale.dk\/?page_id=489\">Tekster<\/a> &#8211; <a href=\"https:\/\/billed-bibel-samtale.dk\/?page_id=657\">Tegninger<\/a> &#8211; <a href=\"https:\/\/billed-bibel-samtale.dk\/?page_id=320\">Fotos<\/a> \/ <a href=\"https:\/\/billed-bibel-samtale.dk\/?page_id=807\">Nyttige Links<\/a> &#8211; <a href=\"https:\/\/billed-bibel-samtale.dk\/?page_id=153\">Erfaringer<\/a> &#8211; <a href=\"https:\/\/billed-bibel-samtale.dk\/?page_id=128\">Om billed-bibel-samtale\u2026<\/a> &#8211; <a href=\"https:\/\/billed-bibel-samtale.dk\/?page_id=56\">Kontakt os<\/a><\/p>\n<\/div><\/div>\n","protected":false},"excerpt":{"rendered":"<p>Her er en oversigt over nyttige links, hvis du gerne vil finde yderligere ressourcer, materialer og lignende til brug i<\/p>\n<p><a href=\"https:\/\/billed-bibel-samtale.dk\/?page_id=807\" class=\"more-link\">Continue reading<span class=\"screen-reader-text\">Nyttige Links<\/span><\/a><\/p>\n","protected":false},"author":1,"featured_media":0,"parent":0,"menu_order":0,"comment_status":"closed","ping_status":"closed","template":"","meta":{"footnotes":""},"class_list":["post-807","page","type-page","status-publish","hentry"],"_links":{"self":[{"href":"https:\/\/billed-bibel-samtale.dk\/index.php?rest_route=\/wp\/v2\/pages\/807","targetHints":{"allow":["GET"]}}],"collection":[{"href":"https:\/\/billed-bibel-samtale.dk\/index.php?rest_route=\/wp\/v2\/pages"}],"about":[{"href":"https:\/\/billed-bibel-samtale.dk\/index.php?rest_route=\/wp\/v2\/types\/page"}],"author":[{"embeddable":true,"href":"https:\/\/billed-bibel-samtale.dk\/index.php?rest_route=\/wp\/v2\/users\/1"}],"replies":[{"embeddable":true,"href":"https:\/\/billed-bibel-samtale.dk\/index.php?rest_route=%2Fwp%2Fv2%2Fcomments&post=807"}],"version-history":[{"count":53,"href":"https:\/\/billed-bibel-samtale.dk\/index.php?rest_route=\/wp\/v2\/pages\/807\/revisions"}],"predecessor-version":[{"id":1306,"href":"https:\/\/billed-bibel-samtale.dk\/index.php?rest_route=\/wp\/v2\/pages\/807\/revisions\/1306"}],"wp:attachment":[{"href":"https:\/\/billed-bibel-samtale.dk\/index.php?rest_route=%2Fwp%2Fv2%2Fmedia&parent=807"}],"curies":[{"name":"wp","href":"https:\/\/api.w.org\/{rel}","templated":true}]}}