{"id":657,"date":"2022-11-15T13:07:37","date_gmt":"2022-11-15T12:07:37","guid":{"rendered":"https:\/\/billed-bibel-samtale.dk\/?page_id=657"},"modified":"2023-02-21T08:22:20","modified_gmt":"2023-02-21T07:22:20","slug":"tegninger","status":"publish","type":"page","link":"https:\/\/billed-bibel-samtale.dk\/?page_id=657","title":{"rendered":"Tegninger"},"content":{"rendered":"\n<figure class=\"wp-block-image size-large\"><img loading=\"lazy\" decoding=\"async\" width=\"2560\" height=\"1627\" src=\"https:\/\/billed-bibel-samtale.dk\/wp-content\/uploads\/2023\/02\/Tegning_forside_1-edited-scaled.jpg\" alt=\"\" class=\"wp-image-1090\" srcset=\"https:\/\/billed-bibel-samtale.dk\/wp-content\/uploads\/2023\/02\/Tegning_forside_1-edited-scaled.jpg 2560w, https:\/\/billed-bibel-samtale.dk\/wp-content\/uploads\/2023\/02\/Tegning_forside_1-edited-300x191.jpg 300w, https:\/\/billed-bibel-samtale.dk\/wp-content\/uploads\/2023\/02\/Tegning_forside_1-edited-1024x651.jpg 1024w, https:\/\/billed-bibel-samtale.dk\/wp-content\/uploads\/2023\/02\/Tegning_forside_1-edited-768x488.jpg 768w, https:\/\/billed-bibel-samtale.dk\/wp-content\/uploads\/2023\/02\/Tegning_forside_1-edited-1536x976.jpg 1536w, https:\/\/billed-bibel-samtale.dk\/wp-content\/uploads\/2023\/02\/Tegning_forside_1-edited-2048x1302.jpg 2048w\" sizes=\"auto, (max-width: 2560px) 100vw, 2560px\" \/><\/figure>\n\n\n\n<p>Til hvert banner leverer vi tegninger til farvel\u00e6gning fra motiverne p\u00e5 banneret. Der medf\u00f8lger ogs\u00e5 en h\u00e5ndfuld opgaver vedr\u00f8rende temaet. Tegningerne kan anvendes som b\u00f8rneaktivitet under gudstjenester, ved b\u00f8rnehj\u00f8rner og til b\u00f8rnekonfirmander med mere.<br>Du kan f\u00e5 et overblik over disse illustrationer her p\u00e5 siden. Disse tegninger er fremstillet af tegner og grafiker Hakon Lund Jensen. <br>Tegningerne og opgaverne leveres som PDF-filer p\u00e5 USB-stik sammen med banneret.<\/p>\n\n\n\n<hr class=\"wp-block-separator has-alpha-channel-opacity\"\/>\n\n\n\n<p style=\"font-size:24px\"><strong>Jul<\/strong><\/p>\n\n\n\n<p>Tegninger fra julebanneret<\/p>\n\n\n\n<figure class=\"wp-block-image size-full\"><img loading=\"lazy\" decoding=\"async\" width=\"1024\" height=\"631\" src=\"https:\/\/billed-bibel-samtale.dk\/wp-content\/uploads\/2022\/11\/Tegninger_Jul.jpg\" alt=\"\" class=\"wp-image-714\" srcset=\"https:\/\/billed-bibel-samtale.dk\/wp-content\/uploads\/2022\/11\/Tegninger_Jul.jpg 1024w, https:\/\/billed-bibel-samtale.dk\/wp-content\/uploads\/2022\/11\/Tegninger_Jul-300x185.jpg 300w, https:\/\/billed-bibel-samtale.dk\/wp-content\/uploads\/2022\/11\/Tegninger_Jul-768x473.jpg 768w\" sizes=\"auto, (max-width: 1024px) 100vw, 1024px\" \/><\/figure>\n\n\n\n<p>Opgaver til julebanneret<\/p>\n\n\n\n<figure class=\"wp-block-image size-full\"><img loading=\"lazy\" decoding=\"async\" width=\"1024\" height=\"445\" src=\"https:\/\/billed-bibel-samtale.dk\/wp-content\/uploads\/2022\/11\/Opgaver_Jul.jpg\" alt=\"\" class=\"wp-image-713\" srcset=\"https:\/\/billed-bibel-samtale.dk\/wp-content\/uploads\/2022\/11\/Opgaver_Jul.jpg 1024w, https:\/\/billed-bibel-samtale.dk\/wp-content\/uploads\/2022\/11\/Opgaver_Jul-300x130.jpg 300w, https:\/\/billed-bibel-samtale.dk\/wp-content\/uploads\/2022\/11\/Opgaver_Jul-768x334.jpg 768w\" sizes=\"auto, (max-width: 1024px) 100vw, 1024px\" \/><\/figure>\n\n\n\n<hr class=\"wp-block-separator has-alpha-channel-opacity\"\/>\n\n\n\n<p style=\"font-size:24px\"><strong>Fastelavn<\/strong><\/p>\n\n\n\n<figure class=\"wp-block-image size-full\"><img loading=\"lazy\" decoding=\"async\" width=\"1024\" height=\"443\" src=\"https:\/\/billed-bibel-samtale.dk\/wp-content\/uploads\/2022\/11\/Tegninger_Fastelavn.jpg\" alt=\"\" class=\"wp-image-656\" srcset=\"https:\/\/billed-bibel-samtale.dk\/wp-content\/uploads\/2022\/11\/Tegninger_Fastelavn.jpg 1024w, https:\/\/billed-bibel-samtale.dk\/wp-content\/uploads\/2022\/11\/Tegninger_Fastelavn-300x130.jpg 300w, https:\/\/billed-bibel-samtale.dk\/wp-content\/uploads\/2022\/11\/Tegninger_Fastelavn-768x332.jpg 768w\" sizes=\"auto, (max-width: 1024px) 100vw, 1024px\" \/><\/figure>\n\n\n\n<hr class=\"wp-block-separator has-alpha-channel-opacity\"\/>\n\n\n\n<p style=\"font-size:24px\"><strong>P\u00e5ske<\/strong><\/p>\n\n\n\n<p>Tegninger fra p\u00e5skebanneret<\/p>\n\n\n\n<figure class=\"wp-block-image size-full\"><img loading=\"lazy\" decoding=\"async\" width=\"1024\" height=\"359\" src=\"https:\/\/billed-bibel-samtale.dk\/wp-content\/uploads\/2022\/11\/Tegninger_Paaske.jpg\" alt=\"\" class=\"wp-image-722\" srcset=\"https:\/\/billed-bibel-samtale.dk\/wp-content\/uploads\/2022\/11\/Tegninger_Paaske.jpg 1024w, https:\/\/billed-bibel-samtale.dk\/wp-content\/uploads\/2022\/11\/Tegninger_Paaske-300x105.jpg 300w, https:\/\/billed-bibel-samtale.dk\/wp-content\/uploads\/2022\/11\/Tegninger_Paaske-768x269.jpg 768w\" sizes=\"auto, (max-width: 1024px) 100vw, 1024px\" \/><\/figure>\n\n\n\n<p>Opgaver til p\u00e5skebanneret<\/p>\n\n\n\n<figure class=\"wp-block-image size-full\"><img loading=\"lazy\" decoding=\"async\" width=\"1024\" height=\"492\" src=\"https:\/\/billed-bibel-samtale.dk\/wp-content\/uploads\/2022\/11\/Opgaver_Paaske.jpg\" alt=\"\" class=\"wp-image-723\" srcset=\"https:\/\/billed-bibel-samtale.dk\/wp-content\/uploads\/2022\/11\/Opgaver_Paaske.jpg 1024w, https:\/\/billed-bibel-samtale.dk\/wp-content\/uploads\/2022\/11\/Opgaver_Paaske-300x144.jpg 300w, https:\/\/billed-bibel-samtale.dk\/wp-content\/uploads\/2022\/11\/Opgaver_Paaske-768x369.jpg 768w\" sizes=\"auto, (max-width: 1024px) 100vw, 1024px\" \/><\/figure>\n\n\n\n<hr class=\"wp-block-separator has-alpha-channel-opacity\"\/>\n\n\n\n<p style=\"font-size:24px\"><strong>Pinse<\/strong><\/p>\n\n\n\n<p>Tegninger fra pinsebanneret<\/p>\n\n\n\n<figure class=\"wp-block-image size-full\"><img loading=\"lazy\" decoding=\"async\" width=\"1024\" height=\"692\" src=\"https:\/\/billed-bibel-samtale.dk\/wp-content\/uploads\/2023\/02\/Tegninger_Pinse_n.jpg\" alt=\"\" class=\"wp-image-950\" srcset=\"https:\/\/billed-bibel-samtale.dk\/wp-content\/uploads\/2023\/02\/Tegninger_Pinse_n.jpg 1024w, https:\/\/billed-bibel-samtale.dk\/wp-content\/uploads\/2023\/02\/Tegninger_Pinse_n-300x203.jpg 300w, https:\/\/billed-bibel-samtale.dk\/wp-content\/uploads\/2023\/02\/Tegninger_Pinse_n-768x519.jpg 768w\" sizes=\"auto, (max-width: 1024px) 100vw, 1024px\" \/><\/figure>\n\n\n\n<p>Opgaver til pinsebanneret<\/p>\n\n\n\n<figure class=\"wp-block-image size-full\"><img loading=\"lazy\" decoding=\"async\" width=\"1024\" height=\"199\" src=\"https:\/\/billed-bibel-samtale.dk\/wp-content\/uploads\/2022\/11\/Opgaver_Pinse.jpg\" alt=\"\" class=\"wp-image-721\" srcset=\"https:\/\/billed-bibel-samtale.dk\/wp-content\/uploads\/2022\/11\/Opgaver_Pinse.jpg 1024w, https:\/\/billed-bibel-samtale.dk\/wp-content\/uploads\/2022\/11\/Opgaver_Pinse-300x58.jpg 300w, https:\/\/billed-bibel-samtale.dk\/wp-content\/uploads\/2022\/11\/Opgaver_Pinse-768x149.jpg 768w\" sizes=\"auto, (max-width: 1024px) 100vw, 1024px\" \/><\/figure>\n\n\n\n<hr class=\"wp-block-separator has-alpha-channel-opacity\"\/>\n\n\n\n<p style=\"font-size:24px\"><strong>D\u00e5b<\/strong><\/p>\n\n\n\n<p>Tegninger fra d\u00e5bsbanneret<\/p>\n\n\n\n<figure class=\"wp-block-image size-full\"><img loading=\"lazy\" decoding=\"async\" width=\"1024\" height=\"617\" src=\"https:\/\/billed-bibel-samtale.dk\/wp-content\/uploads\/2022\/11\/Tegning_Daab.jpg\" alt=\"\" class=\"wp-image-716\" srcset=\"https:\/\/billed-bibel-samtale.dk\/wp-content\/uploads\/2022\/11\/Tegning_Daab.jpg 1024w, https:\/\/billed-bibel-samtale.dk\/wp-content\/uploads\/2022\/11\/Tegning_Daab-300x181.jpg 300w, https:\/\/billed-bibel-samtale.dk\/wp-content\/uploads\/2022\/11\/Tegning_Daab-768x463.jpg 768w\" sizes=\"auto, (max-width: 1024px) 100vw, 1024px\" \/><\/figure>\n\n\n\n<p>Opgaver til d\u00e5bsbanneret<\/p>\n\n\n\n<figure class=\"wp-block-image size-full\"><img loading=\"lazy\" decoding=\"async\" width=\"1024\" height=\"232\" src=\"https:\/\/billed-bibel-samtale.dk\/wp-content\/uploads\/2022\/11\/Opgaver_Daab.jpg\" alt=\"\" class=\"wp-image-715\" srcset=\"https:\/\/billed-bibel-samtale.dk\/wp-content\/uploads\/2022\/11\/Opgaver_Daab.jpg 1024w, https:\/\/billed-bibel-samtale.dk\/wp-content\/uploads\/2022\/11\/Opgaver_Daab-300x68.jpg 300w, https:\/\/billed-bibel-samtale.dk\/wp-content\/uploads\/2022\/11\/Opgaver_Daab-768x174.jpg 768w\" sizes=\"auto, (max-width: 1024px) 100vw, 1024px\" \/><\/figure>\n\n\n\n<hr class=\"wp-block-separator has-alpha-channel-opacity\"\/>\n\n\n\n<p style=\"font-size:24px\"><strong>Fadervor<\/strong><\/p>\n\n\n\n<p>Tegninger fra banneret med Fadervor<\/p>\n\n\n\n<figure class=\"wp-block-image size-full\"><img loading=\"lazy\" decoding=\"async\" width=\"1024\" height=\"411\" src=\"https:\/\/billed-bibel-samtale.dk\/wp-content\/uploads\/2023\/01\/Tegninger_Fadervor.jpg\" alt=\"\" class=\"wp-image-867\" srcset=\"https:\/\/billed-bibel-samtale.dk\/wp-content\/uploads\/2023\/01\/Tegninger_Fadervor.jpg 1024w, https:\/\/billed-bibel-samtale.dk\/wp-content\/uploads\/2023\/01\/Tegninger_Fadervor-300x120.jpg 300w, https:\/\/billed-bibel-samtale.dk\/wp-content\/uploads\/2023\/01\/Tegninger_Fadervor-768x308.jpg 768w\" sizes=\"auto, (max-width: 1024px) 100vw, 1024px\" \/><\/figure>\n\n\n\n<p>Opgaver til banneret med Fadervor<\/p>\n\n\n\n<figure class=\"wp-block-image size-full\"><img loading=\"lazy\" decoding=\"async\" width=\"1024\" height=\"275\" src=\"https:\/\/billed-bibel-samtale.dk\/wp-content\/uploads\/2023\/01\/Opgaver_Fadervor.jpg\" alt=\"\" class=\"wp-image-865\" srcset=\"https:\/\/billed-bibel-samtale.dk\/wp-content\/uploads\/2023\/01\/Opgaver_Fadervor.jpg 1024w, https:\/\/billed-bibel-samtale.dk\/wp-content\/uploads\/2023\/01\/Opgaver_Fadervor-300x81.jpg 300w, https:\/\/billed-bibel-samtale.dk\/wp-content\/uploads\/2023\/01\/Opgaver_Fadervor-768x206.jpg 768w\" sizes=\"auto, (max-width: 1024px) 100vw, 1024px\" \/><\/figure>\n\n\n\n<hr class=\"wp-block-separator has-alpha-channel-opacity is-style-wide\"\/>\n\n\n\n<div class=\"wp-block-media-text alignwide\" style=\"grid-template-columns:15% auto\"><figure class=\"wp-block-media-text__media\"><img loading=\"lazy\" decoding=\"async\" width=\"250\" height=\"107\" src=\"https:\/\/billed-bibel-samtale.dk\/wp-content\/uploads\/2023\/01\/logo-250.jpg\" alt=\"\" class=\"wp-image-915 size-full\"\/><\/figure><div class=\"wp-block-media-text__content\">\n<p>Links til forskellige sider:<br><a href=\"https:\/\/billed-bibel-samtale.dk\/\">Forside<\/a> \/ <a href=\"https:\/\/billed-bibel-samtale.dk\/?page_id=62\">Jul<\/a> &#8211; <a href=\"https:\/\/billed-bibel-samtale.dk\/?page_id=9\">P\u00e5ske<\/a> &#8211; <a href=\"https:\/\/billed-bibel-samtale.dk\/?page_id=30\">Pinse<\/a> &#8211; <a href=\"https:\/\/billed-bibel-samtale.dk\/?page_id=119\">D\u00e5b<\/a> &#8211; <a href=\"https:\/\/billed-bibel-samtale.dk\/?page_id=856\">Fadervor<\/a> \/ <a href=\"https:\/\/billed-bibel-samtale.dk\/?page_id=408\">Salmer og sange<\/a> &#8211; <a href=\"https:\/\/billed-bibel-samtale.dk\/?page_id=529\">Noder<\/a> &#8211; <a href=\"https:\/\/billed-bibel-samtale.dk\/?page_id=489\">Tekster<\/a> &#8211; <a href=\"https:\/\/billed-bibel-samtale.dk\/?page_id=657\">Tegninger<\/a> &#8211; <a href=\"https:\/\/billed-bibel-samtale.dk\/?page_id=320\">Fotos<\/a> \/ <a href=\"https:\/\/billed-bibel-samtale.dk\/?page_id=807\">Nyttige Links<\/a> &#8211; <a href=\"https:\/\/billed-bibel-samtale.dk\/?page_id=153\">Erfaringer<\/a> &#8211; <a href=\"https:\/\/billed-bibel-samtale.dk\/?page_id=128\">Om billed-bibel-samtale\u2026<\/a> &#8211; <a href=\"https:\/\/billed-bibel-samtale.dk\/?page_id=56\">Kontakt os<\/a><\/p>\n<\/div><\/div>\n","protected":false},"excerpt":{"rendered":"<p>Til hvert banner leverer vi tegninger til farvel\u00e6gning fra motiverne p\u00e5 banneret. Der medf\u00f8lger ogs\u00e5 en h\u00e5ndfuld opgaver vedr\u00f8rende temaet.<\/p>\n<p><a href=\"https:\/\/billed-bibel-samtale.dk\/?page_id=657\" class=\"more-link\">Continue reading<span class=\"screen-reader-text\">Tegninger<\/span><\/a><\/p>\n","protected":false},"author":1,"featured_media":0,"parent":0,"menu_order":0,"comment_status":"closed","ping_status":"closed","template":"","meta":{"footnotes":""},"class_list":["post-657","page","type-page","status-publish","hentry"],"_links":{"self":[{"href":"https:\/\/billed-bibel-samtale.dk\/index.php?rest_route=\/wp\/v2\/pages\/657","targetHints":{"allow":["GET"]}}],"collection":[{"href":"https:\/\/billed-bibel-samtale.dk\/index.php?rest_route=\/wp\/v2\/pages"}],"about":[{"href":"https:\/\/billed-bibel-samtale.dk\/index.php?rest_route=\/wp\/v2\/types\/page"}],"author":[{"embeddable":true,"href":"https:\/\/billed-bibel-samtale.dk\/index.php?rest_route=\/wp\/v2\/users\/1"}],"replies":[{"embeddable":true,"href":"https:\/\/billed-bibel-samtale.dk\/index.php?rest_route=%2Fwp%2Fv2%2Fcomments&post=657"}],"version-history":[{"count":19,"href":"https:\/\/billed-bibel-samtale.dk\/index.php?rest_route=\/wp\/v2\/pages\/657\/revisions"}],"predecessor-version":[{"id":1091,"href":"https:\/\/billed-bibel-samtale.dk\/index.php?rest_route=\/wp\/v2\/pages\/657\/revisions\/1091"}],"wp:attachment":[{"href":"https:\/\/billed-bibel-samtale.dk\/index.php?rest_route=%2Fwp%2Fv2%2Fmedia&parent=657"}],"curies":[{"name":"wp","href":"https:\/\/api.w.org\/{rel}","templated":true}]}}