{"id":38,"date":"2022-08-16T19:23:01","date_gmt":"2022-08-16T17:23:01","guid":{"rendered":"https:\/\/billed-bibel-samtale.dk\/?page_id=38"},"modified":"2026-04-15T16:02:23","modified_gmt":"2026-04-15T14:02:23","slug":"billed-bibel-samtale","status":"publish","type":"page","link":"https:\/\/billed-bibel-samtale.dk\/","title":{"rendered":"Billed-Bibel-Samtale"},"content":{"rendered":"\n<p class=\"has-text-align-center\"><strong>N\u00e6rv\u00e6r, samtale og undren med udgangspunkt i bibelske beretninger.<\/strong><br><strong>Kirkeligt undervisningsmateriale til b\u00f8rnekonfirmander, konfirmander, b\u00f8rn med s\u00e6rlige behov og b\u00f8rnetjenesten med mere. <\/strong><\/p>\n\n\n\n<figure class=\"wp-block-image size-large\"><img loading=\"lazy\" decoding=\"async\" width=\"1024\" height=\"683\" src=\"https:\/\/billed-bibel-samtale.dk\/wp-content\/uploads\/2022\/11\/Forside_3905-1024x683.jpg\" alt=\"\" class=\"wp-image-733\" srcset=\"https:\/\/billed-bibel-samtale.dk\/wp-content\/uploads\/2022\/11\/Forside_3905-1024x683.jpg 1024w, https:\/\/billed-bibel-samtale.dk\/wp-content\/uploads\/2022\/11\/Forside_3905-300x200.jpg 300w, https:\/\/billed-bibel-samtale.dk\/wp-content\/uploads\/2022\/11\/Forside_3905-768x512.jpg 768w, https:\/\/billed-bibel-samtale.dk\/wp-content\/uploads\/2022\/11\/Forside_3905-1536x1024.jpg 1536w, https:\/\/billed-bibel-samtale.dk\/wp-content\/uploads\/2022\/11\/Forside_3905-2048x1365.jpg 2048w\" sizes=\"auto, (max-width: 1024px) 100vw, 1024px\" \/><\/figure>\n\n\n\n<p>Den norske salmedigter Svein Ellingsen har sagt, at man kan v\u00e6re ensom i et f\u00e6llesskab, hvor der aldrig er en samtale, hvor den enkelte bliver set og anerkendt, som den man er.<\/p>\n\n\n\n<p>Vi \u00f8nsker at skabe undrende f\u00e6llesskaber, hvor en s\u00e5dan samtale kan finde sted.&nbsp; Samtaler, hvor der er en atmosf\u00e6re, der udviser respekt for den enkelte, og hvor der er plads til at lytte til hinanden, og til at alle bliver h\u00f8rt.<br>Vi \u00f8nsker at b\u00f8rn og unge bliver m\u00f8dt af voksne, der har tid og lyst til at tale med dem om de store ting i livet, s\u00e5 de hver is\u00e6r bliver set og oplever n\u00e6rv\u00e6r og anerkendelse.<\/p>\n\n\n\n<figure class=\"wp-block-image size-large\"><img loading=\"lazy\" decoding=\"async\" width=\"1024\" height=\"761\" src=\"https:\/\/billed-bibel-samtale.dk\/wp-content\/uploads\/2023\/02\/Banner_Overview_Large_n-1024x761.jpg\" alt=\"\" class=\"wp-image-946\" srcset=\"https:\/\/billed-bibel-samtale.dk\/wp-content\/uploads\/2023\/02\/Banner_Overview_Large_n-1024x761.jpg 1024w, https:\/\/billed-bibel-samtale.dk\/wp-content\/uploads\/2023\/02\/Banner_Overview_Large_n-300x223.jpg 300w, https:\/\/billed-bibel-samtale.dk\/wp-content\/uploads\/2023\/02\/Banner_Overview_Large_n-768x571.jpg 768w, https:\/\/billed-bibel-samtale.dk\/wp-content\/uploads\/2023\/02\/Banner_Overview_Large_n-1536x1142.jpg 1536w, https:\/\/billed-bibel-samtale.dk\/wp-content\/uploads\/2023\/02\/Banner_Overview_Large_n-2048x1522.jpg 2048w\" sizes=\"auto, (max-width: 1024px) 100vw, 1024px\" \/><figcaption class=\"wp-element-caption\"><em>3 h\u00f8jtidsbannere.<\/em><\/figcaption><\/figure>\n\n\n\n<p style=\"font-size:24px\"><strong>Om initiativet og materialerne<\/strong><\/p>\n\n\n\n<p style=\"font-size:24px\"><strong>Form\u00e5l:<\/strong><\/p>\n\n\n\n<p>At inspirere og udarbejde materialer, der kan hj\u00e6lpe kirkens ansatte og frivillige med henblik p\u00e5:<\/p>\n\n\n\n<ul class=\"wp-block-list\">\n<li>at skabe et reflekterende rum med udgangspunkt i de bibelske beretninger, hvor der er plads til undren, tanker, sp\u00f8rgsm\u00e5l, samtale og n\u00e6rv\u00e6r.<\/li>\n\n\n\n<li>at b\u00f8rn og unge bliver fortrolige med is\u00e6r julens, p\u00e5skens og pinsens beretninger.<\/li>\n\n\n\n<li>at b\u00f8rn og unge kender og forst\u00e5r de symboler, der knytter sig til beretningerne, s\u00e5 de kan anvende dem til fortolkning og forst\u00e5else af b\u00e5de tekster og salmer.<\/li>\n\n\n\n<li>at kunne forbinde beretningerne med salmer.<\/li>\n\n\n\n<li>at f\u00e5 kendskab til beretningernes mulige betydninger og tolkninger gennem sp\u00f8rgsm\u00e5l og salmer.<\/li>\n\n\n\n<li>planl\u00e6gning og udf\u00f8relse af kirkens aktiviteter<\/li>\n<\/ul>\n\n\n\n<p style=\"font-size:24px\"><strong>Baggrund og erfaring:<\/strong><\/p>\n\n\n\n<p>I Tolne\/Mosbjerg sogn har vi v\u00e6ret pilotprojekt for Danmarks Kirkelige Mediecenters nye materiale B\u00f8rnetjenesten, som er et tilbud til et samarbejde mellem b\u00f8rnehaver og kirken. Materialet henvender sig til den \u00e6ldste b\u00f8rnegruppe i b\u00f8rnehaverne, og det inviterer til refleksion over livets store sp\u00f8rgsm\u00e5l med udgangspunkt i kirke\u00e5rets 6 fester\/h\u00f8jtider: H\u00f8st, allehelgen, jul, fastelavn, p\u00e5ske, og pinse. Nu er arbejdet blevet en del af kirkens faste aktiviteter, og vi samarbejder med alle pastoratets b\u00f8rnehaver.<\/p>\n\n\n\n<p>Det blev hurtigt klart for os, at langt de fleste af b\u00f8rnene aldrig havde h\u00f8rt juleevangeliet og ikke vidste, hvem Jesus var. Vi konkluderede, at dette ogs\u00e5 gjaldt p\u00e5ske og pinse.<\/p>\n\n\n\n<p>Vi har haft brug for at udbygge materialets billed- og musikdel, s\u00e5 materialet nu ogs\u00e5 kan anvendes i kirkens \u00f8vrige aktiviteter og gudstjenester, s\u00e5 som b\u00f8rnekonfirmander, konfirmander, b\u00f8rn med s\u00e6rlige behov og familiegudstjenester med mere. Det er vigtigt, at arbejde med <em>alle sanser<\/em> i samtale om og formidling af de bibelske beretninger. Vi har oprettet denne hjemmeside, da vores h\u00e5b er, at ogs\u00e5 andre kirker kan have gl\u00e6de af vores arbejde.<\/p>\n\n\n\n<figure class=\"wp-block-image size-large\"><img loading=\"lazy\" decoding=\"async\" width=\"1024\" height=\"664\" src=\"https:\/\/billed-bibel-samtale.dk\/wp-content\/uploads\/2022\/11\/Banner_i_skoven_2-1024x664.jpg\" alt=\"\" class=\"wp-image-734\" srcset=\"https:\/\/billed-bibel-samtale.dk\/wp-content\/uploads\/2022\/11\/Banner_i_skoven_2-1024x664.jpg 1024w, https:\/\/billed-bibel-samtale.dk\/wp-content\/uploads\/2022\/11\/Banner_i_skoven_2-300x195.jpg 300w, https:\/\/billed-bibel-samtale.dk\/wp-content\/uploads\/2022\/11\/Banner_i_skoven_2-768x498.jpg 768w, https:\/\/billed-bibel-samtale.dk\/wp-content\/uploads\/2022\/11\/Banner_i_skoven_2-1536x996.jpg 1536w, https:\/\/billed-bibel-samtale.dk\/wp-content\/uploads\/2022\/11\/Banner_i_skoven_2-2048x1328.jpg 2048w\" sizes=\"auto, (max-width: 1024px) 100vw, 1024px\" \/><figcaption class=\"wp-element-caption\">Gudstjeneste i skoven.<\/figcaption><\/figure>\n\n\n\n<p style=\"font-size:24px\"><strong>Illustrationer og fotos:<\/strong><\/p>\n\n\n\n<p>Dette har resulteret i fremstillingen af transportable roll-up bannere, der illustrerer jul, p\u00e5ske, pinse, d\u00e5b og fadervor. Til hvert banner knytter sig en del sort\/hvid stregtegninger og opgaveark. <a href=\"https:\/\/billed-bibel-samtale.dk\/?page_id=657\" data-type=\"page\" data-id=\"657\">Se siden med tegninger<\/a> Dertil kommer fotos, der knytter sig til refleksionstemaerne ved de 6 fester. <a href=\"https:\/\/billed-bibel-samtale.dk\/?page_id=320\" data-type=\"page\" data-id=\"320\">Se siden med fotos<\/a><br>Materialet er udarbejdet af tegner og grafiker Hakon Lund Jensen i samarbejde med Henrik Laustsen.<\/p>\n\n\n\n<p>Roll-up bannerne anvendes nu b\u00e5de i forbindelse med b\u00f8rnetjenesten, familiegudstjenester, b\u00f8rnekonfirmander, konfirmander, gudstjenester i det fri og som udsmykning i kirke og sognehus. P\u00e5 den m\u00e5de m\u00f8der b\u00f8rnene de illustrerede fort\u00e6llinger flere gange, s\u00e5 de bedre husker dem. <a href=\"https:\/\/billed-bibel-samtale.dk\/?page_id=153\" data-type=\"page\" data-id=\"153\">Se siden med erfaringer<\/a> Fordelen ved bannerne er, at hele historien fastholdes, mens vi taler og evt. synger om den. Det hj\u00e6lper ogs\u00e5 de mindste med at holde koncentrationen. <a href=\"https:\/\/billed-bibel-samtale.dk\/?page_id=153\" data-type=\"page\" data-id=\"153\">Se siden med erfaringer<\/a><\/p>\n\n\n\n<p>Tak til sognepr\u00e6st Lise Munk Petersen Tolne\/Mosbjerg , kirke-kulturmedarbejder Johanna N\u00f8rholm Rischel Tolne\/Mosbjerg og Grethe Nyeng Havnh\u00f8j kirke-kulturmedarbejder L\u00e6s\u00f8 for deres gode respons p\u00e5 arbejdet.<\/p>\n\n\n\n<p style=\"font-size:24px\"><strong>Salmer til store og sm\u00e5:<\/strong><\/p>\n\n\n\n<p>Vi har ogs\u00e5 haft brug for at finde relevante salmer. Hvor illustrationerne beskriver beretningerne, er salmerne udsprunget af menneskers erfaringer med de bibelske beretninger, som de kommer til udtryk i poesi og musik. Salmerne er forskellige menneskers erfaringer af evangeliet i praksis. Derfor indeholder hjemmesiden forslag til salmer for store og sm\u00e5, der knytter sig til jul, p\u00e5ske, pinse og d\u00e5b. <br>Tak til komponist og organist Martin Lysholm Hornstrup, Gellerup Kirke, repr\u00e6sentant for &#8220;Forum for b\u00f8rnesalmer&#8221; for salmeforslag til b\u00f8rn p\u00e5 ca. 5 \u00e5r. <a href=\"https:\/\/billed-bibel-samtale.dk\/?page_id=408\" data-type=\"page\" data-id=\"408\">Se siden med salmer og sange<\/a>. Nogle af salmerne kan findes p\u00e5 siden <a rel=\"noreferrer noopener\" href=\"http:\/\/salmer.dk\" target=\"_blank\">salmer.dk<\/a>, som er Danmarks st\u00f8rste digitale samling af salmer.<br>En s\u00e6rlig tak til komponist og organist Mogens Jensen, som ud over salmeforslag ogs\u00e5 stiller sine egne v\u00e6rker til r\u00e5dighed. Mogens Jensen er en af pionererne i Danmark, som indf\u00f8rte rytmisk musik i kirken. Hans intentioner falder fint i tr\u00e5d med vores eget initiativ og bidrager her med sine musikalske farver p\u00e5 paletten.&nbsp;<a href=\"https:\/\/billed-bibel-samtale.dk\/?page_id=529\" data-type=\"page\">Se siden med noder og salmer<\/a> Noderne kan frit downloades.<\/p>\n\n\n\n<div class=\"wp-block-buttons is-layout-flex wp-block-buttons-is-layout-flex\">\n<div class=\"wp-block-button\"><a class=\"wp-block-button__link wp-element-button\" href=\"https:\/\/billed-bibel-samtale.dk\/?page_id=153\">erfaringer<\/a><\/div>\n<\/div>\n\n\n\n<hr class=\"wp-block-separator has-text-color has-white-color has-alpha-channel-opacity has-white-background-color has-background\"\/>\n\n\n\n<hr class=\"wp-block-separator has-alpha-channel-opacity\"\/>\n\n\n\n<p style=\"font-size:24px\"><strong>Indhold<\/strong>:<\/p>\n\n\n\n<p><strong>Materialet<\/strong> indeholder roll-up bannere vedr\u00f8rende jul, p\u00e5ske, pinse og d\u00e5b med tilh\u00f8rende:<\/p>\n\n\n\n<ul class=\"wp-block-list\">\n<li>ideer til anvendelse i kirkens forskellige aktiviteter<\/li>\n\n\n\n<li>sort\/hvid tegninger til farvel\u00e6gning og opgaver med udgangspunkt i roll-up bannernes illustrationer   <img loading=\"lazy\" decoding=\"async\" width=\"400\" height=\"99\" class=\"wp-image-108\" style=\"width: 400px;\" src=\"https:\/\/billed-bibel-samtale.dk\/wp-content\/uploads\/2022\/08\/Overview_Banner_Tegning.jpg\" alt=\"\" srcset=\"https:\/\/billed-bibel-samtale.dk\/wp-content\/uploads\/2022\/08\/Overview_Banner_Tegning.jpg 1024w, https:\/\/billed-bibel-samtale.dk\/wp-content\/uploads\/2022\/08\/Overview_Banner_Tegning-300x74.jpg 300w, https:\/\/billed-bibel-samtale.dk\/wp-content\/uploads\/2022\/08\/Overview_Banner_Tegning-768x191.jpg 768w\" sizes=\"auto, (max-width: 400px) 100vw, 400px\" \/><\/li>\n\n\n\n<li>salmeforslag til forskellige aldersgrupper <a href=\"https:\/\/billed-bibel-samtale.dk\/?page_id=408\" data-type=\"page\" data-id=\"408\">Se siden med salmer og sange<\/a> <\/li>\n\n\n\n<li>udvalgte salmer med tilh\u00f8rende noder udarbejdet af Mogens Jensen <a href=\"https:\/\/billed-bibel-samtale.dk\/?page_id=529\" data-type=\"page\" data-id=\"529\">Se siden med noder og salmer<\/a><\/li>\n\n\n\n<li>relevante bibelhenvisninger <a href=\"https:\/\/billed-bibel-samtale.dk\/?page_id=489\" data-type=\"page\" data-id=\"489\">Se siden med tekstforslag<\/a><\/li>\n\n\n\n<li>fotos der kan anvendes i tilknytning til de 6 fester i b\u00f8rnetjenestens materiale <a href=\"https:\/\/billed-bibel-samtale.dk\/?page_id=320\">Se siden med fotos<\/a><\/li>\n<\/ul>\n\n\n\n<p>Sort\/hvid tegninger og opgaver leveres p\u00e5 USB-stik sammen med det enkelte banner.<br>Alt det \u00f8vrige materiale er gratis og kan frit downloades her fra hjemmesiden.<\/p>\n\n\n\n<hr class=\"wp-block-separator has-alpha-channel-opacity\"\/>\n\n\n\n<p style=\"font-size:24px\"><strong>Priser<\/strong>:<\/p>\n\n\n\n<p>Alle materialer p\u00e5 denne hjemmeside, der kan downloades, er gratis, ogs\u00e5 selv om du ikke k\u00f8ber noget.<br>Vi s\u00e6lger vore roll-up bannere enkeltvis og ved samtidig bestilling af flere bannere er der rabat. Vi leverer i hele Danmark. Leveringstiden er normalt 7-14 dage. Kontakt os gerne for at f\u00e5 dagsprisen.<br>Vi skal ikke have et overskud p\u00e5 dette projekt, men prisen skal d\u00e6kke produktion, transport, kontorhold og mulighed for videre id\u00e9udvikling.<\/p>\n\n\n\n<hr class=\"wp-block-separator has-alpha-channel-opacity is-style-wide\"\/>\n\n\n\n<div class=\"wp-block-media-text alignwide\" style=\"grid-template-columns:15% auto\"><figure class=\"wp-block-media-text__media\"><img loading=\"lazy\" decoding=\"async\" width=\"250\" height=\"107\" src=\"https:\/\/billed-bibel-samtale.dk\/wp-content\/uploads\/2023\/01\/logo-250.jpg\" alt=\"\" class=\"wp-image-915 size-full\"\/><\/figure><div class=\"wp-block-media-text__content\">\n<p>Links til forskellige sider:<br><a href=\"https:\/\/billed-bibel-samtale.dk\/\">Forside<\/a> \/ <a href=\"https:\/\/billed-bibel-samtale.dk\/?page_id=62\">Jul<\/a> &#8211; <a href=\"https:\/\/billed-bibel-samtale.dk\/?page_id=9\">P\u00e5ske<\/a> &#8211; <a href=\"https:\/\/billed-bibel-samtale.dk\/?page_id=30\">Pinse<\/a> &#8211; <a href=\"https:\/\/billed-bibel-samtale.dk\/?page_id=119\">D\u00e5b<\/a> &#8211; <a href=\"https:\/\/billed-bibel-samtale.dk\/?page_id=856\">Fadervor<\/a> \/ <a href=\"https:\/\/billed-bibel-samtale.dk\/?page_id=408\">Salmer og sange<\/a> &#8211; <a href=\"https:\/\/billed-bibel-samtale.dk\/?page_id=529\">Noder<\/a> &#8211; <a href=\"https:\/\/billed-bibel-samtale.dk\/?page_id=489\">Tekster<\/a> &#8211; <a href=\"https:\/\/billed-bibel-samtale.dk\/?page_id=657\">Tegninger<\/a> &#8211; <a href=\"https:\/\/billed-bibel-samtale.dk\/?page_id=320\">Fotos<\/a> \/ <a href=\"https:\/\/billed-bibel-samtale.dk\/?page_id=807\">Nyttige Links<\/a> &#8211; <a href=\"https:\/\/billed-bibel-samtale.dk\/?page_id=153\">Erfaringer<\/a> &#8211; <a href=\"https:\/\/billed-bibel-samtale.dk\/?page_id=128\">Om billed-bibel-samtale\u2026<\/a> &#8211; <a href=\"https:\/\/billed-bibel-samtale.dk\/?page_id=56\">Kontakt os<\/a><\/p>\n<\/div><\/div>\n","protected":false},"excerpt":{"rendered":"<p>N\u00e6rv\u00e6r, samtale og undren med udgangspunkt i bibelske beretninger.Kirkeligt undervisningsmateriale til b\u00f8rnekonfirmander, konfirmander, b\u00f8rn med s\u00e6rlige behov og b\u00f8rnetjenesten med<\/p>\n<p><a href=\"https:\/\/billed-bibel-samtale.dk\/\" class=\"more-link\">Continue reading<span class=\"screen-reader-text\">Billed-Bibel-Samtale<\/span><\/a><\/p>\n","protected":false},"author":1,"featured_media":0,"parent":0,"menu_order":0,"comment_status":"closed","ping_status":"closed","template":"templates\/full-width-page.php","meta":{"footnotes":""},"class_list":["post-38","page","type-page","status-publish","hentry"],"_links":{"self":[{"href":"https:\/\/billed-bibel-samtale.dk\/index.php?rest_route=\/wp\/v2\/pages\/38","targetHints":{"allow":["GET"]}}],"collection":[{"href":"https:\/\/billed-bibel-samtale.dk\/index.php?rest_route=\/wp\/v2\/pages"}],"about":[{"href":"https:\/\/billed-bibel-samtale.dk\/index.php?rest_route=\/wp\/v2\/types\/page"}],"author":[{"embeddable":true,"href":"https:\/\/billed-bibel-samtale.dk\/index.php?rest_route=\/wp\/v2\/users\/1"}],"replies":[{"embeddable":true,"href":"https:\/\/billed-bibel-samtale.dk\/index.php?rest_route=%2Fwp%2Fv2%2Fcomments&post=38"}],"version-history":[{"count":89,"href":"https:\/\/billed-bibel-samtale.dk\/index.php?rest_route=\/wp\/v2\/pages\/38\/revisions"}],"predecessor-version":[{"id":1309,"href":"https:\/\/billed-bibel-samtale.dk\/index.php?rest_route=\/wp\/v2\/pages\/38\/revisions\/1309"}],"wp:attachment":[{"href":"https:\/\/billed-bibel-samtale.dk\/index.php?rest_route=%2Fwp%2Fv2%2Fmedia&parent=38"}],"curies":[{"name":"wp","href":"https:\/\/api.w.org\/{rel}","templated":true}]}}