{"id":329,"date":"2022-11-01T14:39:43","date_gmt":"2022-11-01T13:39:43","guid":{"rendered":"https:\/\/billed-bibel-samtale.dk\/?page_id=329"},"modified":"2023-02-22T08:43:54","modified_gmt":"2023-02-22T07:43:54","slug":"fotos-allehelgen","status":"publish","type":"page","link":"https:\/\/billed-bibel-samtale.dk\/?page_id=329","title":{"rendered":"Fotos &#8211; allehelgen"},"content":{"rendered":"\n<figure class=\"wp-block-image size-full\"><img loading=\"lazy\" decoding=\"async\" width=\"1024\" height=\"107\" src=\"https:\/\/billed-bibel-samtale.dk\/wp-content\/uploads\/2023\/02\/AlleHelg_Header.jpg\" alt=\"\" class=\"wp-image-1099\" srcset=\"https:\/\/billed-bibel-samtale.dk\/wp-content\/uploads\/2023\/02\/AlleHelg_Header.jpg 1024w, https:\/\/billed-bibel-samtale.dk\/wp-content\/uploads\/2023\/02\/AlleHelg_Header-300x31.jpg 300w, https:\/\/billed-bibel-samtale.dk\/wp-content\/uploads\/2023\/02\/AlleHelg_Header-768x80.jpg 768w\" sizes=\"auto, (max-width: 1024px) 100vw, 1024px\" \/><\/figure>\n\n\n\n<p style=\"font-size:24px\"><strong>Fotos til brug for B\u00f8rnetjenesten til allehelgen.<\/strong><\/p>\n\n\n\n<p>Til anvendelse ved hver af de seks fester\/h\u00f8jtider stiller vi nogle fotos til r\u00e5dighed som supplement til dem som kan hentes hos B\u00f8rnetjenesten. De kan downloades herunder.<br>Billederne kan frit og gratis anvendes indenfor kirkelige aktiviteter, og de er ment som en \u00e5bning til, at b\u00f8rnene f\u00e5r mulighed for at fundere over sp\u00f8rgsm\u00e5lene.<br><strong>Emner til refleksion:<\/strong><br>&#8211; Hvad sker der, n\u00e5r man d\u00f8r?<br>&#8211; Findes der et liv efter d\u00f8den?<br>&#8211; Om at savne noget og nogen?<\/p>\n\n\n\n<div class=\"wp-block-media-text alignwide is-stacked-on-mobile\" style=\"grid-template-columns:70% auto\"><figure class=\"wp-block-media-text__media\"><img loading=\"lazy\" decoding=\"async\" width=\"768\" height=\"1024\" src=\"https:\/\/billed-bibel-samtale.dk\/wp-content\/uploads\/2022\/11\/AlleHelg_Lys_Kiste-768x1024.jpg\" alt=\"\" class=\"wp-image-343 size-full\" srcset=\"https:\/\/billed-bibel-samtale.dk\/wp-content\/uploads\/2022\/11\/AlleHelg_Lys_Kiste-768x1024.jpg 768w, https:\/\/billed-bibel-samtale.dk\/wp-content\/uploads\/2022\/11\/AlleHelg_Lys_Kiste-225x300.jpg 225w, https:\/\/billed-bibel-samtale.dk\/wp-content\/uploads\/2022\/11\/AlleHelg_Lys_Kiste-1152x1536.jpg 1152w, https:\/\/billed-bibel-samtale.dk\/wp-content\/uploads\/2022\/11\/AlleHelg_Lys_Kiste-1536x2048.jpg 1536w, https:\/\/billed-bibel-samtale.dk\/wp-content\/uploads\/2022\/11\/AlleHelg_Lys_Kiste-scaled.jpg 1920w\" sizes=\"auto, (max-width: 768px) 100vw, 768px\" \/><\/figure><div class=\"wp-block-media-text__content\">\n<p>Allehelgen &#8211; lys, kiste<\/p>\n\n\n\n<div class=\"wp-block-file\"><a href=\"https:\/\/billed-bibel-samtale.dk\/wp-content\/uploads\/2022\/11\/AlleHelg_Lys_Kiste-scaled.jpg\" class=\"wp-block-file__button wp-element-button\" download>Download<\/a><\/div>\n<\/div><\/div>\n\n\n\n<hr class=\"wp-block-separator has-text-color has-white-color has-alpha-channel-opacity has-white-background-color has-background\"\/>\n\n\n\n<div class=\"wp-block-media-text alignwide is-stacked-on-mobile\" style=\"grid-template-columns:70% auto\"><figure class=\"wp-block-media-text__media\"><img loading=\"lazy\" decoding=\"async\" width=\"1024\" height=\"768\" src=\"https:\/\/billed-bibel-samtale.dk\/wp-content\/uploads\/2022\/11\/AlleHelg_Lysglobe_2-1024x768.jpg\" alt=\"\" class=\"wp-image-344 size-full\" srcset=\"https:\/\/billed-bibel-samtale.dk\/wp-content\/uploads\/2022\/11\/AlleHelg_Lysglobe_2-1024x768.jpg 1024w, https:\/\/billed-bibel-samtale.dk\/wp-content\/uploads\/2022\/11\/AlleHelg_Lysglobe_2-300x225.jpg 300w, https:\/\/billed-bibel-samtale.dk\/wp-content\/uploads\/2022\/11\/AlleHelg_Lysglobe_2-768x576.jpg 768w, https:\/\/billed-bibel-samtale.dk\/wp-content\/uploads\/2022\/11\/AlleHelg_Lysglobe_2-1536x1152.jpg 1536w, https:\/\/billed-bibel-samtale.dk\/wp-content\/uploads\/2022\/11\/AlleHelg_Lysglobe_2-2048x1536.jpg 2048w, https:\/\/billed-bibel-samtale.dk\/wp-content\/uploads\/2022\/11\/AlleHelg_Lysglobe_2-508x381.jpg 508w\" sizes=\"auto, (max-width: 1024px) 100vw, 1024px\" \/><\/figure><div class=\"wp-block-media-text__content\">\n<p>Allehelgen &#8211; lysglobe<\/p>\n\n\n\n<div class=\"wp-block-file\"><a href=\"https:\/\/billed-bibel-samtale.dk\/wp-content\/uploads\/2022\/11\/AlleHelg_Lysglobe_2-scaled.jpg\" class=\"wp-block-file__button wp-element-button\" download>Download<\/a><\/div>\n<\/div><\/div>\n\n\n\n<hr class=\"wp-block-separator has-text-color has-white-color has-alpha-channel-opacity has-white-background-color has-background\"\/>\n\n\n\n<div class=\"wp-block-media-text alignwide is-stacked-on-mobile\" style=\"grid-template-columns:70% auto\"><figure class=\"wp-block-media-text__media\"><img loading=\"lazy\" decoding=\"async\" width=\"1024\" height=\"768\" src=\"https:\/\/billed-bibel-samtale.dk\/wp-content\/uploads\/2022\/11\/AlleHelg_Savn-1024x768.jpg\" alt=\"\" class=\"wp-image-345 size-full\" srcset=\"https:\/\/billed-bibel-samtale.dk\/wp-content\/uploads\/2022\/11\/AlleHelg_Savn-1024x768.jpg 1024w, https:\/\/billed-bibel-samtale.dk\/wp-content\/uploads\/2022\/11\/AlleHelg_Savn-300x225.jpg 300w, https:\/\/billed-bibel-samtale.dk\/wp-content\/uploads\/2022\/11\/AlleHelg_Savn-768x576.jpg 768w, https:\/\/billed-bibel-samtale.dk\/wp-content\/uploads\/2022\/11\/AlleHelg_Savn-1536x1152.jpg 1536w, https:\/\/billed-bibel-samtale.dk\/wp-content\/uploads\/2022\/11\/AlleHelg_Savn-2048x1536.jpg 2048w, https:\/\/billed-bibel-samtale.dk\/wp-content\/uploads\/2022\/11\/AlleHelg_Savn-508x381.jpg 508w\" sizes=\"auto, (max-width: 1024px) 100vw, 1024px\" \/><\/figure><div class=\"wp-block-media-text__content\">\n<p>Allehelgen &#8211; savn<\/p>\n\n\n\n<div class=\"wp-block-file\"><a href=\"https:\/\/billed-bibel-samtale.dk\/wp-content\/uploads\/2022\/11\/AlleHelg_Savn-scaled.jpg\" class=\"wp-block-file__button wp-element-button\" download>Download<\/a><\/div>\n<\/div><\/div>\n\n\n\n<hr class=\"wp-block-separator has-text-color has-white-color has-alpha-channel-opacity has-white-background-color has-background\"\/>\n\n\n\n<div class=\"wp-block-media-text alignwide is-stacked-on-mobile\" style=\"grid-template-columns:70% auto\"><figure class=\"wp-block-media-text__media\"><img loading=\"lazy\" decoding=\"async\" width=\"768\" height=\"1024\" src=\"https:\/\/billed-bibel-samtale.dk\/wp-content\/uploads\/2022\/11\/AlleHelg_Urne-768x1024.jpg\" alt=\"\" class=\"wp-image-347 size-full\" srcset=\"https:\/\/billed-bibel-samtale.dk\/wp-content\/uploads\/2022\/11\/AlleHelg_Urne-768x1024.jpg 768w, https:\/\/billed-bibel-samtale.dk\/wp-content\/uploads\/2022\/11\/AlleHelg_Urne-225x300.jpg 225w, https:\/\/billed-bibel-samtale.dk\/wp-content\/uploads\/2022\/11\/AlleHelg_Urne.jpg 1116w\" sizes=\"auto, (max-width: 768px) 100vw, 768px\" \/><\/figure><div class=\"wp-block-media-text__content\">\n<p>Allehelgen &#8211; urne<\/p>\n\n\n\n<div class=\"wp-block-file\"><a href=\"https:\/\/billed-bibel-samtale.dk\/wp-content\/uploads\/2022\/11\/AlleHelg_Urne.jpg\" class=\"wp-block-file__button wp-element-button\" download>Download<\/a><\/div>\n<\/div><\/div>\n\n\n\n<hr class=\"wp-block-separator has-text-color has-white-color has-alpha-channel-opacity has-white-background-color has-background\"\/>\n\n\n\n<div class=\"wp-block-media-text alignwide is-stacked-on-mobile\" style=\"grid-template-columns:70% auto\"><figure class=\"wp-block-media-text__media\"><img loading=\"lazy\" decoding=\"async\" width=\"768\" height=\"1024\" src=\"https:\/\/billed-bibel-samtale.dk\/wp-content\/uploads\/2022\/11\/AlleHelg_Bamse_1-768x1024.jpg\" alt=\"\" class=\"wp-image-348 size-full\" srcset=\"https:\/\/billed-bibel-samtale.dk\/wp-content\/uploads\/2022\/11\/AlleHelg_Bamse_1-768x1023.jpg 768w, https:\/\/billed-bibel-samtale.dk\/wp-content\/uploads\/2022\/11\/AlleHelg_Bamse_1-225x300.jpg 225w, https:\/\/billed-bibel-samtale.dk\/wp-content\/uploads\/2022\/11\/AlleHelg_Bamse_1-1153x1536.jpg 1153w, https:\/\/billed-bibel-samtale.dk\/wp-content\/uploads\/2022\/11\/AlleHelg_Bamse_1-1537x2048.jpg 1537w, https:\/\/billed-bibel-samtale.dk\/wp-content\/uploads\/2022\/11\/AlleHelg_Bamse_1-scaled.jpg 1921w\" sizes=\"auto, (max-width: 768px) 100vw, 768px\" \/><\/figure><div class=\"wp-block-media-text__content\">\n<p>Allehelgen &#8211; bamse<\/p>\n\n\n\n<div class=\"wp-block-file\"><a href=\"https:\/\/billed-bibel-samtale.dk\/wp-content\/uploads\/2022\/11\/AlleHelg_Bamse_1-scaled.jpg\" class=\"wp-block-file__button wp-element-button\" download>Download<\/a><\/div>\n<\/div><\/div>\n\n\n\n<hr class=\"wp-block-separator has-text-color has-white-color has-alpha-channel-opacity has-white-background-color has-background\"\/>\n\n\n\n<div class=\"wp-block-media-text alignwide is-stacked-on-mobile\" style=\"grid-template-columns:70% auto\"><figure class=\"wp-block-media-text__media\"><img loading=\"lazy\" decoding=\"async\" width=\"768\" height=\"1024\" src=\"https:\/\/billed-bibel-samtale.dk\/wp-content\/uploads\/2022\/11\/AlleHelg_Bamse_2-768x1024.jpg\" alt=\"\" class=\"wp-image-349 size-full\" srcset=\"https:\/\/billed-bibel-samtale.dk\/wp-content\/uploads\/2022\/11\/AlleHelg_Bamse_2-768x1024.jpg 768w, https:\/\/billed-bibel-samtale.dk\/wp-content\/uploads\/2022\/11\/AlleHelg_Bamse_2-225x300.jpg 225w, https:\/\/billed-bibel-samtale.dk\/wp-content\/uploads\/2022\/11\/AlleHelg_Bamse_2-1152x1536.jpg 1152w, https:\/\/billed-bibel-samtale.dk\/wp-content\/uploads\/2022\/11\/AlleHelg_Bamse_2-1536x2048.jpg 1536w, https:\/\/billed-bibel-samtale.dk\/wp-content\/uploads\/2022\/11\/AlleHelg_Bamse_2-scaled.jpg 1920w\" sizes=\"auto, (max-width: 768px) 100vw, 768px\" \/><\/figure><div class=\"wp-block-media-text__content\">\n<p>Allehelgen &#8211; bamse<\/p>\n\n\n\n<div class=\"wp-block-file\"><a href=\"https:\/\/billed-bibel-samtale.dk\/wp-content\/uploads\/2022\/11\/AlleHelg_Bamse_2-scaled.jpg\" class=\"wp-block-file__button wp-element-button\" download>Download<\/a><\/div>\n<\/div><\/div>\n\n\n\n<hr class=\"wp-block-separator has-text-color has-white-color has-alpha-channel-opacity has-white-background-color has-background\"\/>\n\n\n\n<div class=\"wp-block-media-text alignwide is-stacked-on-mobile\" style=\"grid-template-columns:70% auto\"><figure class=\"wp-block-media-text__media\"><img loading=\"lazy\" decoding=\"async\" width=\"768\" height=\"1024\" src=\"https:\/\/billed-bibel-samtale.dk\/wp-content\/uploads\/2022\/11\/AlleHelg_Bamse_3-768x1024.jpg\" alt=\"\" class=\"wp-image-335 size-full\" srcset=\"https:\/\/billed-bibel-samtale.dk\/wp-content\/uploads\/2022\/11\/AlleHelg_Bamse_3-768x1024.jpg 768w, https:\/\/billed-bibel-samtale.dk\/wp-content\/uploads\/2022\/11\/AlleHelg_Bamse_3-225x300.jpg 225w, https:\/\/billed-bibel-samtale.dk\/wp-content\/uploads\/2022\/11\/AlleHelg_Bamse_3-1152x1536.jpg 1152w, https:\/\/billed-bibel-samtale.dk\/wp-content\/uploads\/2022\/11\/AlleHelg_Bamse_3-1536x2048.jpg 1536w, https:\/\/billed-bibel-samtale.dk\/wp-content\/uploads\/2022\/11\/AlleHelg_Bamse_3-scaled.jpg 1920w\" sizes=\"auto, (max-width: 768px) 100vw, 768px\" \/><\/figure><div class=\"wp-block-media-text__content\">\n<p>Allehelgen &#8211; bamse<\/p>\n\n\n\n<div class=\"wp-block-file\"><a href=\"https:\/\/billed-bibel-samtale.dk\/wp-content\/uploads\/2022\/11\/AlleHelg_Bamse_3-scaled.jpg\" class=\"wp-block-file__button wp-element-button\" download>Download<\/a><\/div>\n<\/div><\/div>\n\n\n\n<hr class=\"wp-block-separator has-text-color has-white-color has-alpha-channel-opacity has-white-background-color has-background\"\/>\n\n\n\n<div class=\"wp-block-media-text alignwide is-stacked-on-mobile\" style=\"grid-template-columns:70% auto\"><figure class=\"wp-block-media-text__media\"><img loading=\"lazy\" decoding=\"async\" width=\"1024\" height=\"681\" src=\"https:\/\/billed-bibel-samtale.dk\/wp-content\/uploads\/2022\/11\/AlleHelg_Egern-1024x681.jpg\" alt=\"\" class=\"wp-image-336 size-full\" srcset=\"https:\/\/billed-bibel-samtale.dk\/wp-content\/uploads\/2022\/11\/AlleHelg_Egern-1024x681.jpg 1024w, https:\/\/billed-bibel-samtale.dk\/wp-content\/uploads\/2022\/11\/AlleHelg_Egern-300x200.jpg 300w, https:\/\/billed-bibel-samtale.dk\/wp-content\/uploads\/2022\/11\/AlleHelg_Egern-768x511.jpg 768w, https:\/\/billed-bibel-samtale.dk\/wp-content\/uploads\/2022\/11\/AlleHelg_Egern-1536x1022.jpg 1536w, https:\/\/billed-bibel-samtale.dk\/wp-content\/uploads\/2022\/11\/AlleHelg_Egern-2048x1362.jpg 2048w\" sizes=\"auto, (max-width: 1024px) 100vw, 1024px\" \/><\/figure><div class=\"wp-block-media-text__content\">\n<p>Allehelgen &#8211; egern<\/p>\n\n\n\n<div class=\"wp-block-file\"><a href=\"https:\/\/billed-bibel-samtale.dk\/wp-content\/uploads\/2022\/11\/AlleHelg_Egern-scaled.jpg\" class=\"wp-block-file__button wp-element-button\" download>Download<\/a><\/div>\n<\/div><\/div>\n\n\n\n<hr class=\"wp-block-separator has-text-color has-white-color has-alpha-channel-opacity has-white-background-color has-background\"\/>\n\n\n\n<div class=\"wp-block-media-text alignwide is-stacked-on-mobile\" style=\"grid-template-columns:70% auto\"><figure class=\"wp-block-media-text__media\"><img loading=\"lazy\" decoding=\"async\" width=\"680\" height=\"1024\" src=\"https:\/\/billed-bibel-samtale.dk\/wp-content\/uploads\/2022\/11\/AlleHelg_Kiste_3-680x1024.jpg\" alt=\"\" class=\"wp-image-342 size-full\" srcset=\"https:\/\/billed-bibel-samtale.dk\/wp-content\/uploads\/2022\/11\/AlleHelg_Kiste_3-680x1024.jpg 680w, https:\/\/billed-bibel-samtale.dk\/wp-content\/uploads\/2022\/11\/AlleHelg_Kiste_3-199x300.jpg 199w, https:\/\/billed-bibel-samtale.dk\/wp-content\/uploads\/2022\/11\/AlleHelg_Kiste_3-768x1157.jpg 768w, https:\/\/billed-bibel-samtale.dk\/wp-content\/uploads\/2022\/11\/AlleHelg_Kiste_3-1020x1536.jpg 1020w, https:\/\/billed-bibel-samtale.dk\/wp-content\/uploads\/2022\/11\/AlleHelg_Kiste_3-1360x2048.jpg 1360w, https:\/\/billed-bibel-samtale.dk\/wp-content\/uploads\/2022\/11\/AlleHelg_Kiste_3-scaled.jpg 1700w\" sizes=\"auto, (max-width: 680px) 100vw, 680px\" \/><\/figure><div class=\"wp-block-media-text__content\">\n<p>Allehelgen &#8211; kiste<\/p>\n\n\n\n<div class=\"wp-block-file\"><a href=\"https:\/\/billed-bibel-samtale.dk\/wp-content\/uploads\/2022\/11\/AlleHelg_Kiste_3-scaled.jpg\" class=\"wp-block-file__button wp-element-button\" download>Download<\/a><\/div>\n<\/div><\/div>\n\n\n\n<hr class=\"wp-block-separator has-text-color has-white-color has-alpha-channel-opacity has-white-background-color has-background\"\/>\n\n\n\n<div class=\"wp-block-media-text alignwide is-stacked-on-mobile\" style=\"grid-template-columns:70% auto\"><figure class=\"wp-block-media-text__media\"><img loading=\"lazy\" decoding=\"async\" width=\"681\" height=\"1024\" src=\"https:\/\/billed-bibel-samtale.dk\/wp-content\/uploads\/2022\/11\/AlleHelg_Kiste_2-681x1024.jpg\" alt=\"\" class=\"wp-image-341 size-full\" srcset=\"https:\/\/billed-bibel-samtale.dk\/wp-content\/uploads\/2022\/11\/AlleHelg_Kiste_2-681x1024.jpg 681w, https:\/\/billed-bibel-samtale.dk\/wp-content\/uploads\/2022\/11\/AlleHelg_Kiste_2-199x300.jpg 199w, https:\/\/billed-bibel-samtale.dk\/wp-content\/uploads\/2022\/11\/AlleHelg_Kiste_2-768x1155.jpg 768w, https:\/\/billed-bibel-samtale.dk\/wp-content\/uploads\/2022\/11\/AlleHelg_Kiste_2-1021x1536.jpg 1021w, https:\/\/billed-bibel-samtale.dk\/wp-content\/uploads\/2022\/11\/AlleHelg_Kiste_2-1362x2048.jpg 1362w, https:\/\/billed-bibel-samtale.dk\/wp-content\/uploads\/2022\/11\/AlleHelg_Kiste_2-scaled.jpg 1702w\" sizes=\"auto, (max-width: 681px) 100vw, 681px\" \/><\/figure><div class=\"wp-block-media-text__content\">\n<p>Allehelgen &#8211; kiste<\/p>\n\n\n\n<div class=\"wp-block-file\"><a href=\"https:\/\/billed-bibel-samtale.dk\/wp-content\/uploads\/2022\/11\/AlleHelg_Kiste_2-scaled.jpg\" class=\"wp-block-file__button wp-element-button\" download>Download<\/a><\/div>\n<\/div><\/div>\n\n\n\n<hr class=\"wp-block-separator has-text-color has-white-color has-alpha-channel-opacity has-white-background-color has-background\"\/>\n\n\n\n<div class=\"wp-block-media-text alignwide is-stacked-on-mobile\" style=\"grid-template-columns:70% auto\"><figure class=\"wp-block-media-text__media\"><img loading=\"lazy\" decoding=\"async\" width=\"768\" height=\"1024\" src=\"https:\/\/billed-bibel-samtale.dk\/wp-content\/uploads\/2022\/11\/AlleHelg_Kiste_1-768x1024.jpg\" alt=\"\" class=\"wp-image-340 size-full\" srcset=\"https:\/\/billed-bibel-samtale.dk\/wp-content\/uploads\/2022\/11\/AlleHelg_Kiste_1-768x1024.jpg 768w, https:\/\/billed-bibel-samtale.dk\/wp-content\/uploads\/2022\/11\/AlleHelg_Kiste_1-225x300.jpg 225w, https:\/\/billed-bibel-samtale.dk\/wp-content\/uploads\/2022\/11\/AlleHelg_Kiste_1-1152x1536.jpg 1152w, https:\/\/billed-bibel-samtale.dk\/wp-content\/uploads\/2022\/11\/AlleHelg_Kiste_1-1536x2048.jpg 1536w, https:\/\/billed-bibel-samtale.dk\/wp-content\/uploads\/2022\/11\/AlleHelg_Kiste_1-scaled.jpg 1920w\" sizes=\"auto, (max-width: 768px) 100vw, 768px\" \/><\/figure><div class=\"wp-block-media-text__content\">\n<p>Allehelgen &#8211; kiste<\/p>\n\n\n\n<div class=\"wp-block-file\"><a href=\"https:\/\/billed-bibel-samtale.dk\/wp-content\/uploads\/2022\/11\/AlleHelg_Kiste_1-scaled.jpg\" class=\"wp-block-file__button wp-element-button\" download>Download<\/a><\/div>\n<\/div><\/div>\n\n\n\n<hr class=\"wp-block-separator has-text-color has-white-color has-alpha-channel-opacity has-white-background-color has-background\"\/>\n\n\n\n<div class=\"wp-block-media-text alignwide is-stacked-on-mobile\" style=\"grid-template-columns:70% auto\"><figure class=\"wp-block-media-text__media\"><img loading=\"lazy\" decoding=\"async\" width=\"1024\" height=\"768\" src=\"https:\/\/billed-bibel-samtale.dk\/wp-content\/uploads\/2022\/11\/AlleHelg_Gravsten_3-1024x768.jpg\" alt=\"\" class=\"wp-image-339 size-full\" srcset=\"https:\/\/billed-bibel-samtale.dk\/wp-content\/uploads\/2022\/11\/AlleHelg_Gravsten_3-1024x768.jpg 1024w, https:\/\/billed-bibel-samtale.dk\/wp-content\/uploads\/2022\/11\/AlleHelg_Gravsten_3-300x225.jpg 300w, https:\/\/billed-bibel-samtale.dk\/wp-content\/uploads\/2022\/11\/AlleHelg_Gravsten_3-768x576.jpg 768w, https:\/\/billed-bibel-samtale.dk\/wp-content\/uploads\/2022\/11\/AlleHelg_Gravsten_3-1536x1152.jpg 1536w, https:\/\/billed-bibel-samtale.dk\/wp-content\/uploads\/2022\/11\/AlleHelg_Gravsten_3-2048x1536.jpg 2048w, https:\/\/billed-bibel-samtale.dk\/wp-content\/uploads\/2022\/11\/AlleHelg_Gravsten_3-508x381.jpg 508w\" sizes=\"auto, (max-width: 1024px) 100vw, 1024px\" \/><\/figure><div class=\"wp-block-media-text__content\">\n<p>Allehelgen &#8211; gravsten<\/p>\n\n\n\n<div class=\"wp-block-file\"><a href=\"https:\/\/billed-bibel-samtale.dk\/wp-content\/uploads\/2022\/11\/AlleHelg_Gravsten_3-scaled.jpg\" class=\"wp-block-file__button wp-element-button\" download>Download<\/a><\/div>\n<\/div><\/div>\n\n\n\n<hr class=\"wp-block-separator has-text-color has-white-color has-alpha-channel-opacity has-white-background-color has-background\"\/>\n\n\n\n<div class=\"wp-block-media-text alignwide is-stacked-on-mobile\" style=\"grid-template-columns:70% auto\"><figure class=\"wp-block-media-text__media\"><img loading=\"lazy\" decoding=\"async\" width=\"1024\" height=\"612\" src=\"https:\/\/billed-bibel-samtale.dk\/wp-content\/uploads\/2022\/11\/AlleHelg_Gravsten_2-1024x612.jpg\" alt=\"\" class=\"wp-image-338 size-full\" srcset=\"https:\/\/billed-bibel-samtale.dk\/wp-content\/uploads\/2022\/11\/AlleHelg_Gravsten_2-1024x612.jpg 1024w, https:\/\/billed-bibel-samtale.dk\/wp-content\/uploads\/2022\/11\/AlleHelg_Gravsten_2-300x179.jpg 300w, https:\/\/billed-bibel-samtale.dk\/wp-content\/uploads\/2022\/11\/AlleHelg_Gravsten_2-768x459.jpg 768w, https:\/\/billed-bibel-samtale.dk\/wp-content\/uploads\/2022\/11\/AlleHelg_Gravsten_2.jpg 1269w\" sizes=\"auto, (max-width: 1024px) 100vw, 1024px\" \/><\/figure><div class=\"wp-block-media-text__content\">\n<p>Allehelgen &#8211; gravsten<\/p>\n\n\n\n<div class=\"wp-block-file\"><a href=\"https:\/\/billed-bibel-samtale.dk\/wp-content\/uploads\/2022\/11\/AlleHelg_Gravsten_2.jpg\" class=\"wp-block-file__button wp-element-button\" download>Download<\/a><\/div>\n<\/div><\/div>\n\n\n\n<hr class=\"wp-block-separator has-text-color has-white-color has-alpha-channel-opacity has-white-background-color has-background\"\/>\n\n\n\n<div class=\"wp-block-media-text alignwide is-stacked-on-mobile\" style=\"grid-template-columns:70% auto\"><figure class=\"wp-block-media-text__media\"><img loading=\"lazy\" decoding=\"async\" width=\"1024\" height=\"768\" src=\"https:\/\/billed-bibel-samtale.dk\/wp-content\/uploads\/2022\/11\/AlleHelg_Gravsten_1-1024x768.jpg\" alt=\"\" class=\"wp-image-337 size-full\" srcset=\"https:\/\/billed-bibel-samtale.dk\/wp-content\/uploads\/2022\/11\/AlleHelg_Gravsten_1-1024x768.jpg 1024w, https:\/\/billed-bibel-samtale.dk\/wp-content\/uploads\/2022\/11\/AlleHelg_Gravsten_1-300x225.jpg 300w, https:\/\/billed-bibel-samtale.dk\/wp-content\/uploads\/2022\/11\/AlleHelg_Gravsten_1-768x576.jpg 768w, https:\/\/billed-bibel-samtale.dk\/wp-content\/uploads\/2022\/11\/AlleHelg_Gravsten_1-1536x1152.jpg 1536w, https:\/\/billed-bibel-samtale.dk\/wp-content\/uploads\/2022\/11\/AlleHelg_Gravsten_1-2048x1536.jpg 2048w, https:\/\/billed-bibel-samtale.dk\/wp-content\/uploads\/2022\/11\/AlleHelg_Gravsten_1-508x381.jpg 508w\" sizes=\"auto, (max-width: 1024px) 100vw, 1024px\" \/><\/figure><div class=\"wp-block-media-text__content\">\n<p>Allehelgen &#8211; gravsten<\/p>\n\n\n\n<div class=\"wp-block-file\"><a href=\"https:\/\/billed-bibel-samtale.dk\/wp-content\/uploads\/2022\/11\/AlleHelg_Gravsten_1.jpg\" class=\"wp-block-file__button wp-element-button\" download>Download<\/a><\/div>\n<\/div><\/div>\n\n\n\n<hr class=\"wp-block-separator has-text-color has-white-color has-alpha-channel-opacity has-white-background-color has-background\"\/>\n\n\n\n<div class=\"wp-block-media-text alignwide is-stacked-on-mobile\" style=\"grid-template-columns:70% auto\"><figure class=\"wp-block-media-text__media\"><img loading=\"lazy\" decoding=\"async\" width=\"768\" height=\"1024\" src=\"https:\/\/billed-bibel-samtale.dk\/wp-content\/uploads\/2022\/11\/AlleHelg_Superhelt_1-768x1024.jpg\" alt=\"\" class=\"wp-image-346 size-full\" srcset=\"https:\/\/billed-bibel-samtale.dk\/wp-content\/uploads\/2022\/11\/AlleHelg_Superhelt_1-768x1024.jpg 768w, https:\/\/billed-bibel-samtale.dk\/wp-content\/uploads\/2022\/11\/AlleHelg_Superhelt_1-225x300.jpg 225w, https:\/\/billed-bibel-samtale.dk\/wp-content\/uploads\/2022\/11\/AlleHelg_Superhelt_1-1152x1536.jpg 1152w, https:\/\/billed-bibel-samtale.dk\/wp-content\/uploads\/2022\/11\/AlleHelg_Superhelt_1-1536x2048.jpg 1536w, https:\/\/billed-bibel-samtale.dk\/wp-content\/uploads\/2022\/11\/AlleHelg_Superhelt_1-scaled.jpg 1920w\" sizes=\"auto, (max-width: 768px) 100vw, 768px\" \/><\/figure><div class=\"wp-block-media-text__content\">\n<p>Allehelgen &#8211; superhelt<\/p>\n\n\n\n<div class=\"wp-block-file\"><a href=\"https:\/\/billed-bibel-samtale.dk\/wp-content\/uploads\/2022\/11\/AlleHelg_Superhelt_1-scaled.jpg\" class=\"wp-block-file__button wp-element-button\" download>Download<\/a><\/div>\n<\/div><\/div>\n\n\n\n<hr class=\"wp-block-separator has-text-color has-white-color has-alpha-channel-opacity has-white-background-color has-background\"\/>\n\n\n\n<hr class=\"wp-block-separator has-alpha-channel-opacity is-style-wide\"\/>\n\n\n\n<div class=\"wp-block-media-text alignwide\" style=\"grid-template-columns:15% auto\"><figure class=\"wp-block-media-text__media\"><img loading=\"lazy\" decoding=\"async\" width=\"250\" height=\"107\" src=\"https:\/\/billed-bibel-samtale.dk\/wp-content\/uploads\/2023\/01\/logo-250.jpg\" alt=\"\" class=\"wp-image-915 size-full\"\/><\/figure><div class=\"wp-block-media-text__content\">\n<p>Links til forskellige sider:<br><a href=\"https:\/\/billed-bibel-samtale.dk\/\">Forside<\/a> \/ <a href=\"https:\/\/billed-bibel-samtale.dk\/?page_id=62\">Jul<\/a> &#8211; <a href=\"https:\/\/billed-bibel-samtale.dk\/?page_id=9\">P\u00e5ske<\/a> &#8211; <a href=\"https:\/\/billed-bibel-samtale.dk\/?page_id=30\">Pinse<\/a> &#8211; <a href=\"https:\/\/billed-bibel-samtale.dk\/?page_id=119\">D\u00e5b<\/a> &#8211; <a href=\"https:\/\/billed-bibel-samtale.dk\/?page_id=856\">Fadervor<\/a> \/ <a href=\"https:\/\/billed-bibel-samtale.dk\/?page_id=408\">Salmer og sange<\/a> &#8211; <a href=\"https:\/\/billed-bibel-samtale.dk\/?page_id=529\">Noder<\/a> &#8211; <a href=\"https:\/\/billed-bibel-samtale.dk\/?page_id=489\">Tekster<\/a> &#8211; <a href=\"https:\/\/billed-bibel-samtale.dk\/?page_id=657\">Tegninger<\/a> &#8211; <a href=\"https:\/\/billed-bibel-samtale.dk\/?page_id=320\">Fotos<\/a> \/ <a href=\"https:\/\/billed-bibel-samtale.dk\/?page_id=807\">Nyttige Links<\/a> &#8211; <a href=\"https:\/\/billed-bibel-samtale.dk\/?page_id=153\">Erfaringer<\/a> &#8211; <a href=\"https:\/\/billed-bibel-samtale.dk\/?page_id=128\">Om billed-bibel-samtale\u2026<\/a> &#8211; <a href=\"https:\/\/billed-bibel-samtale.dk\/?page_id=56\">Kontakt os<\/a><\/p>\n<\/div><\/div>\n","protected":false},"excerpt":{"rendered":"<p>Fotos til brug for B\u00f8rnetjenesten til allehelgen. Til anvendelse ved hver af de seks fester\/h\u00f8jtider stiller vi nogle fotos til<\/p>\n<p><a href=\"https:\/\/billed-bibel-samtale.dk\/?page_id=329\" class=\"more-link\">Continue reading<span class=\"screen-reader-text\">Fotos &#8211; allehelgen<\/span><\/a><\/p>\n","protected":false},"author":1,"featured_media":0,"parent":0,"menu_order":0,"comment_status":"closed","ping_status":"closed","template":"templates\/full-width-page.php","meta":{"footnotes":""},"class_list":["post-329","page","type-page","status-publish","hentry"],"_links":{"self":[{"href":"https:\/\/billed-bibel-samtale.dk\/index.php?rest_route=\/wp\/v2\/pages\/329","targetHints":{"allow":["GET"]}}],"collection":[{"href":"https:\/\/billed-bibel-samtale.dk\/index.php?rest_route=\/wp\/v2\/pages"}],"about":[{"href":"https:\/\/billed-bibel-samtale.dk\/index.php?rest_route=\/wp\/v2\/types\/page"}],"author":[{"embeddable":true,"href":"https:\/\/billed-bibel-samtale.dk\/index.php?rest_route=\/wp\/v2\/users\/1"}],"replies":[{"embeddable":true,"href":"https:\/\/billed-bibel-samtale.dk\/index.php?rest_route=%2Fwp%2Fv2%2Fcomments&post=329"}],"version-history":[{"count":13,"href":"https:\/\/billed-bibel-samtale.dk\/index.php?rest_route=\/wp\/v2\/pages\/329\/revisions"}],"predecessor-version":[{"id":1102,"href":"https:\/\/billed-bibel-samtale.dk\/index.php?rest_route=\/wp\/v2\/pages\/329\/revisions\/1102"}],"wp:attachment":[{"href":"https:\/\/billed-bibel-samtale.dk\/index.php?rest_route=%2Fwp%2Fv2%2Fmedia&parent=329"}],"curies":[{"name":"wp","href":"https:\/\/api.w.org\/{rel}","templated":true}]}}