{"id":320,"date":"2022-11-01T14:25:45","date_gmt":"2022-11-01T13:25:45","guid":{"rendered":"https:\/\/billed-bibel-samtale.dk\/?page_id=320"},"modified":"2023-02-21T08:29:30","modified_gmt":"2023-02-21T07:29:30","slug":"fotos","status":"publish","type":"page","link":"https:\/\/billed-bibel-samtale.dk\/?page_id=320","title":{"rendered":"Fotos"},"content":{"rendered":"\n<figure class=\"wp-block-image size-full\"><img loading=\"lazy\" decoding=\"async\" width=\"1023\" height=\"61\" src=\"https:\/\/billed-bibel-samtale.dk\/wp-content\/uploads\/2023\/02\/Fotos_Header.jpg\" alt=\"\" class=\"wp-image-1093\" srcset=\"https:\/\/billed-bibel-samtale.dk\/wp-content\/uploads\/2023\/02\/Fotos_Header.jpg 1023w, https:\/\/billed-bibel-samtale.dk\/wp-content\/uploads\/2023\/02\/Fotos_Header-300x18.jpg 300w, https:\/\/billed-bibel-samtale.dk\/wp-content\/uploads\/2023\/02\/Fotos_Header-768x46.jpg 768w\" sizes=\"auto, (max-width: 1023px) 100vw, 1023px\" \/><\/figure>\n\n\n\n<p>Til anvendelse ved hver af de seks fester\/h\u00f8jtider stiller vi nogle fotos til r\u00e5dighed som supplement til dem, der kan hentes hos B\u00f8rnetjenesten. P\u00e5 denne side vises kun nogle f\u00e5 eksempler. <br>Alle fotos kan ses og downloades p\u00e5 de respektive sider, der er link til herunder.<br>Billederne kan frit og gratis anvendes indenfor kirkelige aktiviteter.<\/p>\n\n\n\n<hr class=\"wp-block-separator has-alpha-channel-opacity\"\/>\n\n\n\n<p style=\"font-size:24px\"><strong>Jul<\/strong><\/p>\n\n\n\n<figure class=\"wp-block-image size-full\"><img loading=\"lazy\" decoding=\"async\" width=\"1024\" height=\"174\" src=\"https:\/\/billed-bibel-samtale.dk\/wp-content\/uploads\/2022\/11\/Jul_Overview_Small_2.jpg\" alt=\"\" class=\"wp-image-439\" srcset=\"https:\/\/billed-bibel-samtale.dk\/wp-content\/uploads\/2022\/11\/Jul_Overview_Small_2.jpg 1024w, https:\/\/billed-bibel-samtale.dk\/wp-content\/uploads\/2022\/11\/Jul_Overview_Small_2-300x51.jpg 300w, https:\/\/billed-bibel-samtale.dk\/wp-content\/uploads\/2022\/11\/Jul_Overview_Small_2-768x131.jpg 768w\" sizes=\"auto, (max-width: 1024px) 100vw, 1024px\" \/><\/figure>\n\n\n\n<p>Fotos til brug ved jul kan downloades fra denne side: <a href=\"https:\/\/billed-bibel-samtale.dk\/?page_id=308\" data-type=\"page\" data-id=\"308\">Fotos \u2013 jul<\/a><\/p>\n\n\n\n<hr class=\"wp-block-separator has-alpha-channel-opacity\"\/>\n\n\n\n<p style=\"font-size:24px\"><strong>Fastelavn<\/strong><\/p>\n\n\n\n<figure class=\"wp-block-image size-full\"><img loading=\"lazy\" decoding=\"async\" width=\"1024\" height=\"202\" src=\"https:\/\/billed-bibel-samtale.dk\/wp-content\/uploads\/2022\/11\/Faste_overview_small.jpg\" alt=\"\" class=\"wp-image-442\" srcset=\"https:\/\/billed-bibel-samtale.dk\/wp-content\/uploads\/2022\/11\/Faste_overview_small.jpg 1024w, https:\/\/billed-bibel-samtale.dk\/wp-content\/uploads\/2022\/11\/Faste_overview_small-300x59.jpg 300w, https:\/\/billed-bibel-samtale.dk\/wp-content\/uploads\/2022\/11\/Faste_overview_small-768x152.jpg 768w\" sizes=\"auto, (max-width: 1024px) 100vw, 1024px\" \/><\/figure>\n\n\n\n<p>Fotos til brug ved fastelavn kan downloades fra denne side: <a href=\"https:\/\/billed-bibel-samtale.dk\/?page_id=331\" data-type=\"page\" data-id=\"331\">Fotos \u2013 fastelavn<\/a><\/p>\n\n\n\n<hr class=\"wp-block-separator has-alpha-channel-opacity\"\/>\n\n\n\n<p style=\"font-size:24px\"><strong>P\u00e5ske<\/strong><\/p>\n\n\n\n<figure class=\"wp-block-image size-full\"><img loading=\"lazy\" decoding=\"async\" width=\"1024\" height=\"175\" src=\"https:\/\/billed-bibel-samtale.dk\/wp-content\/uploads\/2022\/08\/Paaske_Overview_Small.jpg\" alt=\"\" class=\"wp-image-25\" srcset=\"https:\/\/billed-bibel-samtale.dk\/wp-content\/uploads\/2022\/08\/Paaske_Overview_Small.jpg 1024w, https:\/\/billed-bibel-samtale.dk\/wp-content\/uploads\/2022\/08\/Paaske_Overview_Small-300x51.jpg 300w, https:\/\/billed-bibel-samtale.dk\/wp-content\/uploads\/2022\/08\/Paaske_Overview_Small-768x131.jpg 768w\" sizes=\"auto, (max-width: 1024px) 100vw, 1024px\" \/><\/figure>\n\n\n\n<p>Fotos til brug ved p\u00e5ske kan downloades fra denne side: <a href=\"https:\/\/billed-bibel-samtale.dk\/?page_id=287\">Fotos \u2013 p\u00e5ske<\/a><\/p>\n\n\n\n<hr class=\"wp-block-separator has-alpha-channel-opacity\"\/>\n\n\n\n<p style=\"font-size:24px\"><strong>Pinse<\/strong><\/p>\n\n\n\n<figure class=\"wp-block-image size-full\"><img loading=\"lazy\" decoding=\"async\" width=\"1024\" height=\"155\" src=\"https:\/\/billed-bibel-samtale.dk\/wp-content\/uploads\/2022\/08\/Pinse_Overview_Small.jpg\" alt=\"\" class=\"wp-image-26\" srcset=\"https:\/\/billed-bibel-samtale.dk\/wp-content\/uploads\/2022\/08\/Pinse_Overview_Small.jpg 1024w, https:\/\/billed-bibel-samtale.dk\/wp-content\/uploads\/2022\/08\/Pinse_Overview_Small-300x45.jpg 300w, https:\/\/billed-bibel-samtale.dk\/wp-content\/uploads\/2022\/08\/Pinse_Overview_Small-768x116.jpg 768w\" sizes=\"auto, (max-width: 1024px) 100vw, 1024px\" \/><\/figure>\n\n\n\n<p>Fotos til brug ved pinse kan downloades fra denne side: <a href=\"https:\/\/billed-bibel-samtale.dk\/?page_id=237\" data-type=\"page\" data-id=\"237\">Fotos \u2013 pinse<\/a><\/p>\n\n\n\n<hr class=\"wp-block-separator has-alpha-channel-opacity\"\/>\n\n\n\n<p style=\"font-size:24px\"><strong>H\u00f8st<\/strong><\/p>\n\n\n\n<figure class=\"wp-block-image size-full\"><img loading=\"lazy\" decoding=\"async\" width=\"1024\" height=\"186\" src=\"https:\/\/billed-bibel-samtale.dk\/wp-content\/uploads\/2022\/11\/Hoest_overview_small.jpg\" alt=\"\" class=\"wp-image-445\" srcset=\"https:\/\/billed-bibel-samtale.dk\/wp-content\/uploads\/2022\/11\/Hoest_overview_small.jpg 1024w, https:\/\/billed-bibel-samtale.dk\/wp-content\/uploads\/2022\/11\/Hoest_overview_small-300x54.jpg 300w, https:\/\/billed-bibel-samtale.dk\/wp-content\/uploads\/2022\/11\/Hoest_overview_small-768x140.jpg 768w\" sizes=\"auto, (max-width: 1024px) 100vw, 1024px\" \/><\/figure>\n\n\n\n<p>Fotos til brug ved h\u00f8st kan downloades fra denne side: <a href=\"https:\/\/billed-bibel-samtale.dk\/?page_id=333\" data-type=\"page\" data-id=\"333\">Fotos \u2013 h\u00f8st<\/a><\/p>\n\n\n\n<hr class=\"wp-block-separator has-alpha-channel-opacity\"\/>\n\n\n\n<p style=\"font-size:24px\"><strong>Allehelgen<\/strong><\/p>\n\n\n\n<figure class=\"wp-block-image size-full\"><img loading=\"lazy\" decoding=\"async\" width=\"1024\" height=\"205\" src=\"https:\/\/billed-bibel-samtale.dk\/wp-content\/uploads\/2022\/11\/AlleHelg_overview_small.jpg\" alt=\"\" class=\"wp-image-447\" srcset=\"https:\/\/billed-bibel-samtale.dk\/wp-content\/uploads\/2022\/11\/AlleHelg_overview_small.jpg 1024w, https:\/\/billed-bibel-samtale.dk\/wp-content\/uploads\/2022\/11\/AlleHelg_overview_small-300x60.jpg 300w, https:\/\/billed-bibel-samtale.dk\/wp-content\/uploads\/2022\/11\/AlleHelg_overview_small-768x154.jpg 768w\" sizes=\"auto, (max-width: 1024px) 100vw, 1024px\" \/><\/figure>\n\n\n\n<p>Fotos til brug ved allehelgen kan downloades fra denne side: <a href=\"https:\/\/billed-bibel-samtale.dk\/?page_id=329\" data-type=\"page\" data-id=\"329\">Fotos \u2013 allehelgen<\/a><\/p>\n\n\n\n<hr class=\"wp-block-separator has-alpha-channel-opacity is-style-wide\"\/>\n\n\n\n<p>Bem\u00e6rk venligst at der ogs\u00e5 findes mange andre steder, hvor du kan finde billeder til disse temaer. <br>Der findes gratis fotos til anvendelse i folkekirken i Materialebanken &#8211; <a rel=\"noreferrer noopener\" href=\"https:\/\/www.folkekirken.dk\/kontakt\/materialebank\" target=\"_blank\">Folkekirkens Materialebank<\/a>. Der kan ogs\u00e5 findes motiver og inspiration p\u00e5 Flickr, hvor Aalborg Stift har en stribe billeder &#8211; se dem her: <a rel=\"noreferrer noopener\" href=\"https:\/\/www.flickr.com\/photos\/aalborgstift\/albums\" target=\"_blank\">Aalborg Stift p\u00e5 Flickr<\/a><\/p>\n\n\n\n<p>Se eventuelt flere muligheder p\u00e5 vores <a href=\"https:\/\/billed-bibel-samtale.dk\/?page_id=807\" data-type=\"page\" data-id=\"807\">side med Nyttige Links<\/a>.<\/p>\n\n\n\n<hr class=\"wp-block-separator has-alpha-channel-opacity is-style-wide\"\/>\n\n\n\n<div class=\"wp-block-media-text alignwide\" style=\"grid-template-columns:15% auto\"><figure class=\"wp-block-media-text__media\"><img loading=\"lazy\" decoding=\"async\" width=\"250\" height=\"107\" src=\"https:\/\/billed-bibel-samtale.dk\/wp-content\/uploads\/2023\/01\/logo-250.jpg\" alt=\"\" class=\"wp-image-915 size-full\"\/><\/figure><div class=\"wp-block-media-text__content\">\n<p>Links til forskellige sider:<br><a href=\"https:\/\/billed-bibel-samtale.dk\/\">Forside<\/a> \/ <a href=\"https:\/\/billed-bibel-samtale.dk\/?page_id=62\">Jul<\/a> &#8211; <a href=\"https:\/\/billed-bibel-samtale.dk\/?page_id=9\">P\u00e5ske<\/a> &#8211; <a href=\"https:\/\/billed-bibel-samtale.dk\/?page_id=30\">Pinse<\/a> &#8211; <a href=\"https:\/\/billed-bibel-samtale.dk\/?page_id=119\">D\u00e5b<\/a> &#8211; <a href=\"https:\/\/billed-bibel-samtale.dk\/?page_id=856\">Fadervor<\/a> \/ <a href=\"https:\/\/billed-bibel-samtale.dk\/?page_id=408\">Salmer og sange<\/a> &#8211; <a href=\"https:\/\/billed-bibel-samtale.dk\/?page_id=529\">Noder<\/a> &#8211; <a href=\"https:\/\/billed-bibel-samtale.dk\/?page_id=489\">Tekster<\/a> &#8211; <a href=\"https:\/\/billed-bibel-samtale.dk\/?page_id=657\">Tegninger<\/a> &#8211; <a href=\"https:\/\/billed-bibel-samtale.dk\/?page_id=320\">Fotos<\/a> \/ <a href=\"https:\/\/billed-bibel-samtale.dk\/?page_id=807\">Nyttige Links<\/a> &#8211; <a href=\"https:\/\/billed-bibel-samtale.dk\/?page_id=153\">Erfaringer<\/a> &#8211; <a href=\"https:\/\/billed-bibel-samtale.dk\/?page_id=128\">Om billed-bibel-samtale\u2026<\/a> &#8211; <a href=\"https:\/\/billed-bibel-samtale.dk\/?page_id=56\">Kontakt os<\/a><\/p>\n<\/div><\/div>\n","protected":false},"excerpt":{"rendered":"<p>Til anvendelse ved hver af de seks fester\/h\u00f8jtider stiller vi nogle fotos til r\u00e5dighed som supplement til dem, der kan<\/p>\n<p><a href=\"https:\/\/billed-bibel-samtale.dk\/?page_id=320\" class=\"more-link\">Continue reading<span class=\"screen-reader-text\">Fotos<\/span><\/a><\/p>\n","protected":false},"author":1,"featured_media":0,"parent":0,"menu_order":0,"comment_status":"closed","ping_status":"closed","template":"","meta":{"footnotes":""},"class_list":["post-320","page","type-page","status-publish","hentry"],"_links":{"self":[{"href":"https:\/\/billed-bibel-samtale.dk\/index.php?rest_route=\/wp\/v2\/pages\/320","targetHints":{"allow":["GET"]}}],"collection":[{"href":"https:\/\/billed-bibel-samtale.dk\/index.php?rest_route=\/wp\/v2\/pages"}],"about":[{"href":"https:\/\/billed-bibel-samtale.dk\/index.php?rest_route=\/wp\/v2\/types\/page"}],"author":[{"embeddable":true,"href":"https:\/\/billed-bibel-samtale.dk\/index.php?rest_route=\/wp\/v2\/users\/1"}],"replies":[{"embeddable":true,"href":"https:\/\/billed-bibel-samtale.dk\/index.php?rest_route=%2Fwp%2Fv2%2Fcomments&post=320"}],"version-history":[{"count":33,"href":"https:\/\/billed-bibel-samtale.dk\/index.php?rest_route=\/wp\/v2\/pages\/320\/revisions"}],"predecessor-version":[{"id":1094,"href":"https:\/\/billed-bibel-samtale.dk\/index.php?rest_route=\/wp\/v2\/pages\/320\/revisions\/1094"}],"wp:attachment":[{"href":"https:\/\/billed-bibel-samtale.dk\/index.php?rest_route=%2Fwp%2Fv2%2Fmedia&parent=320"}],"curies":[{"name":"wp","href":"https:\/\/api.w.org\/{rel}","templated":true}]}}