{"id":308,"date":"2022-11-01T11:29:24","date_gmt":"2022-11-01T10:29:24","guid":{"rendered":"https:\/\/billed-bibel-samtale.dk\/?page_id=308"},"modified":"2023-02-22T08:46:03","modified_gmt":"2023-02-22T07:46:03","slug":"fotos-jul","status":"publish","type":"page","link":"https:\/\/billed-bibel-samtale.dk\/?page_id=308","title":{"rendered":"Fotos &#8211; jul"},"content":{"rendered":"\n<figure class=\"wp-block-image size-full\"><img loading=\"lazy\" decoding=\"async\" width=\"1024\" height=\"104\" src=\"https:\/\/billed-bibel-samtale.dk\/wp-content\/uploads\/2023\/02\/Jul_Header.jpg\" alt=\"\" class=\"wp-image-1096\" srcset=\"https:\/\/billed-bibel-samtale.dk\/wp-content\/uploads\/2023\/02\/Jul_Header.jpg 1024w, https:\/\/billed-bibel-samtale.dk\/wp-content\/uploads\/2023\/02\/Jul_Header-300x30.jpg 300w, https:\/\/billed-bibel-samtale.dk\/wp-content\/uploads\/2023\/02\/Jul_Header-768x78.jpg 768w\" sizes=\"auto, (max-width: 1024px) 100vw, 1024px\" \/><\/figure>\n\n\n\n<p style=\"font-size:24px\"><strong>Fotos til brug for B\u00f8rnetjenesten til jul.<\/strong><\/p>\n\n\n\n<p>Til anvendelse ved hver af de seks fester\/h\u00f8jtider stiller vi nogle fotos til r\u00e5dighed som supplement til dem som kan hentes hos B\u00f8rnetjenesten. De kan downloades herunder.<br>Billederne kan frit og gratis anvendes indenfor kirkelige aktiviteter, og de er ment som en \u00e5bning til, at b\u00f8rnene f\u00e5r mulighed for at fundere over sp\u00f8rgsm\u00e5lene.<br><strong>Emner til refleksion:<\/strong><br>&#8211; Hvad er et under? Er det altid godt at vente p\u00e5 noget?<br>&#8211; Kan Jesus b\u00e5de v\u00e6re menneske (et lille barn) og Guds s\u00f8n?<br>&#8211; Hvad er forventningens gl\u00e6de for noget? Og hvordan f\u00f8les det?<\/p>\n\n\n\n<div class=\"wp-block-media-text alignwide is-stacked-on-mobile\" style=\"grid-template-columns:70% auto\"><figure class=\"wp-block-media-text__media\"><img loading=\"lazy\" decoding=\"async\" width=\"1024\" height=\"683\" src=\"https:\/\/billed-bibel-samtale.dk\/wp-content\/uploads\/2022\/11\/Jul_stjernehimmel_1-1024x683.jpg\" alt=\"\" class=\"wp-image-304 size-full\" srcset=\"https:\/\/billed-bibel-samtale.dk\/wp-content\/uploads\/2022\/11\/Jul_stjernehimmel_1-1024x683.jpg 1024w, https:\/\/billed-bibel-samtale.dk\/wp-content\/uploads\/2022\/11\/Jul_stjernehimmel_1-300x200.jpg 300w, https:\/\/billed-bibel-samtale.dk\/wp-content\/uploads\/2022\/11\/Jul_stjernehimmel_1-768x512.jpg 768w, https:\/\/billed-bibel-samtale.dk\/wp-content\/uploads\/2022\/11\/Jul_stjernehimmel_1-1536x1024.jpg 1536w, https:\/\/billed-bibel-samtale.dk\/wp-content\/uploads\/2022\/11\/Jul_stjernehimmel_1-2048x1365.jpg 2048w\" sizes=\"auto, (max-width: 1024px) 100vw, 1024px\" \/><\/figure><div class=\"wp-block-media-text__content\">\n<p>Jul &#8211; himmel<\/p>\n\n\n\n<div class=\"wp-block-file\"><a href=\"https:\/\/billed-bibel-samtale.dk\/wp-content\/uploads\/2022\/11\/Jul_stjernehimmel_1-scaled.jpg\" class=\"wp-block-file__button wp-element-button\" download>Download<\/a><\/div>\n<\/div><\/div>\n\n\n\n<hr class=\"wp-block-separator has-text-color has-white-color has-alpha-channel-opacity has-white-background-color has-background\"\/>\n\n\n\n<div class=\"wp-block-media-text alignwide is-stacked-on-mobile\" style=\"grid-template-columns:70% auto\"><figure class=\"wp-block-media-text__media\"><img loading=\"lazy\" decoding=\"async\" width=\"1024\" height=\"768\" src=\"https:\/\/billed-bibel-samtale.dk\/wp-content\/uploads\/2022\/11\/Jul_stjerne_1-1024x768.jpg\" alt=\"\" class=\"wp-image-306 size-full\" srcset=\"https:\/\/billed-bibel-samtale.dk\/wp-content\/uploads\/2022\/11\/Jul_stjerne_1-1024x768.jpg 1024w, https:\/\/billed-bibel-samtale.dk\/wp-content\/uploads\/2022\/11\/Jul_stjerne_1-300x225.jpg 300w, https:\/\/billed-bibel-samtale.dk\/wp-content\/uploads\/2022\/11\/Jul_stjerne_1-768x576.jpg 768w, https:\/\/billed-bibel-samtale.dk\/wp-content\/uploads\/2022\/11\/Jul_stjerne_1-1536x1152.jpg 1536w, https:\/\/billed-bibel-samtale.dk\/wp-content\/uploads\/2022\/11\/Jul_stjerne_1-508x381.jpg 508w, https:\/\/billed-bibel-samtale.dk\/wp-content\/uploads\/2022\/11\/Jul_stjerne_1.jpg 1636w\" sizes=\"auto, (max-width: 1024px) 100vw, 1024px\" \/><\/figure><div class=\"wp-block-media-text__content\">\n<p><\/p>\n\n\n\n<p>Jul &#8211; julestjerne<\/p>\n\n\n\n<div class=\"wp-block-file\"><a href=\"https:\/\/billed-bibel-samtale.dk\/wp-content\/uploads\/2022\/11\/Jul_stjerne_1.jpg\" class=\"wp-block-file__button wp-element-button\" download>Download<\/a><\/div>\n<\/div><\/div>\n\n\n\n<hr class=\"wp-block-separator has-text-color has-white-color has-alpha-channel-opacity has-white-background-color has-background\"\/>\n\n\n\n<div class=\"wp-block-media-text alignwide is-stacked-on-mobile\" style=\"grid-template-columns:70% auto\"><figure class=\"wp-block-media-text__media\"><img loading=\"lazy\" decoding=\"async\" width=\"1024\" height=\"683\" src=\"https:\/\/billed-bibel-samtale.dk\/wp-content\/uploads\/2022\/11\/Jul_adventskrans-1024x683.jpg\" alt=\"\" class=\"wp-image-302 size-full\" srcset=\"https:\/\/billed-bibel-samtale.dk\/wp-content\/uploads\/2022\/11\/Jul_adventskrans-1024x683.jpg 1024w, https:\/\/billed-bibel-samtale.dk\/wp-content\/uploads\/2022\/11\/Jul_adventskrans-300x200.jpg 300w, https:\/\/billed-bibel-samtale.dk\/wp-content\/uploads\/2022\/11\/Jul_adventskrans-768x512.jpg 768w, https:\/\/billed-bibel-samtale.dk\/wp-content\/uploads\/2022\/11\/Jul_adventskrans-1536x1024.jpg 1536w, https:\/\/billed-bibel-samtale.dk\/wp-content\/uploads\/2022\/11\/Jul_adventskrans-2048x1365.jpg 2048w\" sizes=\"auto, (max-width: 1024px) 100vw, 1024px\" \/><\/figure><div class=\"wp-block-media-text__content\">\n<p><\/p>\n\n\n\n<p>Jul &#8211; adventskrans<\/p>\n\n\n\n<div class=\"wp-block-file\"><a href=\"https:\/\/billed-bibel-samtale.dk\/wp-content\/uploads\/2022\/11\/Jul_adventskrans-scaled.jpg\" class=\"wp-block-file__button wp-element-button\" download>Download<\/a><\/div>\n<\/div><\/div>\n\n\n\n<hr class=\"wp-block-separator has-text-color has-white-color has-alpha-channel-opacity has-white-background-color has-background\"\/>\n\n\n\n<div class=\"wp-block-media-text alignwide is-stacked-on-mobile\" style=\"grid-template-columns:70% auto\"><figure class=\"wp-block-media-text__media\"><img loading=\"lazy\" decoding=\"async\" width=\"1024\" height=\"683\" src=\"https:\/\/billed-bibel-samtale.dk\/wp-content\/uploads\/2022\/12\/Jul_krybbespil_4-1024x683.jpg\" alt=\"\" class=\"wp-image-768 size-full\" srcset=\"https:\/\/billed-bibel-samtale.dk\/wp-content\/uploads\/2022\/12\/Jul_krybbespil_4-1024x683.jpg 1024w, https:\/\/billed-bibel-samtale.dk\/wp-content\/uploads\/2022\/12\/Jul_krybbespil_4-300x200.jpg 300w, https:\/\/billed-bibel-samtale.dk\/wp-content\/uploads\/2022\/12\/Jul_krybbespil_4-768x512.jpg 768w, https:\/\/billed-bibel-samtale.dk\/wp-content\/uploads\/2022\/12\/Jul_krybbespil_4-1536x1024.jpg 1536w, https:\/\/billed-bibel-samtale.dk\/wp-content\/uploads\/2022\/12\/Jul_krybbespil_4-2048x1365.jpg 2048w\" sizes=\"auto, (max-width: 1024px) 100vw, 1024px\" \/><\/figure><div class=\"wp-block-media-text__content\">\n<p><\/p>\n\n\n\n<p>Jul &#8211; krybbespil<\/p>\n\n\n\n<div class=\"wp-block-file\"><a href=\"https:\/\/billed-bibel-samtale.dk\/wp-content\/uploads\/2022\/12\/Jul_krybbespil_4-scaled.jpg\" class=\"wp-block-file__button wp-element-button\" download>Download<\/a><\/div>\n<\/div><\/div>\n\n\n\n<hr class=\"wp-block-separator has-text-color has-white-color has-alpha-channel-opacity has-white-background-color has-background\"\/>\n\n\n\n<div class=\"wp-block-media-text alignwide is-stacked-on-mobile\" style=\"grid-template-columns:70% auto\"><figure class=\"wp-block-media-text__media\"><img loading=\"lazy\" decoding=\"async\" width=\"768\" height=\"1024\" src=\"https:\/\/billed-bibel-samtale.dk\/wp-content\/uploads\/2022\/11\/Jul_stjerne_2-768x1024.jpg\" alt=\"\" class=\"wp-image-305 size-full\" srcset=\"https:\/\/billed-bibel-samtale.dk\/wp-content\/uploads\/2022\/11\/Jul_stjerne_2-768x1024.jpg 768w, https:\/\/billed-bibel-samtale.dk\/wp-content\/uploads\/2022\/11\/Jul_stjerne_2-225x300.jpg 225w, https:\/\/billed-bibel-samtale.dk\/wp-content\/uploads\/2022\/11\/Jul_stjerne_2-1152x1536.jpg 1152w, https:\/\/billed-bibel-samtale.dk\/wp-content\/uploads\/2022\/11\/Jul_stjerne_2-1536x2048.jpg 1536w, https:\/\/billed-bibel-samtale.dk\/wp-content\/uploads\/2022\/11\/Jul_stjerne_2-scaled.jpg 1920w\" sizes=\"auto, (max-width: 768px) 100vw, 768px\" \/><\/figure><div class=\"wp-block-media-text__content\">\n<p>Jul &#8211; julestjerne<\/p>\n\n\n\n<div class=\"wp-block-file\"><a href=\"https:\/\/billed-bibel-samtale.dk\/wp-content\/uploads\/2022\/11\/Jul_stjerne_2-scaled.jpg\" class=\"wp-block-file__button wp-element-button\" download>Download<\/a><\/div>\n<\/div><\/div>\n\n\n\n<hr class=\"wp-block-separator has-text-color has-white-color has-alpha-channel-opacity has-white-background-color has-background\"\/>\n\n\n\n<div class=\"wp-block-media-text alignwide is-stacked-on-mobile\" style=\"grid-template-columns:70% auto\"><figure class=\"wp-block-media-text__media\"><img loading=\"lazy\" decoding=\"async\" width=\"1024\" height=\"768\" src=\"https:\/\/billed-bibel-samtale.dk\/wp-content\/uploads\/2022\/11\/Jul_snemand-1024x768.jpg\" alt=\"\" class=\"wp-image-307 size-full\" srcset=\"https:\/\/billed-bibel-samtale.dk\/wp-content\/uploads\/2022\/11\/Jul_snemand-1024x768.jpg 1024w, https:\/\/billed-bibel-samtale.dk\/wp-content\/uploads\/2022\/11\/Jul_snemand-300x225.jpg 300w, https:\/\/billed-bibel-samtale.dk\/wp-content\/uploads\/2022\/11\/Jul_snemand-768x576.jpg 768w, https:\/\/billed-bibel-samtale.dk\/wp-content\/uploads\/2022\/11\/Jul_snemand-1536x1152.jpg 1536w, https:\/\/billed-bibel-samtale.dk\/wp-content\/uploads\/2022\/11\/Jul_snemand-2048x1536.jpg 2048w, https:\/\/billed-bibel-samtale.dk\/wp-content\/uploads\/2022\/11\/Jul_snemand-508x381.jpg 508w\" sizes=\"auto, (max-width: 1024px) 100vw, 1024px\" \/><\/figure><div class=\"wp-block-media-text__content\">\n<p><\/p>\n\n\n\n<p>Jul &#8211; snemand<\/p>\n\n\n\n<div class=\"wp-block-file\"><a href=\"https:\/\/billed-bibel-samtale.dk\/wp-content\/uploads\/2022\/11\/Jul_snemand-scaled.jpg\" class=\"wp-block-file__button wp-element-button\" download>Download<\/a><\/div>\n<\/div><\/div>\n\n\n\n<hr class=\"wp-block-separator has-text-color has-white-color has-alpha-channel-opacity has-white-background-color has-background\"\/>\n\n\n\n<div class=\"wp-block-media-text alignwide is-stacked-on-mobile\" style=\"grid-template-columns:70% auto\"><figure class=\"wp-block-media-text__media\"><img loading=\"lazy\" decoding=\"async\" width=\"1024\" height=\"768\" src=\"https:\/\/billed-bibel-samtale.dk\/wp-content\/uploads\/2022\/12\/Jul_baby-1024x768.jpg\" alt=\"\" class=\"wp-image-764 size-full\" srcset=\"https:\/\/billed-bibel-samtale.dk\/wp-content\/uploads\/2022\/12\/Jul_baby-1024x768.jpg 1024w, https:\/\/billed-bibel-samtale.dk\/wp-content\/uploads\/2022\/12\/Jul_baby-300x225.jpg 300w, https:\/\/billed-bibel-samtale.dk\/wp-content\/uploads\/2022\/12\/Jul_baby-768x576.jpg 768w, https:\/\/billed-bibel-samtale.dk\/wp-content\/uploads\/2022\/12\/Jul_baby-1536x1152.jpg 1536w, https:\/\/billed-bibel-samtale.dk\/wp-content\/uploads\/2022\/12\/Jul_baby-2048x1536.jpg 2048w, https:\/\/billed-bibel-samtale.dk\/wp-content\/uploads\/2022\/12\/Jul_baby-508x381.jpg 508w\" sizes=\"auto, (max-width: 1024px) 100vw, 1024px\" \/><\/figure><div class=\"wp-block-media-text__content\">\n<p>Jul &#8211; baby<\/p>\n\n\n\n<div class=\"wp-block-file\"><a href=\"https:\/\/billed-bibel-samtale.dk\/wp-content\/uploads\/2022\/12\/Jul_baby-scaled.jpg\" class=\"wp-block-file__button wp-element-button\" download>Download<\/a><\/div>\n<\/div><\/div>\n\n\n\n<hr class=\"wp-block-separator has-text-color has-white-color has-alpha-channel-opacity has-white-background-color has-background\"\/>\n\n\n\n<div class=\"wp-block-media-text alignwide is-stacked-on-mobile\" style=\"grid-template-columns:70% auto\"><figure class=\"wp-block-media-text__media\"><img loading=\"lazy\" decoding=\"async\" width=\"1024\" height=\"768\" src=\"https:\/\/billed-bibel-samtale.dk\/wp-content\/uploads\/2022\/12\/Jul_krybbespil_1-1024x768.jpg\" alt=\"\" class=\"wp-image-765 size-full\" srcset=\"https:\/\/billed-bibel-samtale.dk\/wp-content\/uploads\/2022\/12\/Jul_krybbespil_1-1024x768.jpg 1024w, https:\/\/billed-bibel-samtale.dk\/wp-content\/uploads\/2022\/12\/Jul_krybbespil_1-300x225.jpg 300w, https:\/\/billed-bibel-samtale.dk\/wp-content\/uploads\/2022\/12\/Jul_krybbespil_1-768x576.jpg 768w, https:\/\/billed-bibel-samtale.dk\/wp-content\/uploads\/2022\/12\/Jul_krybbespil_1-1536x1152.jpg 1536w, https:\/\/billed-bibel-samtale.dk\/wp-content\/uploads\/2022\/12\/Jul_krybbespil_1-2048x1536.jpg 2048w, https:\/\/billed-bibel-samtale.dk\/wp-content\/uploads\/2022\/12\/Jul_krybbespil_1-508x381.jpg 508w\" sizes=\"auto, (max-width: 1024px) 100vw, 1024px\" \/><\/figure><div class=\"wp-block-media-text__content\">\n<p>Jul &#8211; krybbespil<\/p>\n\n\n\n<div class=\"wp-block-file\"><a href=\"https:\/\/billed-bibel-samtale.dk\/wp-content\/uploads\/2022\/12\/Jul_krybbespil_1.jpg\" class=\"wp-block-file__button wp-element-button\" download>Download<\/a><\/div>\n<\/div><\/div>\n\n\n\n<hr class=\"wp-block-separator has-text-color has-white-color has-alpha-channel-opacity has-white-background-color has-background\"\/>\n\n\n\n<div class=\"wp-block-media-text alignwide is-stacked-on-mobile\" style=\"grid-template-columns:70% auto\"><figure class=\"wp-block-media-text__media\"><img loading=\"lazy\" decoding=\"async\" width=\"1024\" height=\"768\" src=\"https:\/\/billed-bibel-samtale.dk\/wp-content\/uploads\/2022\/12\/Jul_adventskrans_2-1024x768.jpg\" alt=\"\" class=\"wp-image-790 size-full\" srcset=\"https:\/\/billed-bibel-samtale.dk\/wp-content\/uploads\/2022\/12\/Jul_adventskrans_2-1024x768.jpg 1024w, https:\/\/billed-bibel-samtale.dk\/wp-content\/uploads\/2022\/12\/Jul_adventskrans_2-300x225.jpg 300w, https:\/\/billed-bibel-samtale.dk\/wp-content\/uploads\/2022\/12\/Jul_adventskrans_2-768x576.jpg 768w, https:\/\/billed-bibel-samtale.dk\/wp-content\/uploads\/2022\/12\/Jul_adventskrans_2-1536x1152.jpg 1536w, https:\/\/billed-bibel-samtale.dk\/wp-content\/uploads\/2022\/12\/Jul_adventskrans_2-2048x1536.jpg 2048w, https:\/\/billed-bibel-samtale.dk\/wp-content\/uploads\/2022\/12\/Jul_adventskrans_2-508x381.jpg 508w\" sizes=\"auto, (max-width: 1024px) 100vw, 1024px\" \/><\/figure><div class=\"wp-block-media-text__content\">\n<p>Jul &#8211; adventskrans<\/p>\n\n\n\n<div class=\"wp-block-file\"><a href=\"https:\/\/billed-bibel-samtale.dk\/wp-content\/uploads\/2022\/12\/Jul_adventskrans_2-scaled.jpg\" class=\"wp-block-file__button wp-element-button\" download>Download<\/a><\/div>\n<\/div><\/div>\n\n\n\n<hr class=\"wp-block-separator has-text-color has-white-color has-alpha-channel-opacity has-white-background-color has-background\"\/>\n\n\n\n<div class=\"wp-block-media-text alignwide is-stacked-on-mobile\" style=\"grid-template-columns:70% auto\"><figure class=\"wp-block-media-text__media\"><img loading=\"lazy\" decoding=\"async\" width=\"768\" height=\"1024\" src=\"https:\/\/billed-bibel-samtale.dk\/wp-content\/uploads\/2022\/12\/Jul_krybbespil_2-768x1024.jpg\" alt=\"\" class=\"wp-image-766 size-full\" srcset=\"https:\/\/billed-bibel-samtale.dk\/wp-content\/uploads\/2022\/12\/Jul_krybbespil_2-768x1024.jpg 768w, https:\/\/billed-bibel-samtale.dk\/wp-content\/uploads\/2022\/12\/Jul_krybbespil_2-225x300.jpg 225w, https:\/\/billed-bibel-samtale.dk\/wp-content\/uploads\/2022\/12\/Jul_krybbespil_2-1152x1536.jpg 1152w, https:\/\/billed-bibel-samtale.dk\/wp-content\/uploads\/2022\/12\/Jul_krybbespil_2-1536x2048.jpg 1536w, https:\/\/billed-bibel-samtale.dk\/wp-content\/uploads\/2022\/12\/Jul_krybbespil_2-scaled.jpg 1920w\" sizes=\"auto, (max-width: 768px) 100vw, 768px\" \/><\/figure><div class=\"wp-block-media-text__content\">\n<p><\/p>\n\n\n\n<p>Jul &#8211; krybbespil<\/p>\n\n\n\n<div class=\"wp-block-file\"><a href=\"https:\/\/billed-bibel-samtale.dk\/wp-content\/uploads\/2022\/12\/Jul_krybbespil_2-scaled.jpg\" class=\"wp-block-file__button wp-element-button\" download>Download<\/a><\/div>\n<\/div><\/div>\n\n\n\n<hr class=\"wp-block-separator has-text-color has-white-color has-alpha-channel-opacity has-white-background-color has-background\"\/>\n\n\n\n<div class=\"wp-block-media-text alignwide is-stacked-on-mobile\" style=\"grid-template-columns:70% auto\"><figure class=\"wp-block-media-text__media\"><img loading=\"lazy\" decoding=\"async\" width=\"1024\" height=\"768\" src=\"https:\/\/billed-bibel-samtale.dk\/wp-content\/uploads\/2022\/12\/Jul_krybbespil_3-1024x768.jpg\" alt=\"\" class=\"wp-image-767 size-full\" srcset=\"https:\/\/billed-bibel-samtale.dk\/wp-content\/uploads\/2022\/12\/Jul_krybbespil_3-1024x768.jpg 1024w, https:\/\/billed-bibel-samtale.dk\/wp-content\/uploads\/2022\/12\/Jul_krybbespil_3-300x225.jpg 300w, https:\/\/billed-bibel-samtale.dk\/wp-content\/uploads\/2022\/12\/Jul_krybbespil_3-768x576.jpg 768w, https:\/\/billed-bibel-samtale.dk\/wp-content\/uploads\/2022\/12\/Jul_krybbespil_3-1536x1152.jpg 1536w, https:\/\/billed-bibel-samtale.dk\/wp-content\/uploads\/2022\/12\/Jul_krybbespil_3-2048x1536.jpg 2048w, https:\/\/billed-bibel-samtale.dk\/wp-content\/uploads\/2022\/12\/Jul_krybbespil_3-508x381.jpg 508w\" sizes=\"auto, (max-width: 1024px) 100vw, 1024px\" \/><\/figure><div class=\"wp-block-media-text__content\">\n<p>Jul &#8211; krybbespil<\/p>\n\n\n\n<div class=\"wp-block-file\"><a href=\"https:\/\/billed-bibel-samtale.dk\/wp-content\/uploads\/2022\/12\/Jul_krybbespil_3-scaled.jpg\" class=\"wp-block-file__button wp-element-button\" download>Download<\/a><\/div>\n<\/div><\/div>\n\n\n\n<hr class=\"wp-block-separator has-text-color has-white-color has-alpha-channel-opacity has-white-background-color has-background\"\/>\n\n\n\n<div class=\"wp-block-media-text alignwide is-stacked-on-mobile\" style=\"grid-template-columns:70% auto\"><figure class=\"wp-block-media-text__media\"><img loading=\"lazy\" decoding=\"async\" width=\"1024\" height=\"768\" src=\"https:\/\/billed-bibel-samtale.dk\/wp-content\/uploads\/2022\/11\/Jul_julemand-1024x768.jpg\" alt=\"\" class=\"wp-image-300 size-full\" srcset=\"https:\/\/billed-bibel-samtale.dk\/wp-content\/uploads\/2022\/11\/Jul_julemand-1024x768.jpg 1024w, https:\/\/billed-bibel-samtale.dk\/wp-content\/uploads\/2022\/11\/Jul_julemand-300x225.jpg 300w, https:\/\/billed-bibel-samtale.dk\/wp-content\/uploads\/2022\/11\/Jul_julemand-768x576.jpg 768w, https:\/\/billed-bibel-samtale.dk\/wp-content\/uploads\/2022\/11\/Jul_julemand-1536x1152.jpg 1536w, https:\/\/billed-bibel-samtale.dk\/wp-content\/uploads\/2022\/11\/Jul_julemand-2048x1536.jpg 2048w, https:\/\/billed-bibel-samtale.dk\/wp-content\/uploads\/2022\/11\/Jul_julemand-508x381.jpg 508w\" sizes=\"auto, (max-width: 1024px) 100vw, 1024px\" \/><\/figure><div class=\"wp-block-media-text__content\">\n<p><\/p>\n\n\n\n<p>Jul &#8211; julemand<\/p>\n\n\n\n<div class=\"wp-block-file\"><a href=\"https:\/\/billed-bibel-samtale.dk\/wp-content\/uploads\/2022\/11\/Jul_julemand-scaled.jpg\" class=\"wp-block-file__button wp-element-button\" download>Download<\/a><\/div>\n<\/div><\/div>\n\n\n\n<hr class=\"wp-block-separator has-text-color has-white-color has-alpha-channel-opacity has-white-background-color has-background\"\/>\n\n\n\n<div class=\"wp-block-media-text alignwide is-stacked-on-mobile\" style=\"grid-template-columns:70% auto\"><figure class=\"wp-block-media-text__media\"><img loading=\"lazy\" decoding=\"async\" width=\"1024\" height=\"683\" src=\"https:\/\/billed-bibel-samtale.dk\/wp-content\/uploads\/2022\/11\/Jul_stjernehimmel_2-1024x683.jpg\" alt=\"\" class=\"wp-image-303 size-full\" srcset=\"https:\/\/billed-bibel-samtale.dk\/wp-content\/uploads\/2022\/11\/Jul_stjernehimmel_2-1024x683.jpg 1024w, https:\/\/billed-bibel-samtale.dk\/wp-content\/uploads\/2022\/11\/Jul_stjernehimmel_2-300x200.jpg 300w, https:\/\/billed-bibel-samtale.dk\/wp-content\/uploads\/2022\/11\/Jul_stjernehimmel_2-768x512.jpg 768w, https:\/\/billed-bibel-samtale.dk\/wp-content\/uploads\/2022\/11\/Jul_stjernehimmel_2-1536x1024.jpg 1536w, https:\/\/billed-bibel-samtale.dk\/wp-content\/uploads\/2022\/11\/Jul_stjernehimmel_2-2048x1365.jpg 2048w\" sizes=\"auto, (max-width: 1024px) 100vw, 1024px\" \/><\/figure><div class=\"wp-block-media-text__content\">\n<p>Jul &#8211; himmel<\/p>\n\n\n\n<div class=\"wp-block-file\"><a href=\"https:\/\/billed-bibel-samtale.dk\/wp-content\/uploads\/2022\/11\/Jul_stjernehimmel_2-scaled.jpg\" class=\"wp-block-file__button wp-element-button\" download>Download<\/a><\/div>\n<\/div><\/div>\n\n\n\n<hr class=\"wp-block-separator has-text-color has-white-color has-alpha-channel-opacity has-white-background-color has-background\"\/>\n\n\n\n<div class=\"wp-block-media-text alignwide is-stacked-on-mobile\" style=\"grid-template-columns:70% auto\"><figure class=\"wp-block-media-text__media\"><img loading=\"lazy\" decoding=\"async\" width=\"683\" height=\"1024\" src=\"https:\/\/billed-bibel-samtale.dk\/wp-content\/uploads\/2022\/11\/Jul_hytte-683x1024.jpg\" alt=\"\" class=\"wp-image-301 size-full\" srcset=\"https:\/\/billed-bibel-samtale.dk\/wp-content\/uploads\/2022\/11\/Jul_hytte-683x1024.jpg 683w, https:\/\/billed-bibel-samtale.dk\/wp-content\/uploads\/2022\/11\/Jul_hytte-200x300.jpg 200w, https:\/\/billed-bibel-samtale.dk\/wp-content\/uploads\/2022\/11\/Jul_hytte-768x1152.jpg 768w, https:\/\/billed-bibel-samtale.dk\/wp-content\/uploads\/2022\/11\/Jul_hytte-1024x1536.jpg 1024w, https:\/\/billed-bibel-samtale.dk\/wp-content\/uploads\/2022\/11\/Jul_hytte-1365x2048.jpg 1365w, https:\/\/billed-bibel-samtale.dk\/wp-content\/uploads\/2022\/11\/Jul_hytte-scaled.jpg 1707w\" sizes=\"auto, (max-width: 683px) 100vw, 683px\" \/><\/figure><div class=\"wp-block-media-text__content\">\n<p>Jul &#8211; hytte<\/p>\n\n\n\n<div class=\"wp-block-file\"><a href=\"https:\/\/billed-bibel-samtale.dk\/wp-content\/uploads\/2022\/11\/Jul_hytte-scaled.jpg\" class=\"wp-block-file__button wp-element-button\" download>Download<\/a><\/div>\n<\/div><\/div>\n\n\n\n<hr class=\"wp-block-separator has-text-color has-white-color has-alpha-channel-opacity has-white-background-color has-background\"\/>\n\n\n\n<hr class=\"wp-block-separator has-alpha-channel-opacity is-style-wide\"\/>\n\n\n\n<div class=\"wp-block-media-text alignwide\" style=\"grid-template-columns:15% auto\"><figure class=\"wp-block-media-text__media\"><img loading=\"lazy\" decoding=\"async\" width=\"250\" height=\"107\" src=\"https:\/\/billed-bibel-samtale.dk\/wp-content\/uploads\/2023\/01\/logo-250.jpg\" alt=\"\" class=\"wp-image-915 size-full\"\/><\/figure><div class=\"wp-block-media-text__content\">\n<p>Links til forskellige sider:<br><a href=\"https:\/\/billed-bibel-samtale.dk\/\">Forside<\/a> \/ <a href=\"https:\/\/billed-bibel-samtale.dk\/?page_id=62\">Jul<\/a> &#8211; <a href=\"https:\/\/billed-bibel-samtale.dk\/?page_id=9\">P\u00e5ske<\/a> &#8211; <a href=\"https:\/\/billed-bibel-samtale.dk\/?page_id=30\">Pinse<\/a> &#8211; <a href=\"https:\/\/billed-bibel-samtale.dk\/?page_id=119\">D\u00e5b<\/a> &#8211; <a href=\"https:\/\/billed-bibel-samtale.dk\/?page_id=856\">Fadervor<\/a> \/ <a href=\"https:\/\/billed-bibel-samtale.dk\/?page_id=408\">Salmer og sange<\/a> &#8211; <a href=\"https:\/\/billed-bibel-samtale.dk\/?page_id=529\">Noder<\/a> &#8211; <a href=\"https:\/\/billed-bibel-samtale.dk\/?page_id=489\">Tekster<\/a> &#8211; <a href=\"https:\/\/billed-bibel-samtale.dk\/?page_id=657\">Tegninger<\/a> &#8211; <a href=\"https:\/\/billed-bibel-samtale.dk\/?page_id=320\">Fotos<\/a> \/ <a href=\"https:\/\/billed-bibel-samtale.dk\/?page_id=807\">Nyttige Links<\/a> &#8211; <a href=\"https:\/\/billed-bibel-samtale.dk\/?page_id=153\">Erfaringer<\/a> &#8211; <a href=\"https:\/\/billed-bibel-samtale.dk\/?page_id=128\">Om billed-bibel-samtale\u2026<\/a> &#8211; <a href=\"https:\/\/billed-bibel-samtale.dk\/?page_id=56\">Kontakt os<\/a><\/p>\n<\/div><\/div>\n","protected":false},"excerpt":{"rendered":"<p>Fotos til brug for B\u00f8rnetjenesten til jul. Til anvendelse ved hver af de seks fester\/h\u00f8jtider stiller vi nogle fotos til<\/p>\n<p><a href=\"https:\/\/billed-bibel-samtale.dk\/?page_id=308\" class=\"more-link\">Continue reading<span class=\"screen-reader-text\">Fotos &#8211; jul<\/span><\/a><\/p>\n","protected":false},"author":1,"featured_media":0,"parent":0,"menu_order":0,"comment_status":"closed","ping_status":"closed","template":"templates\/full-width-page.php","meta":{"footnotes":""},"class_list":["post-308","page","type-page","status-publish","hentry"],"_links":{"self":[{"href":"https:\/\/billed-bibel-samtale.dk\/index.php?rest_route=\/wp\/v2\/pages\/308","targetHints":{"allow":["GET"]}}],"collection":[{"href":"https:\/\/billed-bibel-samtale.dk\/index.php?rest_route=\/wp\/v2\/pages"}],"about":[{"href":"https:\/\/billed-bibel-samtale.dk\/index.php?rest_route=\/wp\/v2\/types\/page"}],"author":[{"embeddable":true,"href":"https:\/\/billed-bibel-samtale.dk\/index.php?rest_route=\/wp\/v2\/users\/1"}],"replies":[{"embeddable":true,"href":"https:\/\/billed-bibel-samtale.dk\/index.php?rest_route=%2Fwp%2Fv2%2Fcomments&post=308"}],"version-history":[{"count":23,"href":"https:\/\/billed-bibel-samtale.dk\/index.php?rest_route=\/wp\/v2\/pages\/308\/revisions"}],"predecessor-version":[{"id":1105,"href":"https:\/\/billed-bibel-samtale.dk\/index.php?rest_route=\/wp\/v2\/pages\/308\/revisions\/1105"}],"wp:attachment":[{"href":"https:\/\/billed-bibel-samtale.dk\/index.php?rest_route=%2Fwp%2Fv2%2Fmedia&parent=308"}],"curies":[{"name":"wp","href":"https:\/\/api.w.org\/{rel}","templated":true}]}}