{"id":30,"date":"2022-08-16T16:56:16","date_gmt":"2022-08-16T16:56:16","guid":{"rendered":"https:\/\/billed-bibel-samtale.dk\/?page_id=30"},"modified":"2023-02-20T09:29:49","modified_gmt":"2023-02-20T08:29:49","slug":"pinse","status":"publish","type":"page","link":"https:\/\/billed-bibel-samtale.dk\/?page_id=30","title":{"rendered":"Pinse"},"content":{"rendered":"\n<figure class=\"wp-block-image size-large\"><img loading=\"lazy\" decoding=\"async\" width=\"450\" height=\"1024\" src=\"https:\/\/billed-bibel-samtale.dk\/wp-content\/uploads\/2023\/02\/Pinse_2048_n-450x1024.jpg\" alt=\"\" class=\"wp-image-944\" srcset=\"https:\/\/billed-bibel-samtale.dk\/wp-content\/uploads\/2023\/02\/Pinse_2048_n-450x1024.jpg 450w, https:\/\/billed-bibel-samtale.dk\/wp-content\/uploads\/2023\/02\/Pinse_2048_n-132x300.jpg 132w, https:\/\/billed-bibel-samtale.dk\/wp-content\/uploads\/2023\/02\/Pinse_2048_n-768x1748.jpg 768w, https:\/\/billed-bibel-samtale.dk\/wp-content\/uploads\/2023\/02\/Pinse_2048_n-675x1536.jpg 675w, https:\/\/billed-bibel-samtale.dk\/wp-content\/uploads\/2023\/02\/Pinse_2048_n.jpg 900w\" sizes=\"auto, (max-width: 450px) 100vw, 450px\" \/><\/figure>\n\n\n\n<p style=\"font-size:24px\"><strong>Forslag til anvendelse af pinsebanneret:<\/strong><\/p>\n\n\n\n<p>Forslagene til anvendelse tager udgangspunkt i f\u00f8lgende kategorier: Fort\u00e6llingen, g\u00e5 p\u00e5 opdagelse, viden, symboler, fortolkning og undren. Anvendelsen afh\u00e6nger selvf\u00f8lgelig af b\u00f8rnenes alder. Se eventuelt ogs\u00e5 metoden vedr\u00f8rende \u201cDet undrende f\u00e6llesskab\u201d i B\u00f8rnetjenestens materiale side 24-36.<\/p>\n\n\n\n<p><strong>B\u00f8rn:<\/strong><\/p>\n\n\n\n<ul class=\"wp-block-list\">\n<li>Som baggrund, n\u00e5r pinseberetningen fort\u00e6lles.<\/li>\n\n\n\n<li>Fors\u00f8g at pege p\u00e5 billederne, mens beretningen l\u00e6ses op.<\/li>\n\n\n\n<li>Hvem er personerne p\u00e5 billederne?<\/li>\n\n\n\n<li>Hvad ved I om personerne?<\/li>\n\n\n\n<li>Fort\u00e6l alt I ved om et af billederne.<\/li>\n\n\n\n<li>Fors\u00f8g at fort\u00e6lle hele historien.<\/li>\n\n\n\n<li>Hvordan fort\u00e6ller de forskellige b\u00f8rnebibler historien?<\/li>\n\n\n\n<li>G\u00e5 p\u00e5 opdagelse i pinsebanneret.<\/li>\n\n\n\n<li>Kan I finde duen, pinseliljen, rosen, \u2026?<\/li>\n\n\n\n<li>Hvad er et symbol?<\/li>\n\n\n\n<li>Hvilke symboler er der p\u00e5 banneret, og hvad betyder de?<\/li>\n\n\n\n<li>Hvorfor tror I, der er en sol til sidst p\u00e5 banneret?<\/li>\n<\/ul>\n\n\n\n<p><strong>Konfirmander og unge:<\/strong><\/p>\n\n\n\n<ul class=\"wp-block-list\">\n<li>Som baggrund, n\u00e5r pinseberetningen fort\u00e6lles.<\/li>\n\n\n\n<li>Hvem er personerne p\u00e5 billederne?<\/li>\n\n\n\n<li>Hvad ved I om personerne?<\/li>\n\n\n\n<li>Fort\u00e6l pinseberetningen med jeres egne ord. Anvend billederne i fort\u00e6llingen. Fik I det hele med, eller mangler der noget?<\/li>\n\n\n\n<li>V\u00e6lg p\u00e5 skift et billede og fort\u00e6l alt, I ved om billedet.<\/li>\n\n\n\n<li>Hvad er et symbol? Hvilke symboler kan I finde, og hvad betyder de?<\/li>\n\n\n\n<li>Hvilken salme knytter sig til den nederste tegning p\u00e5 banneret?<\/li>\n\n\n\n<li>Hvilken betydning har pinseberetningen?<\/li>\n\n\n\n<li>Er det sket i virkeligheden eller \u2026?<\/li>\n\n\n\n<li>Er der noget, I synes er m\u00e6rkeligt, eller som I undrer jer over?<\/li>\n\n\n\n<li>Hvordan vil I selv illustrere og fortolke historien?<\/li>\n\n\n\n<li>Kan I finde kunstbilleder, der illustrerer pinseberetningen, og hvilken forskel g\u00f8r det? <a href=\"https:\/\/billed-bibel-samtale.dk\/?page_id=807\" data-type=\"page\" data-id=\"807\">Se siden med Nyttige Links<\/a><\/li>\n<\/ul>\n\n\n\n<p><strong>Voksne:<\/strong><\/p>\n\n\n\n<ul class=\"wp-block-list\">\n<li>Som udsmykning eller baggrund ved andagter og gudstjenester p\u00e5 plejehjem og sygehuse.<\/li>\n\n\n\n<li>Som udsmykning i sogneg\u00e5rde, v\u00e5benhuse og kirker til pinse.<\/li>\n\n\n\n<li>I m\u00f8det mellem b\u00f8rn og voksne i pinsen, hvor der er mulighed for samtale.<\/li>\n\n\n\n<li>I kirken i forbindelse med pr\u00e6dikenen.<\/li>\n<\/ul>\n\n\n\n<p>En historie kan fort\u00e6lles p\u00e5 mange m\u00e5der. B\u00e5de af b\u00f8rnene selv og gennem forskellige bibelovers\u00e6ttelser og salmer. B\u00f8rnene kan m\u00f8de bannerne\/billedfort\u00e6llingerne igen ved andre begivenheder i kirken.<\/p>\n\n\n\n<hr class=\"wp-block-separator has-alpha-channel-opacity\"\/>\n\n\n\n<p style=\"font-size:24px\"><strong>Forslag til salmer og bibeltekster.<\/strong><\/p>\n\n\n\n<p>Vi har lavet nogle forslag til salmer og bibeltekster i relation til pinsebanneret. Det er kun forslag, andre muligheder findes, men det giver forh\u00e5bentlig et overblik. Forslag til salmer kan downloades fra denne side: <a href=\"https:\/\/billed-bibel-samtale.dk\/?page_id=408\" data-type=\"page\" data-id=\"408\">Se siden med salmer og sange<\/a><br>Tekstforslag kan downloades fra denne side: <a href=\"https:\/\/billed-bibel-samtale.dk\/?page_id=489\" data-type=\"page\" data-id=\"489\">Se siden med tekstforslag<\/a><\/p>\n\n\n\n<figure class=\"wp-block-image size-large\"><img loading=\"lazy\" decoding=\"async\" width=\"1024\" height=\"156\" src=\"https:\/\/billed-bibel-samtale.dk\/wp-content\/uploads\/2022\/08\/Pinse_salmer-1024x156.jpg\" alt=\"Eksempel p\u00e5 salmeforslag til pinse\" class=\"wp-image-29\" srcset=\"https:\/\/billed-bibel-samtale.dk\/wp-content\/uploads\/2022\/08\/Pinse_salmer-1024x156.jpg 1024w, https:\/\/billed-bibel-samtale.dk\/wp-content\/uploads\/2022\/08\/Pinse_salmer-300x46.jpg 300w, https:\/\/billed-bibel-samtale.dk\/wp-content\/uploads\/2022\/08\/Pinse_salmer-768x117.jpg 768w, https:\/\/billed-bibel-samtale.dk\/wp-content\/uploads\/2022\/08\/Pinse_salmer.jpg 1270w\" sizes=\"auto, (max-width: 1024px) 100vw, 1024px\" \/><figcaption class=\"wp-element-caption\"><em>Eksempel p\u00e5 forslag.<\/em><\/figcaption><\/figure>\n\n\n\n<hr class=\"wp-block-separator has-alpha-channel-opacity\"\/>\n\n\n\n<p style=\"font-size:24px\"><strong>Tegninger til farvel\u00e6gning og opgaver til b\u00f8rnene<\/strong>.<\/p>\n\n\n\n<p>Til hvert banner leverer vi tegninger til farvel\u00e6gning fra motiverne p\u00e5 banneret. Der kommer ogs\u00e5 en h\u00e5ndfuld opgaver vedr\u00f8rende temaet. Tegningerne kan anvendes som b\u00f8rneaktivitet under gudstjenester, ved b\u00f8rnehj\u00f8rner og til b\u00f8rnekonfirmander med mere.  <a href=\"https:\/\/billed-bibel-samtale.dk\/?page_id=657\" data-type=\"page\" data-id=\"657\">Se siden med tegninger<\/a><br>Tegninger leveres p\u00e5 USB-stik sammen med banneret. Nedenfor vises nogle f\u00e5 eksempler.<\/p>\n\n\n\n<figure class=\"wp-block-image size-full\"><img loading=\"lazy\" decoding=\"async\" width=\"1024\" height=\"201\" src=\"https:\/\/billed-bibel-samtale.dk\/wp-content\/uploads\/2022\/08\/Pinse_Tegning_Overview_Small.jpg\" alt=\"Eksempler p\u00e5 tegninger til farvel\u00e6gning vedr\u00f8rende pinse.\" class=\"wp-image-20\" srcset=\"https:\/\/billed-bibel-samtale.dk\/wp-content\/uploads\/2022\/08\/Pinse_Tegning_Overview_Small.jpg 1024w, https:\/\/billed-bibel-samtale.dk\/wp-content\/uploads\/2022\/08\/Pinse_Tegning_Overview_Small-300x59.jpg 300w, https:\/\/billed-bibel-samtale.dk\/wp-content\/uploads\/2022\/08\/Pinse_Tegning_Overview_Small-768x151.jpg 768w\" sizes=\"auto, (max-width: 1024px) 100vw, 1024px\" \/><figcaption class=\"wp-element-caption\"><em>Eksempler p\u00e5 tegninger til pinse.<\/em><\/figcaption><\/figure>\n\n\n\n<hr class=\"wp-block-separator has-alpha-channel-opacity\"\/>\n\n\n\n<p style=\"font-size:24px\"><strong>Fotos til brug for B\u00f8rnetjenesten til pinse.<\/strong><\/p>\n\n\n\n<p>Til anvendelse ved hver af de tre h\u00f8jtider stiller vi nogle fotos til r\u00e5dighed. Det er et supplement til B\u00f8rnetjenestens billeder. Billederne kan frit og gratis anvendes indenfor kirkelige aktiviteter \u2026\u2026.<br>Du kan f\u00e5 et overblik over alle fotos p\u00e5 denne side: <a href=\"https:\/\/billed-bibel-samtale.dk\/?page_id=320\" data-type=\"page\" data-id=\"320\">Se siden med fotos<\/a><\/p>\n\n\n\n<figure class=\"wp-block-image size-full\"><img loading=\"lazy\" decoding=\"async\" width=\"1024\" height=\"155\" src=\"https:\/\/billed-bibel-samtale.dk\/wp-content\/uploads\/2022\/08\/Pinse_Overview_Small.jpg\" alt=\"Eksempler p\u00e5 fotos til B\u00f8rnetjenesten vedr\u00f8rende pinse.\" class=\"wp-image-26\" srcset=\"https:\/\/billed-bibel-samtale.dk\/wp-content\/uploads\/2022\/08\/Pinse_Overview_Small.jpg 1024w, https:\/\/billed-bibel-samtale.dk\/wp-content\/uploads\/2022\/08\/Pinse_Overview_Small-300x45.jpg 300w, https:\/\/billed-bibel-samtale.dk\/wp-content\/uploads\/2022\/08\/Pinse_Overview_Small-768x116.jpg 768w\" sizes=\"auto, (max-width: 1024px) 100vw, 1024px\" \/><figcaption class=\"wp-element-caption\"><em>Eksempler p\u00e5 fotos til pinse.<\/em><\/figcaption><\/figure>\n\n\n\n<hr class=\"wp-block-separator has-text-color has-black-color has-alpha-channel-opacity has-black-background-color has-background is-style-wide\"\/>\n\n\n\n<div class=\"wp-block-media-text alignwide\" style=\"grid-template-columns:15% auto\"><figure class=\"wp-block-media-text__media\"><img loading=\"lazy\" decoding=\"async\" width=\"250\" height=\"107\" src=\"https:\/\/billed-bibel-samtale.dk\/wp-content\/uploads\/2023\/01\/logo-250.jpg\" alt=\"\" class=\"wp-image-915 size-full\"\/><\/figure><div class=\"wp-block-media-text__content\">\n<p>Links til forskellige sider:<br><a href=\"https:\/\/billed-bibel-samtale.dk\/\">Forside<\/a> \/ <a href=\"https:\/\/billed-bibel-samtale.dk\/?page_id=62\">Jul<\/a> &#8211; <a href=\"https:\/\/billed-bibel-samtale.dk\/?page_id=9\">P\u00e5ske<\/a> &#8211; <a href=\"https:\/\/billed-bibel-samtale.dk\/?page_id=30\">Pinse<\/a> &#8211; <a href=\"https:\/\/billed-bibel-samtale.dk\/?page_id=119\">D\u00e5b<\/a> &#8211; <a href=\"https:\/\/billed-bibel-samtale.dk\/?page_id=856\">Fadervor<\/a> \/ <a href=\"https:\/\/billed-bibel-samtale.dk\/?page_id=408\">Salmer og sange<\/a> &#8211; <a href=\"https:\/\/billed-bibel-samtale.dk\/?page_id=529\">Noder<\/a> &#8211; <a href=\"https:\/\/billed-bibel-samtale.dk\/?page_id=489\">Tekster<\/a> &#8211; <a href=\"https:\/\/billed-bibel-samtale.dk\/?page_id=657\">Tegninger<\/a> &#8211; <a href=\"https:\/\/billed-bibel-samtale.dk\/?page_id=320\">Fotos<\/a> \/ <a href=\"https:\/\/billed-bibel-samtale.dk\/?page_id=807\">Nyttige Links<\/a> &#8211; <a href=\"https:\/\/billed-bibel-samtale.dk\/?page_id=153\">Erfaringer<\/a> &#8211; <a href=\"https:\/\/billed-bibel-samtale.dk\/?page_id=128\">Om billed-bibel-samtale\u2026<\/a> &#8211; <a href=\"https:\/\/billed-bibel-samtale.dk\/?page_id=56\">Kontakt os<\/a><\/p>\n<\/div><\/div>\n","protected":false},"excerpt":{"rendered":"<p>Forslag til anvendelse af pinsebanneret: Forslagene til anvendelse tager udgangspunkt i f\u00f8lgende kategorier: Fort\u00e6llingen, g\u00e5 p\u00e5 opdagelse, viden, symboler, fortolkning<\/p>\n<p><a href=\"https:\/\/billed-bibel-samtale.dk\/?page_id=30\" class=\"more-link\">Continue reading<span class=\"screen-reader-text\">Pinse<\/span><\/a><\/p>\n","protected":false},"author":1,"featured_media":0,"parent":0,"menu_order":3,"comment_status":"closed","ping_status":"closed","template":"templates\/full-width-page.php","meta":{"footnotes":""},"class_list":["post-30","page","type-page","status-publish","hentry"],"_links":{"self":[{"href":"https:\/\/billed-bibel-samtale.dk\/index.php?rest_route=\/wp\/v2\/pages\/30","targetHints":{"allow":["GET"]}}],"collection":[{"href":"https:\/\/billed-bibel-samtale.dk\/index.php?rest_route=\/wp\/v2\/pages"}],"about":[{"href":"https:\/\/billed-bibel-samtale.dk\/index.php?rest_route=\/wp\/v2\/types\/page"}],"author":[{"embeddable":true,"href":"https:\/\/billed-bibel-samtale.dk\/index.php?rest_route=\/wp\/v2\/users\/1"}],"replies":[{"embeddable":true,"href":"https:\/\/billed-bibel-samtale.dk\/index.php?rest_route=%2Fwp%2Fv2%2Fcomments&post=30"}],"version-history":[{"count":34,"href":"https:\/\/billed-bibel-samtale.dk\/index.php?rest_route=\/wp\/v2\/pages\/30\/revisions"}],"predecessor-version":[{"id":1080,"href":"https:\/\/billed-bibel-samtale.dk\/index.php?rest_route=\/wp\/v2\/pages\/30\/revisions\/1080"}],"wp:attachment":[{"href":"https:\/\/billed-bibel-samtale.dk\/index.php?rest_route=%2Fwp%2Fv2%2Fmedia&parent=30"}],"curies":[{"name":"wp","href":"https:\/\/api.w.org\/{rel}","templated":true}]}}