{"id":153,"date":"2022-08-30T14:36:09","date_gmt":"2022-08-30T12:36:09","guid":{"rendered":"https:\/\/billed-bibel-samtale.dk\/?page_id=153"},"modified":"2023-02-20T09:17:40","modified_gmt":"2023-02-20T08:17:40","slug":"erfaringer","status":"publish","type":"page","link":"https:\/\/billed-bibel-samtale.dk\/?page_id=153","title":{"rendered":"Erfaringer"},"content":{"rendered":"\n<p>Vore materialer har allerede v\u00e6ret i brug forskellige steder i landet. Her er et par tilbagemeldinger.<\/p>\n\n\n\n<hr class=\"wp-block-separator has-alpha-channel-opacity\"\/>\n\n\n\n<div class=\"wp-block-columns is-layout-flex wp-container-core-columns-is-layout-9d6595d7 wp-block-columns-is-layout-flex\">\n<div class=\"wp-block-column is-layout-flow wp-block-column-is-layout-flow\" style=\"flex-basis:33.33%\">\n<figure class=\"wp-block-image size-full\"><img loading=\"lazy\" decoding=\"async\" width=\"1024\" height=\"768\" src=\"https:\/\/billed-bibel-samtale.dk\/wp-content\/uploads\/2022\/09\/Pinse_3b.jpg\" alt=\"\" class=\"wp-image-225\" srcset=\"https:\/\/billed-bibel-samtale.dk\/wp-content\/uploads\/2022\/09\/Pinse_3b.jpg 1024w, https:\/\/billed-bibel-samtale.dk\/wp-content\/uploads\/2022\/09\/Pinse_3b-300x225.jpg 300w, https:\/\/billed-bibel-samtale.dk\/wp-content\/uploads\/2022\/09\/Pinse_3b-768x576.jpg 768w, https:\/\/billed-bibel-samtale.dk\/wp-content\/uploads\/2022\/09\/Pinse_3b-508x381.jpg 508w\" sizes=\"auto, (max-width: 1024px) 100vw, 1024px\" \/><\/figure>\n\n\n\n<div style=\"height:20px\" aria-hidden=\"true\" class=\"wp-block-spacer\"><\/div>\n\n\n\n<figure class=\"wp-block-image size-large\"><img loading=\"lazy\" decoding=\"async\" width=\"451\" height=\"1024\" src=\"https:\/\/billed-bibel-samtale.dk\/wp-content\/uploads\/2022\/08\/Paaske_ROLLUPP_2048-451x1024.jpg\" alt=\"\" class=\"wp-image-13\" srcset=\"https:\/\/billed-bibel-samtale.dk\/wp-content\/uploads\/2022\/08\/Paaske_ROLLUPP_2048-451x1024.jpg 451w, https:\/\/billed-bibel-samtale.dk\/wp-content\/uploads\/2022\/08\/Paaske_ROLLUPP_2048-132x300.jpg 132w, https:\/\/billed-bibel-samtale.dk\/wp-content\/uploads\/2022\/08\/Paaske_ROLLUPP_2048-768x1746.jpg 768w, https:\/\/billed-bibel-samtale.dk\/wp-content\/uploads\/2022\/08\/Paaske_ROLLUPP_2048-676x1536.jpg 676w, https:\/\/billed-bibel-samtale.dk\/wp-content\/uploads\/2022\/08\/Paaske_ROLLUPP_2048.jpg 901w\" sizes=\"auto, (max-width: 451px) 100vw, 451px\" \/><\/figure>\n<\/div>\n\n\n\n<div class=\"wp-block-column is-layout-flow wp-block-column-is-layout-flow\" style=\"flex-basis:66.66%\">\n<p class=\"has-black-color has-text-color\"><strong>Hvad \u00f8jet ser husker vi!<\/strong><\/p>\n\n\n\n<p class=\"has-black-color has-text-color\">Synssansen er den st\u00e6rkeste af menneskets sanser og indtager mellem 80-90 % af alle de sanseindtryk, mennesket tager ind. Derfor er bannerne effektfulde at iagttage, s\u00e5vel til gudstjeneste i den voksne menighed; som benyttelse i al form for undervisning fra barn til konfirmand med flere.<\/p>\n\n\n\n<p class=\"has-black-color has-text-color\">&#8220;N\u00e5r noget kommer ind gennem linsen (\u00f8jet), sendes synsindtrykket videre til hjernen, som tolker for os, hvad vi ser!&#8221; Dette er forskere enige om!<\/p>\n\n\n\n<p class=\"has-black-color has-text-color\">N\u00e5r f.eks det 5-\u00e5rige b\u00f8rnehavebarn bem\u00e6rker, at Jesus &#8211; p\u00e5 p\u00e5skebanneret har et &#8220;kors ved navlen&#8221; og sp\u00f8rger: hvorfor har han det? \u2026\u2026. eller da vi ser p\u00e5 den tomme grav og en anden sp\u00f8rger: Hvordan&nbsp;<em>kan<\/em>&nbsp;man blive levende igen, n\u00e5r man er d\u00f8d? S\u00e5 er tolkningen begyndt, og dialogen er \u00e5ben.&nbsp;<\/p>\n\n\n\n<p class=\"has-black-color has-text-color\">N\u00e5r vi sammen t\u00e6ller flammer p\u00e5 pinsebanneret, s\u00e5 vi n\u00e6sten fornemmer ilden og alle vindpust; ja, da er vi i fuld gang med undervisning, refleksion og samtale. Vi danner billeder, vi l\u00e6rer og vi husker. Derved tager vi Gudsbilledet til os og med os, ubetinget alder og baggrund.<\/p>\n\n\n\n<p class=\"has-black-color has-text-color\">Hakons smukt illustrerede bannere knytter sig til \u201chj\u00f8rnestenene&#8221; i den kristne tro og er i stand til at danne forgrund eller baggrund til Bibelens ord &#8211; en sand og tiltr\u00e6ngt gave &#8211; lige det v\u00e6rkt\u00f8j, jeg l\u00e6nge har manglet.<\/p>\n\n\n\n<p class=\"has-black-color has-text-color\">OG det er utrolig let og hurtigt at have med sig; pakke ud ind. Dette betyder en hel del, et sted hvor opbevaringsplads og arbejdskraft kan v\u00e6re udfordret.&nbsp;<br><br><em>Grethe Nyeng Havnh\u00f8j, kordegn v\/L\u00e6s\u00f8 Kirk<\/em>er<\/p>\n<\/div>\n<\/div>\n\n\n\n<hr class=\"wp-block-separator has-alpha-channel-opacity\"\/>\n\n\n\n<div class=\"wp-block-columns is-layout-flex wp-container-core-columns-is-layout-9d6595d7 wp-block-columns-is-layout-flex\">\n<div class=\"wp-block-column is-layout-flow wp-block-column-is-layout-flow\" style=\"flex-basis:66.66%\">\n<p class=\"has-black-color has-text-color\"><strong>Bibelske bannere\u2026.<\/strong><\/p>\n\n\n\n<p class=\"has-black-color has-text-color\">Det sidste \u00e5rs tid har vi haft den store forn\u00f8jelse af nye bibelske tegninger i stor format.<\/p>\n\n\n\n<p class=\"has-black-color has-text-color\">Tegner Hakons fine tegninger til kirke\u00e5rets h\u00f8jtider har v\u00e6ret brugt til kirkeg\u00e6ngere i alle aldre, fra sm\u00e5b\u00f8rns- til \u00e6ldrearrangementer. De har st\u00e5et i kirkerne i juletiden. I p\u00e5skeugen og pinsedag var alle tre bannere med i Tolne Skov til en stor friluftsgudstjeneste. De bringer liv og farver, variation og fornyelse til kirkerummet \u2013 og s\u00e5 er de uhyre nemme at h\u00e5ndtere og opbevare i den medf\u00f8lgende taske, n\u00e5r de ikke er i brug. De bibelske bannere anbefales varmt til alle, der gerne vil fort\u00e6lle kvalificeret bibelhistorie til unge og \u00e6ldre\u2026..<br><br><em>Lise Munk Petersen, sognepr\u00e6st ved De fem Kirker, Hj\u00f8rring nordre Provsti<\/em><\/p>\n<\/div>\n\n\n\n<div class=\"wp-block-column is-layout-flow wp-block-column-is-layout-flow\" style=\"flex-basis:33.33%\">\n<div style=\"height:15px\" aria-hidden=\"true\" class=\"wp-block-spacer\"><\/div>\n\n\n\n<figure class=\"wp-block-image size-large is-style-default\"><img loading=\"lazy\" decoding=\"async\" width=\"1024\" height=\"911\" src=\"https:\/\/billed-bibel-samtale.dk\/wp-content\/uploads\/2022\/08\/Banner_i_skoven-1024x911.jpg\" alt=\"\" class=\"wp-image-115\" srcset=\"https:\/\/billed-bibel-samtale.dk\/wp-content\/uploads\/2022\/08\/Banner_i_skoven-1024x911.jpg 1024w, https:\/\/billed-bibel-samtale.dk\/wp-content\/uploads\/2022\/08\/Banner_i_skoven-300x267.jpg 300w, https:\/\/billed-bibel-samtale.dk\/wp-content\/uploads\/2022\/08\/Banner_i_skoven-768x683.jpg 768w, https:\/\/billed-bibel-samtale.dk\/wp-content\/uploads\/2022\/08\/Banner_i_skoven-1536x1366.jpg 1536w, https:\/\/billed-bibel-samtale.dk\/wp-content\/uploads\/2022\/08\/Banner_i_skoven-2048x1821.jpg 2048w\" sizes=\"auto, (max-width: 1024px) 100vw, 1024px\" \/><figcaption class=\"wp-element-caption\"><em>Gudstjeneste i skoven.<\/em><\/figcaption><\/figure>\n<\/div>\n<\/div>\n\n\n\n<p><\/p>\n\n\n\n<hr class=\"wp-block-separator has-alpha-channel-opacity is-style-wide\"\/>\n\n\n\n<div class=\"wp-block-media-text alignwide\" style=\"grid-template-columns:15% auto\"><figure class=\"wp-block-media-text__media\"><img loading=\"lazy\" decoding=\"async\" width=\"250\" height=\"107\" src=\"https:\/\/billed-bibel-samtale.dk\/wp-content\/uploads\/2023\/01\/logo-250.jpg\" alt=\"\" class=\"wp-image-915 size-full\"\/><\/figure><div class=\"wp-block-media-text__content\">\n<p>Links til forskellige sider:<br><a href=\"https:\/\/billed-bibel-samtale.dk\/\">Forside<\/a> \/ <a href=\"https:\/\/billed-bibel-samtale.dk\/?page_id=62\">Jul<\/a> &#8211; <a href=\"https:\/\/billed-bibel-samtale.dk\/?page_id=9\">P\u00e5ske<\/a> &#8211; <a href=\"https:\/\/billed-bibel-samtale.dk\/?page_id=30\">Pinse<\/a> &#8211; <a href=\"https:\/\/billed-bibel-samtale.dk\/?page_id=119\">D\u00e5b<\/a> &#8211; <a href=\"https:\/\/billed-bibel-samtale.dk\/?page_id=856\">Fadervor<\/a> \/ <a href=\"https:\/\/billed-bibel-samtale.dk\/?page_id=408\">Salmer og sange<\/a> &#8211; <a href=\"https:\/\/billed-bibel-samtale.dk\/?page_id=529\">Noder<\/a> &#8211; <a href=\"https:\/\/billed-bibel-samtale.dk\/?page_id=489\">Tekster<\/a> &#8211; <a href=\"https:\/\/billed-bibel-samtale.dk\/?page_id=657\">Tegninger<\/a> &#8211; <a href=\"https:\/\/billed-bibel-samtale.dk\/?page_id=320\">Fotos<\/a> \/ <a href=\"https:\/\/billed-bibel-samtale.dk\/?page_id=807\">Nyttige Links<\/a> &#8211; <a href=\"https:\/\/billed-bibel-samtale.dk\/?page_id=153\">Erfaringer<\/a> &#8211; <a href=\"https:\/\/billed-bibel-samtale.dk\/?page_id=128\">Om billed-bibel-samtale\u2026<\/a> &#8211; <a href=\"https:\/\/billed-bibel-samtale.dk\/?page_id=56\">Kontakt os<\/a><\/p>\n<\/div><\/div>\n","protected":false},"excerpt":{"rendered":"<p>Vore materialer har allerede v\u00e6ret i brug forskellige steder i landet. Her er et par tilbagemeldinger. Hvad \u00f8jet ser husker<\/p>\n<p><a href=\"https:\/\/billed-bibel-samtale.dk\/?page_id=153\" class=\"more-link\">Continue reading<span class=\"screen-reader-text\">Erfaringer<\/span><\/a><\/p>\n","protected":false},"author":1,"featured_media":0,"parent":0,"menu_order":0,"comment_status":"closed","ping_status":"closed","template":"templates\/full-width-page.php","meta":{"footnotes":""},"class_list":["post-153","page","type-page","status-publish","hentry"],"_links":{"self":[{"href":"https:\/\/billed-bibel-samtale.dk\/index.php?rest_route=\/wp\/v2\/pages\/153","targetHints":{"allow":["GET"]}}],"collection":[{"href":"https:\/\/billed-bibel-samtale.dk\/index.php?rest_route=\/wp\/v2\/pages"}],"about":[{"href":"https:\/\/billed-bibel-samtale.dk\/index.php?rest_route=\/wp\/v2\/types\/page"}],"author":[{"embeddable":true,"href":"https:\/\/billed-bibel-samtale.dk\/index.php?rest_route=\/wp\/v2\/users\/1"}],"replies":[{"embeddable":true,"href":"https:\/\/billed-bibel-samtale.dk\/index.php?rest_route=%2Fwp%2Fv2%2Fcomments&post=153"}],"version-history":[{"count":17,"href":"https:\/\/billed-bibel-samtale.dk\/index.php?rest_route=\/wp\/v2\/pages\/153\/revisions"}],"predecessor-version":[{"id":1063,"href":"https:\/\/billed-bibel-samtale.dk\/index.php?rest_route=\/wp\/v2\/pages\/153\/revisions\/1063"}],"wp:attachment":[{"href":"https:\/\/billed-bibel-samtale.dk\/index.php?rest_route=%2Fwp%2Fv2%2Fmedia&parent=153"}],"curies":[{"name":"wp","href":"https:\/\/api.w.org\/{rel}","templated":true}]}}