{"id":119,"date":"2022-08-18T19:40:37","date_gmt":"2022-08-18T17:40:37","guid":{"rendered":"https:\/\/billed-bibel-samtale.dk\/?page_id=119"},"modified":"2023-02-20T09:30:26","modified_gmt":"2023-02-20T08:30:26","slug":"daab","status":"publish","type":"page","link":"https:\/\/billed-bibel-samtale.dk\/?page_id=119","title":{"rendered":"D\u00e5b"},"content":{"rendered":"\n<figure class=\"wp-block-image size-large\"><img loading=\"lazy\" decoding=\"async\" width=\"447\" height=\"1024\" src=\"https:\/\/billed-bibel-samtale.dk\/wp-content\/uploads\/2022\/08\/RollUp_DAAB_2048-447x1024.jpg\" alt=\"D\u00e5bsbanner\" class=\"wp-image-120\" srcset=\"https:\/\/billed-bibel-samtale.dk\/wp-content\/uploads\/2022\/08\/RollUp_DAAB_2048-447x1024.jpg 447w, https:\/\/billed-bibel-samtale.dk\/wp-content\/uploads\/2022\/08\/RollUp_DAAB_2048-131x300.jpg 131w, https:\/\/billed-bibel-samtale.dk\/wp-content\/uploads\/2022\/08\/RollUp_DAAB_2048-768x1759.jpg 768w, https:\/\/billed-bibel-samtale.dk\/wp-content\/uploads\/2022\/08\/RollUp_DAAB_2048-671x1536.jpg 671w, https:\/\/billed-bibel-samtale.dk\/wp-content\/uploads\/2022\/08\/RollUp_DAAB_2048.jpg 894w\" sizes=\"auto, (max-width: 447px) 100vw, 447px\" \/><\/figure>\n\n\n\n<p>D\u00e5bsbanneret tager udgangspunkt i Folkekirkens d\u00e5bsritual og de bibeltekster, der er anf\u00f8rt p\u00e5 d\u00e5bsbanneret.<\/p>\n\n\n\n<p style=\"font-size:24px\"><strong>Forslag til anvendelse af d\u00e5bsbanneret:<\/strong><\/p>\n\n\n\n<ul class=\"wp-block-list\">\n<li>Som baggrund og udsmykning ved d\u00e5bsgudstjenester, familiegudstjenester.<\/li>\n\n\n\n<li>Som udgangspunkt for samtaler med b\u00f8rn i forbindelse med d\u00e5b, familiegudstjenester, b\u00f8rnearbejde, b\u00f8rnekonfirmander og konfirmander.<\/li>\n<\/ul>\n\n\n\n<p><strong>Ved samtaler:<\/strong><\/p>\n\n\n\n<ul class=\"wp-block-list\">\n<li>G\u00e5 p\u00e5 opdagelse i billederne.<\/li>\n\n\n\n<li>Hvad kan I se?<\/li>\n\n\n\n<li>Er der noget, I synes er m\u00e6rkeligt, eller som I undrer jer over?<\/li>\n\n\n\n<li>Hvor mange lys er der? Hvad kan de betyde?<\/li>\n\n\n\n<li>Hvor mange dr\u00e5ber er der? Hvad kan de betyde?<\/li>\n\n\n\n<li>Hvad er et symbol? Hvilke symboler kan I finde og hvad betyder de?<\/li>\n\n\n\n<li>Hvorfor tror du, b\u00f8rn bliver d\u00f8bt?<\/li>\n\n\n\n<li>Hvad tror du, d\u00e5ben kan betyde?<\/li>\n<\/ul>\n\n\n\n<hr class=\"wp-block-separator has-alpha-channel-opacity\"\/>\n\n\n\n<p style=\"font-size:24px\"><strong>Forslag til salmer og bibeltekster.<\/strong><\/p>\n\n\n\n<p>Vi har lavet nogle forslag til salmer og bibeltekster i relation til d\u00e5bsbanneret. Det er kun forslag, andre muligheder findes, men det giver forh\u00e5bentlig et overblik. Forslag til salmer kan downloades fra denne side: <a href=\"https:\/\/billed-bibel-samtale.dk\/?page_id=408\" data-type=\"page\" data-id=\"408\">Se siden med salmer og sange<\/a><br>Tekstforslag kan downloades fra denne side: <a href=\"https:\/\/billed-bibel-samtale.dk\/?page_id=489\" data-type=\"page\" data-id=\"489\">Se siden med tekstforslag<\/a><\/p>\n\n\n\n<figure class=\"wp-block-image size-large\"><img loading=\"lazy\" decoding=\"async\" width=\"1024\" height=\"239\" src=\"https:\/\/billed-bibel-samtale.dk\/wp-content\/uploads\/2022\/11\/Daab_Salmer-1024x239.jpg\" alt=\"\" class=\"wp-image-426\" srcset=\"https:\/\/billed-bibel-samtale.dk\/wp-content\/uploads\/2022\/11\/Daab_Salmer-1024x239.jpg 1024w, https:\/\/billed-bibel-samtale.dk\/wp-content\/uploads\/2022\/11\/Daab_Salmer-300x70.jpg 300w, https:\/\/billed-bibel-samtale.dk\/wp-content\/uploads\/2022\/11\/Daab_Salmer-768x179.jpg 768w, https:\/\/billed-bibel-samtale.dk\/wp-content\/uploads\/2022\/11\/Daab_Salmer.jpg 1149w\" sizes=\"auto, (max-width: 1024px) 100vw, 1024px\" \/><figcaption class=\"wp-element-caption\"><em>Eksempel p\u00e5 forslag til d\u00e5b<\/em>.<\/figcaption><\/figure>\n\n\n\n<hr class=\"wp-block-separator has-alpha-channel-opacity\"\/>\n\n\n\n<p style=\"font-size:24px\"><strong>Tegninger til farvel\u00e6gning og opgaver til b\u00f8rnene<\/strong>.<\/p>\n\n\n\n<p>Til hvert banner leverer vi tegninger til farvel\u00e6gning fra motiverne p\u00e5 banneret. Der kommer ogs\u00e5 en h\u00e5ndfuld opgaver vedr\u00f8rende temaet. Tegningerne kan anvendes som b\u00f8rneaktivitet under gudstjenester, ved b\u00f8rnehj\u00f8rner og til b\u00f8rnekonfirmander med mere.  <a href=\"https:\/\/billed-bibel-samtale.dk\/?page_id=657\" data-type=\"page\" data-id=\"657\">Se siden med tegninger<\/a><br>Tegninger leveres p\u00e5 USB-stik sammen med banneret. Nedenfor vises nogle f\u00e5 eksempler.<\/p>\n\n\n\n<figure class=\"wp-block-image size-full\"><img loading=\"lazy\" decoding=\"async\" width=\"1024\" height=\"272\" src=\"https:\/\/billed-bibel-samtale.dk\/wp-content\/uploads\/2022\/08\/Overview_Daab_small.jpg\" alt=\"Eksempler p\u00e5 tegninger til farvel\u00e6gning vedr\u00f8rende d\u00e5ben.\" class=\"wp-image-142\" srcset=\"https:\/\/billed-bibel-samtale.dk\/wp-content\/uploads\/2022\/08\/Overview_Daab_small.jpg 1024w, https:\/\/billed-bibel-samtale.dk\/wp-content\/uploads\/2022\/08\/Overview_Daab_small-300x80.jpg 300w, https:\/\/billed-bibel-samtale.dk\/wp-content\/uploads\/2022\/08\/Overview_Daab_small-768x204.jpg 768w\" sizes=\"auto, (max-width: 1024px) 100vw, 1024px\" \/><figcaption class=\"wp-element-caption\"><em>Eksempler p\u00e5 tegninger til d\u00e5b.<\/em><\/figcaption><\/figure>\n\n\n\n<hr class=\"wp-block-separator has-text-color has-black-color has-alpha-channel-opacity has-black-background-color has-background is-style-wide\"\/>\n\n\n\n<div class=\"wp-block-media-text alignwide\" style=\"grid-template-columns:15% auto\"><figure class=\"wp-block-media-text__media\"><img loading=\"lazy\" decoding=\"async\" width=\"250\" height=\"107\" src=\"https:\/\/billed-bibel-samtale.dk\/wp-content\/uploads\/2023\/01\/logo-250.jpg\" alt=\"\" class=\"wp-image-915 size-full\"\/><\/figure><div class=\"wp-block-media-text__content\">\n<p>Links til forskellige sider:<br><a href=\"https:\/\/billed-bibel-samtale.dk\/\">Forside<\/a> \/ <a href=\"https:\/\/billed-bibel-samtale.dk\/?page_id=62\">Jul<\/a> &#8211; <a href=\"https:\/\/billed-bibel-samtale.dk\/?page_id=9\">P\u00e5ske<\/a> &#8211; <a href=\"https:\/\/billed-bibel-samtale.dk\/?page_id=30\">Pinse<\/a> &#8211; <a href=\"https:\/\/billed-bibel-samtale.dk\/?page_id=119\">D\u00e5b<\/a> &#8211; <a href=\"https:\/\/billed-bibel-samtale.dk\/?page_id=856\">Fadervor<\/a> \/ <a href=\"https:\/\/billed-bibel-samtale.dk\/?page_id=408\">Salmer og sange<\/a> &#8211; <a href=\"https:\/\/billed-bibel-samtale.dk\/?page_id=529\">Noder<\/a> &#8211; <a href=\"https:\/\/billed-bibel-samtale.dk\/?page_id=489\">Tekster<\/a> &#8211; <a href=\"https:\/\/billed-bibel-samtale.dk\/?page_id=657\">Tegninger<\/a> &#8211; <a href=\"https:\/\/billed-bibel-samtale.dk\/?page_id=320\">Fotos<\/a> \/ <a href=\"https:\/\/billed-bibel-samtale.dk\/?page_id=807\">Nyttige Links<\/a> &#8211; <a href=\"https:\/\/billed-bibel-samtale.dk\/?page_id=153\">Erfaringer<\/a> &#8211; <a href=\"https:\/\/billed-bibel-samtale.dk\/?page_id=128\">Om billed-bibel-samtale\u2026<\/a> &#8211; <a href=\"https:\/\/billed-bibel-samtale.dk\/?page_id=56\">Kontakt os<\/a><\/p>\n<\/div><\/div>\n","protected":false},"excerpt":{"rendered":"<p>D\u00e5bsbanneret tager udgangspunkt i Folkekirkens d\u00e5bsritual og de bibeltekster, der er anf\u00f8rt p\u00e5 d\u00e5bsbanneret. Forslag til anvendelse af d\u00e5bsbanneret: Ved<\/p>\n<p><a href=\"https:\/\/billed-bibel-samtale.dk\/?page_id=119\" class=\"more-link\">Continue reading<span class=\"screen-reader-text\">D\u00e5b<\/span><\/a><\/p>\n","protected":false},"author":1,"featured_media":0,"parent":0,"menu_order":4,"comment_status":"closed","ping_status":"closed","template":"templates\/full-width-page.php","meta":{"footnotes":""},"class_list":["post-119","page","type-page","status-publish","hentry"],"_links":{"self":[{"href":"https:\/\/billed-bibel-samtale.dk\/index.php?rest_route=\/wp\/v2\/pages\/119","targetHints":{"allow":["GET"]}}],"collection":[{"href":"https:\/\/billed-bibel-samtale.dk\/index.php?rest_route=\/wp\/v2\/pages"}],"about":[{"href":"https:\/\/billed-bibel-samtale.dk\/index.php?rest_route=\/wp\/v2\/types\/page"}],"author":[{"embeddable":true,"href":"https:\/\/billed-bibel-samtale.dk\/index.php?rest_route=\/wp\/v2\/users\/1"}],"replies":[{"embeddable":true,"href":"https:\/\/billed-bibel-samtale.dk\/index.php?rest_route=%2Fwp%2Fv2%2Fcomments&post=119"}],"version-history":[{"count":20,"href":"https:\/\/billed-bibel-samtale.dk\/index.php?rest_route=\/wp\/v2\/pages\/119\/revisions"}],"predecessor-version":[{"id":1081,"href":"https:\/\/billed-bibel-samtale.dk\/index.php?rest_route=\/wp\/v2\/pages\/119\/revisions\/1081"}],"wp:attachment":[{"href":"https:\/\/billed-bibel-samtale.dk\/index.php?rest_route=%2Fwp%2Fv2%2Fmedia&parent=119"}],"curies":[{"name":"wp","href":"https:\/\/api.w.org\/{rel}","templated":true}]}}